{"id":4197,"date":"2022-01-16T12:55:07","date_gmt":"2022-01-16T03:55:07","guid":{"rendered":"https:\/\/luxurytoursjapan.com\/top-2\/"},"modified":"2022-02-17T19:19:26","modified_gmt":"2022-02-17T10:19:26","slug":"top-2","status":"publish","type":"page","link":"https:\/\/luxurytoursjapan.com\/vi\/","title":{"rendered":"Top"},"content":{"rendered":"<p><div class=\"fusion-fullwidth fullwidth-box fusion-builder-row-1 fusion-flex-container nonhundred-percent-fullwidth non-hundred-percent-height-scrolling\" style=\"background-color: rgba(255,255,255,0);background-position: center center;background-repeat: no-repeat;border-width: 0px 0px 0px 0px;border-color:#eae9e9;border-style:solid;\" ><div class=\"fusion-builder-row fusion-row fusion-flex-align-items-flex-start\" style=\"max-width:1144px;margin-left: calc(-4% \/ 2 );margin-right: calc(-4% \/ 2 );\"><div class=\"fusion-layout-column fusion_builder_column fusion-builder-column-0 fusion_builder_column_1_1 1_1 fusion-flex-column\"><div class=\"fusion-column-wrapper fusion-flex-justify-content-flex-start fusion-content-layout-column\" style=\"background-position:left top;background-repeat:no-repeat;-webkit-background-size:cover;-moz-background-size:cover;-o-background-size:cover;background-size:cover;padding: 0px 0px 0px 0px;\">\n<div class=\"fusion-slider-revolution rev_slider_wrapper\">\t\t\t<!-- START Top2 REVOLUTION SLIDER 6.5.15 --><p class=\"rs-p-wp-fix\"><\/p>\n\t\t\t<rs-module-wrap id=\"rev_slider_11_1_wrapper\" data-source=\"gallery\" style=\"visibility:hidden;background:transparent;padding:0;margin:0px auto;margin-top:0;margin-bottom:0;\">\n\t\t\t\t<rs-module id=\"rev_slider_11_1\" style=\"\" data-version=\"6.5.15\">\n\t\t\t\t\t<rs-slides>\n\t\t\t\t\t\t<rs-slide style=\"position: absolute;\" data-key=\"rs-54\" data-title=\"Slide\" data-duration=\"120000ms\" data-in=\"o:0;\" data-out=\"a:false;\">\n\t\t\t\t\t\t\t<img src=\"\/\/luxurytoursjapan.com\/wp-content\/plugins\/revslider\/public\/assets\/assets\/dummy.png\" alt=\"Slide\" title=\"Top\" class=\"rev-slidebg tp-rs-img rs-lazyload\" data-lazyload=\"\/\/luxurytoursjapan.com\/wp-content\/plugins\/revslider\/public\/assets\/assets\/transparent.png\" data-no-retina>\n<!--\n\t\t\t\t\t\t\t--><rs-layer\n\t\t\t\t\t\t\t\tid=\"slider-11-slide-54-layer-1\" \n\t\t\t\t\t\t\t\tclass=\"intrinsic-ignore\"\n\t\t\t\t\t\t\t\tdata-type=\"text\"\n\t\t\t\t\t\t\t\tdata-xy=\"x:c;y:m;\"\n\t\t\t\t\t\t\t\tdata-text=\"w:normal;\"\n\t\t\t\t\t\t\t\tdata-dim=\"w:100%;\"\n\t\t\t\t\t\t\t\tdata-basealign=\"slide\"\n\t\t\t\t\t\t\t\tdata-rsp_o=\"off\"\n\t\t\t\t\t\t\t\tdata-rsp_bd=\"off\"\n\t\t\t\t\t\t\t\tdata-frame_999=\"o:0;st:w;sR:4700;\"\n\t\t\t\t\t\t\t\tstyle=\"z-index:8;font-family:'Roboto';\"\n\t\t\t\t\t\t\t><iframe  type=\"text\/html\"  width=\"1920\" height=\"1080\" src=\"https:\/\/www.youtube.com\/embed\/jMsU6WXOF3o?&autoplay=1&mute=1&rel=0&frameborder=0&loop=1\"><\/iframe> \n\t\t\t\t\t\t\t<\/rs-layer><!--\n-->\t\t\t\t\t\t<\/rs-slide>\n\t\t\t\t\t\t<rs-slide style=\"position: absolute;\" data-key=\"rs-47\" data-title=\"Slide\" data-in=\"o:0;\" data-out=\"a:false;\">\n\t\t\t\t\t\t\t<img src=\"\/\/luxurytoursjapan.com\/wp-content\/plugins\/revslider\/public\/assets\/assets\/dummy.png\" alt=\"\" title=\"top_sakura-scaled-1.jpg\" width=\"1920\" height=\"1280\" class=\"rev-slidebg tp-rs-img rs-lazyload\" data-lazyload=\"\/\/luxurytoursjapan.com\/wp-content\/uploads\/revslider\/slider-2\/top_sakura-scaled-1.jpg\" data-no-retina>\n<!---->\t\t\t\t\t\t<\/rs-slide>\n\t\t\t\t\t\t<rs-slide style=\"position: absolute;\" data-key=\"rs-48\" data-title=\"Slide\" data-in=\"o:0;\" data-out=\"a:false;\">\n\t\t\t\t\t\t\t<img src=\"\/\/luxurytoursjapan.com\/wp-content\/plugins\/revslider\/public\/assets\/assets\/dummy.png\" alt=\"\" title=\"05\" width=\"1920\" height=\"1280\" class=\"rev-slidebg tp-rs-img rs-lazyload\" data-lazyload=\"\/\/luxurytoursjapan.com\/wp-content\/uploads\/2019\/12\/05-1.jpg\" data-panzoom=\"d:6000ms;ss:100;se:110%;\" data-no-retina>\n<!---->\t\t\t\t\t\t<\/rs-slide>\n\t\t\t\t\t\t<rs-slide style=\"position: absolute;\" data-key=\"rs-49\" data-title=\"Slide\" data-in=\"o:0;\" data-out=\"a:false;\">\n\t\t\t\t\t\t\t<img src=\"\/\/luxurytoursjapan.com\/wp-content\/plugins\/revslider\/public\/assets\/assets\/dummy.png\" alt=\"\" title=\"top03\" width=\"1920\" height=\"1280\" class=\"rev-slidebg tp-rs-img rs-lazyload\" data-lazyload=\"\/\/luxurytoursjapan.com\/wp-content\/uploads\/2021\/07\/top03.jpg\" data-panzoom=\"d:7000ms;ss:100;se:110%;\" data-no-retina>\n<!---->\t\t\t\t\t\t<\/rs-slide>\n\t\t\t\t\t\t<rs-slide style=\"position: absolute;\" data-key=\"rs-50\" data-title=\"Slide\" data-in=\"o:0;\" data-out=\"a:false;\">\n\t\t\t\t\t\t\t<img src=\"\/\/luxurytoursjapan.com\/wp-content\/plugins\/revslider\/public\/assets\/assets\/dummy.png\" alt=\"\" title=\"top04\" width=\"1920\" height=\"1280\" class=\"rev-slidebg tp-rs-img rs-lazyload\" data-lazyload=\"\/\/luxurytoursjapan.com\/wp-content\/uploads\/2021\/07\/top04-scaled.jpg\" data-panzoom=\"d:7000ms;ss:100;se:110%;\" data-no-retina>\n<!---->\t\t\t\t\t\t<\/rs-slide>\n\t\t\t\t\t\t<rs-slide style=\"position: absolute;\" data-key=\"rs-51\" data-title=\"Slide\" data-in=\"o:0;\" data-out=\"a:false;\">\n\t\t\t\t\t\t\t<img src=\"\/\/luxurytoursjapan.com\/wp-content\/plugins\/revslider\/public\/assets\/assets\/dummy.png\" alt=\"\" title=\"top05\" width=\"1106\" height=\"830\" class=\"rev-slidebg tp-rs-img rs-lazyload\" data-lazyload=\"\/\/luxurytoursjapan.com\/wp-content\/uploads\/2021\/07\/top05.jpg\" data-panzoom=\"d:7000ms;ss:100;se:110%;\" data-no-retina>\n<!---->\t\t\t\t\t\t<\/rs-slide>\n\t\t\t\t\t\t<rs-slide style=\"position: absolute;\" data-key=\"rs-52\" data-title=\"Slide\" data-in=\"o:0;\" data-out=\"a:false;\">\n\t\t\t\t\t\t\t<img src=\"\/\/luxurytoursjapan.com\/wp-content\/plugins\/revslider\/public\/assets\/assets\/dummy.png\" alt=\"\" title=\"top06\" width=\"1920\" height=\"1272\" class=\"rev-slidebg tp-rs-img rs-lazyload\" data-lazyload=\"\/\/luxurytoursjapan.com\/wp-content\/uploads\/2021\/07\/top06-scaled.jpg\" data-panzoom=\"d:7000ms;ss:100;se:110%;\" data-no-retina>\n<!---->\t\t\t\t\t\t<\/rs-slide>\n\t\t\t\t\t\t<rs-slide style=\"position: absolute;\" data-key=\"rs-53\" data-title=\"Slide\" data-in=\"o:0;\" data-out=\"a:false;\">\n\t\t\t\t\t\t\t<img src=\"\/\/luxurytoursjapan.com\/wp-content\/plugins\/revslider\/public\/assets\/assets\/dummy.png\" alt=\"\" title=\"top07\" width=\"950\" height=\"637\" class=\"rev-slidebg tp-rs-img rs-lazyload\" data-lazyload=\"\/\/luxurytoursjapan.com\/wp-content\/uploads\/2021\/07\/top07.jpg\" data-panzoom=\"d:7000ms;ss:100;se:110%;\" data-no-retina>\n<!---->\t\t\t\t\t\t<\/rs-slide>\n\t\t\t\t\t<\/rs-slides>\n\t\t\t\t\t<rs-static-layers><!--\n\t\t\t\t\t--><\/rs-static-layers>\n\t\t\t\t<\/rs-module>\n\t\t\t\t<script>\n\t\t\t\t\tsetREVStartSize({c: 'rev_slider_11_1',rl:[1240,1240,778,480],el:[1080,1080,960,600],gw:[1920,1920,778,480],gh:[1080,1080,450,280],type:'standard',justify:'',layout:'fullwidth',mh:\"0\"});if (window.RS_MODULES!==undefined && window.RS_MODULES.modules!==undefined && window.RS_MODULES.modules[\"revslider111\"]!==undefined) {window.RS_MODULES.modules[\"revslider111\"].once = false;window.revapi11 = undefined;if (window.RS_MODULES.checkMinimal!==undefined) window.RS_MODULES.checkMinimal()}\n\t\t\t\t<\/script>\n\t\t\t<\/rs-module-wrap>\n\t\t\t<!-- END REVOLUTION SLIDER -->\n<\/div><\/div><style type=\"text\/css\">.fusion-body .fusion-builder-column-0{width:100% !important;margin-top : 0px;margin-bottom : 20px;}.fusion-builder-column-0 > .fusion-column-wrapper {padding-top : 0px !important;padding-right : 0px !important;margin-right : 1.92%;padding-bottom : 0px !important;padding-left : 0px !important;margin-left : 1.92%;}@media only screen and (max-width:1024px) {.fusion-body .fusion-builder-column-0{width:100% !important;order : 0;}.fusion-builder-column-0 > .fusion-column-wrapper {margin-right : 1.92%;margin-left : 1.92%;}}@media only screen and (max-width:640px) {.fusion-body .fusion-builder-column-0{width:100% !important;order : 0;}.fusion-builder-column-0 > .fusion-column-wrapper {margin-right : 1.92%;margin-left : 1.92%;}}<\/style><\/div><\/div><style type=\"text\/css\">.fusion-body .fusion-flex-container.fusion-builder-row-1{ padding-top : 30px;margin-top : 0px;padding-right : 0px;padding-bottom : 0px;margin-bottom : 0px;padding-left : 0px;}@media only screen and (max-width:1024px) {.fusion-body .fusion-flex-container.fusion-builder-row-1{ padding-top : 0;padding-bottom : 0;}}@media only screen and (max-width:640px) {.fusion-body .fusion-flex-container.fusion-builder-row-1{ padding-top : 0;padding-bottom : 0;}}<\/style><\/div><div class=\"fusion-fullwidth fullwidth-box fusion-builder-row-2 fusion-flex-container top-main nonhundred-percent-fullwidth non-hundred-percent-height-scrolling\" style=\"background-color: rgba(255,255,255,0);background-position: center center;background-repeat: no-repeat;border-width: 0px 0px 0px 0px;border-color:#eae9e9;border-style:solid;\" ><div class=\"fusion-builder-row fusion-row fusion-flex-align-items-flex-start\" style=\"max-width:1144px;margin-left: calc(-4% \/ 2 );margin-right: calc(-4% \/ 2 );\"><div class=\"fusion-layout-column fusion_builder_column fusion-builder-column-1 fusion_builder_column_1_1 1_1 fusion-flex-column\"><div class=\"fusion-column-wrapper fusion-flex-justify-content-flex-start fusion-content-layout-column\" style=\"background-position:left top;background-repeat:no-repeat;-webkit-background-size:cover;-moz-background-size:cover;-o-background-size:cover;background-size:cover;padding: 0px 0px 0px 0px;\"><div class=\"page-content\">\n\t<div class=\"page-main-content\">\n\t\t<p>\n\t\t\tLuxury Tours Japan tin r\u1eb1ng du l\u1ecbch v\u1ec1 c\u01a1 b\u1ea3n l\u00e0 \u0111\u1eafm m\u00ecnh trong n\u1ec1n v\u0103n h\u00f3a c\u1ee7a n\u01a1i b\u1ea1n \u0111\u1ebfn v\u00e0 kh\u00e1m ph\u00e1 \u0111\u1ea5t n\u01b0\u1edbc \u1ea5y t\u1eeb b\u00ean trong.<br>\n\t\t\t<br>\n\t\t\tC\u00e1c chuy\u1ebfn \u0111i c\u1ee7a ch\u00fang t\u00f4i d\u1ef1a tr\u00ean c\u00e1c tr\u1ea3i nghi\u1ec7m v\u0103n h\u00f3a trong ph\u1ea1m vi r\u1ed9ng, cho ph\u00e9p kh\u00e1ch du l\u1ecbch hi\u1ebfu k\u00ec t\u01b0\u01a1ng t\u00e1c tr\u1ef1c ti\u1ebfp v\u1edbi nh\u1eefng ng\u01b0\u1eddi th\u1ee3 ngh\u1ec7 thu\u1eadt v\u00e0 th\u1ee7 c\u00f4ng th\u01b0\u1eddng ng\u00e0y c\u1ee7a Nh\u1eadt B\u1ea3n - c\u1ed9ng \u0111\u1ed3ng nh\u1eefng nh\u00e0 s\u1ea3n xu\u1ea5t, ngh\u1ec7 nh\u00e2n v\u00e0 ngh\u1ec7 s\u0129 bi\u1ec3u di\u1ec5n t\u1eadn t\u00e2m - v\u00e0 th\u00f4ng qua h\u1ecd, kh\u00e1m ph\u00e1 di s\u1ea3n v\u0103n h\u00f3a v\u00e0 thi\u00ean nhi\u00ean phong ph\u00fa c\u1ee7a Nh\u1eadt B\u1ea3n.<br>\n\t\t\t<br>\n\t\t\tC\u00e1c chuy\u1ebfn \u0111i c\u1ee7a ch\u00fang t\u00f4i \u00edt t\u1eadp trung v\u00e0o \u0111i\u1ec3m \u0111\u1ebfn v\u00e0 phong c\u1ea3nh h\u01a1n, thay v\u00e0o \u0111\u00f3 t\u1eadp trung nhi\u1ec1u h\u01a1n v\u00e0o tr\u1ea3i nghi\u1ec7m v\u0103n h\u00f3a, th\u1ee9 m\u00e0 ch\u00fang t\u00f4i tin r\u1eb1ng c\u00f3 th\u1ec3 \u0111em \u0111\u1ebfn tr\u1ea3i nghi\u1ec7m Nh\u1eadt B\u1ea3n \u0111\u00edch th\u1ef1c h\u01a1n, v\u00e0 t\u1ea1o ra hi\u1ec3u bi\u1ebft s\u00e2u s\u1eafc c\u0169ng nh\u01b0 nh\u1eefng s\u1ef1 k\u1ebft n\u1ed1i th\u1ef1c th\u1ee5 v\u1edbi con ng\u01b0\u1eddi Nh\u1eadt B\u1ea3n.<br>\n\t\t\t<br>\n\t\t\tV\u1edbi ch\u00fang t\u00f4i, \u0111\u00e2y l\u00e0 th\u1ee9 g\u1ecdi l\u00e0 \u201cs\u1ef1 cao c\u1ea5p\u201d Kh\u1ea3 n\u0103ng c\u00f3 th\u1eddi gian v\u00e0 c\u01a1 h\u1ed9i \u0111\u1ec3 ti\u1ebfp x\u00fac v\u1edbi v\u0103n h\u00f3a v\u00e0 ngh\u1ec7 thu\u1eadt v\u00e0 b\u1eb1ng c\u00e1ch n\u00e0o \u0111\u00f3 c\u00f3 th\u1ec3 thay \u0111\u1ed5i ho\u1eb7c tr\u01b0\u1edfng th\u00e0nh nh\u1edd tr\u1ea3i nghi\u1ec7m. N\u00f3 kh\u00f4ng c\u00f3 ngh\u0129a \u0111\u01a1n gi\u1ea3n l\u00e0 \u1edf kh\u00e1ch s\u1ea1n 5 sao cao c\u1ea5p hay d\u00f9ng b\u1eefa \u1edf nh\u00e0 h\u00e0ng \u0111\u01b0\u1ee3c \u0111\u00e1nh gi\u00e1 sao Michelin. V\u1edbi ch\u00fang t\u00f4i, n\u00f3 c\u00f3 ngh\u0129a l\u00e0 nh\u1eefng tr\u1ea3i nghi\u1ec7m m\u1ed9t \u0111\u1ed1i m\u1ed9t \u0111\u1ed9c \u0111\u00e1o v\u1edbi nh\u1eefng ng\u01b0\u1eddi th\u1ee3 \u0111\u1ecba ph\u01b0\u01a1ng l\u00e0nh ngh\u1ec1 \u0111\u1ec3 \u0111\u1ea1t \u0111\u01b0\u1ee3c s\u1ef1 hi\u1ec3u bi\u1ebft v\u1ec1 h\u00ecnh th\u1ee9c ngh\u1ec7 thu\u1eadt ho\u1eb7c tay ngh\u1ec1 th\u1ee7 c\u00f4ng c\u1ee7a h\u1ecd. Ho\u1eb7c l\u00e0 \u1edf m\u1ed9t ch\u1ed7 \u0111em l\u1ea1i m\u1ed9t \u0111i\u1ec1u g\u00ec \u0111\u00f3 th\u1ef1c s\u1ef1 \u0111\u00edch th\u1ef1c v\u00e0 \u0111\u1ed9c \u0111\u00e1o. Ho\u1eb7c d\u00f9ng b\u1eefa \u1edf nh\u1eefng nh\u00e0 h\u00e0ng cam k\u1ebft ch\u1eafc ch\u1eafn v\u1ec1 s\u1ef1 \u0111\u00edch th\u1ef1c v\u00e0 ch\u1ea5t l\u01b0\u1ee3ng, b\u1ea5t k\u1ec3 \u0111\u00f3 l\u00e0 m\u1ed9t nh\u00e0 h\u00e0ng nh\u1ecf \u1edf g\u00f3c ph\u1ed1 hay m\u1ed9t nh\u00e0 h\u00e0ng ryotei Kyoto tinh t\u1ebf, c\u00f3 tu\u1ed5i \u0111\u1eddi h\u00e0ng th\u1ebf k\u1ef7.<br>\n\t\t<\/p>\n\t\t<h3 class=\"item-title\">Ch\u00fang t\u00f4i r\u1ea5t mong b\u1ea1n c\u00f9ng kh\u00e1m ph\u00e1 Nh\u1eadt B\u1ea3n v\u1edbi ch\u00fang t\u00f4i.<\/h3>\n\t\t<div class=\"item-sepa\"><\/div>\n\t\t<p>\n\t\t\tLuxury Tours Japan \u0111\u01b0\u1ee3c th\u00e0nh l\u1eadp c\u00e1ch \u0111\u00e2y 15 n\u0103m nh\u1eb1m \u0111em l\u1ea1i nh\u1eefng tr\u1ea3i nghi\u1ec7m v\u0103n h\u00f3a s\u00e2u s\u1eafc cho du kh\u00e1ch \u0111\u1ebfn Nh\u1eadt B\u1ea3n. Trong qu\u00e3ng th\u1eddi gian n\u00e0y, ch\u00fang t\u00f4i \u0111\u00e3 l\u00e0m vi\u1ec7c v\u1edbi c\u00e1c \u0111\u1ea1i l\u00fd du l\u1ecbch kh\u1eafp th\u1ebf gi\u1edbi \u0111\u1ec3 \u0111em l\u1ea1i c\u00e1c ch\u01b0\u01a1ng tr\u00ecnh v\u0103n h\u00f3a \u0111\u1ed9c \u0111\u00e1o cho c\u1ea3 kh\u00e1ch du l\u1ecbch l\u1ebb v\u00e0 nh\u00f3m nh\u1ecf c\u0169ng nh\u01b0 c\u00e1c t\u1eadp \u0111o\u00e0n c\u00f4ng ty, MICE v\u00e0 VIP.<br>\n\t\t\t<br>\n\t\t\tNay Luxury Tours Japan l\u00e0 \u0111\u1ea1i l\u00fd du l\u1ecbch v\u00e0 t\u1ed5 ch\u1ee9c qu\u1ea3n l\u00ed \u0111i\u1ec3m \u0111\u1ebfn (DMC) \u0111\u01b0\u1ee3c c\u1ea5p ph\u00e9p c\u00f3 v\u0103n ph\u00f2ng \u1edf Tokyo, Kyoto cung c\u1ea5p c\u00e1c chuy\u1ebfn \u0111i \u0111\u01b0\u1ee3c t\u1ed5 ch\u1ee9c \u0111\u1ea7y \u0111\u1ee7 cho du kh\u00e1ch \u0111\u1ebfn Nh\u1eadt B\u1ea3n. B\u1eb1ng c\u00e1ch s\u1eed d\u1ee5ng th\u1ebf m\u1ea1nh v\u00e0 m\u1ea1ng l\u01b0\u1edbi r\u1ed9ng kh\u1eafp v\u1edbi c\u00e1c ngh\u1ec7 nh\u00e2n, nh\u00e0 s\u1ea3n xu\u1ea5t v\u00e0 chuy\u00ean gia h\u00e0ng \u0111\u1ea7u tr\u00ean kh\u1eafp Nh\u1eadt B\u1ea3n, ch\u00fang t\u00f4i mang \u0111\u1ebfn nh\u1eefng tr\u1ea3i nghi\u1ec7m Nh\u1eadt B\u1ea3n \u0111\u1ed9c \u0111\u00e1o, gi\u1edbi thi\u1ec7u nh\u1eefng kh\u00eda c\u1ea1nh s\u00e2u s\u1eafc c\u1ee7a v\u0103n h\u00f3a Nh\u1eadt B\u1ea3n cho nh\u1eefng du kh\u00e1ch kh\u00f4ng c\u00f3 m\u1ed1i quan h\u1ec7 c\u00e1 nh\u00e2n \u0111\u01b0\u1ee3c x\u00e2y d\u1ef1ng theo th\u1eddi gian th\u00ec kh\u00f4ng d\u1ec5 d\u00e0ng kh\u00e1m ph\u00e1 ho\u1eb7c ti\u1ebfp c\u1eadn. Ch\u00fang t\u00f4i c\u00f3 th\u1ec3 m\u1edf r\u1ed9ng c\u00e1nh c\u1eeda v\u00e0 t\u1ea1o \u0111i\u1ec1u ki\u1ec7n k\u1ebft n\u1ed1i v\u1edbi nh\u1eefng ng\u01b0\u1eddi th\u1ee3 \u0111am m\u00ea mong mu\u1ed1n chia s\u1ebb tay ngh\u1ec1 c\u1ee7a h\u1ecd tr\u00ean to\u00e0n b\u1ed9 c\u00e1c ng\u00e0nh c\u00f4ng nghi\u1ec7p truy\u1ec1n th\u1ed1ng c\u1ee7a Nh\u1eadt B\u1ea3n.<br>\n\t\t\t<br>\n\t\t\tC\u00f9ng v\u1edbi nh\u1eefng tr\u1ea3i nghi\u1ec7m \u0111\u1ed9c quy\u1ec1n n\u00e0y, c\u00e1c chuy\u1ebfn \u0111i c\u1ee7a ch\u00fang t\u00f4i s\u1ebd \u0111\u01b0a kh\u00e1ch h\u00e0ng \u0111i kh\u1eafp Nh\u1eadt B\u1ea3n \u0111\u1ec3 kh\u00e1m ph\u00e1 c\u1ea3 nh\u1eefng \u0111i\u1ec3m \u0111\u1ebfn mang t\u00ednh bi\u1ec3u t\u01b0\u1ee3ng qu\u1ed1c gia c\u0169ng nh\u01b0 nh\u1eefng con \u0111\u01b0\u1eddng \u00edt \u0111\u01b0\u1ee3c bi\u1ebft \u0111\u1ebfn h\u01a1n. M\u1ed7i chuy\u1ebfn \u0111i ho\u00e0n to\u00e0n \u0111\u01b0\u1ee3c thi\u1ebft k\u1ebf ri\u00eang \u0111\u1ec3 \u0111\u00e1p \u1ee9ng nhu c\u1ea7u v\u00e0 s\u1edf th\u00edch c\u1ee7a kh\u00e1ch h\u00e0ng, \u0111\u1ed3ng th\u1eddi \u0111\u01b0\u1ee3c thi\u1ebft k\u1ebf \u0111\u1ec3 l\u00e0m n\u1ed5i b\u1eadt b\u1ed1n m\u00f9a v\u00e0 m\u00f4i tr\u01b0\u1eddng t\u1ef1 nhi\u00ean c\u1ee7a Nh\u1eadt B\u1ea3n. Cho d\u00f9 kh\u00e1ch h\u00e0ng c\u1ee7a ch\u00fang t\u00f4i mu\u1ed1n ngh\u1ec9 t\u1ea1i m\u1ed9t trong nh\u1eefng kh\u00e1ch s\u1ea1n c\u00f3 thi\u1ebft k\u1ebf t\u1ed1i t\u00e2n c\u1ee7a Nh\u1eadt B\u1ea3n hay m\u1ed9t l\u1eef qu\u00e1n c\u1ed5 \u0111i\u1ec3n tr\u00ean n\u00fai do m\u1ed9t c\u1eb7p v\u1ee3 ch\u1ed3ng hi\u1ebfu kh\u00e1ch \u0111i\u1ec1u h\u00e0nh, ch\u00fang t\u00f4i \u0111\u1ec1u ch\u1ecdn nh\u1eefng g\u00ec t\u1ed1t nh\u1ea5t trong h\u1ea1ng m\u1ee5c \u0111\u00f3, ph\u00f9 h\u1ee3p v\u1edbi tr\u1ea3i nghi\u1ec7m v\u1edbi nh\u1eefng l\u1ef1a ch\u1ecdn nh\u00e0 h\u00e0ng tuy\u1ec7t v\u1eddi v\u00e0 h\u01b0\u1edbng d\u1eabn vi\u00ean song ng\u1eef chuy\u00ean nghi\u1ec7p.<br>\n\t\t\t<br>\n\t\t\tD\u1ef1a tr\u00ean kh\u00e1i ni\u1ec7m omotenashi (l\u00f2ng hi\u1ebfu kh\u00e1ch) truy\u1ec1n th\u1ed1ng c\u1ee7a Nh\u1eadt B\u1ea3n, Luxury Tours Japan cam k\u1ebft cung c\u1ea5p d\u1ecbch v\u1ee5 ho\u00e0n h\u1ea3o, mang \u0111\u1ebfn s\u1ef1 trung th\u1ef1c, ch\u00ednh tr\u1ef1c v\u00e0 n\u1ed3ng nhi\u1ec7t cho kh\u00e1ch h\u00e0ng c\u1ee7a ch\u00fang t\u00f4i. Ch\u00fang t\u00f4i s\u1ebd lu\u00f4n n\u1ed7 l\u1ef1c h\u1ebft m\u00ecnh \u0111\u1ec3 h\u1ebft l\u00f2ng ph\u1ee5c v\u1ee5 v\u00e0 \u0111\u1ea3m b\u1ea3o \u0111\u00e1p \u1ee9ng nhu c\u1ea7u c\u1ee7a kh\u00e1ch h\u00e0ng trong su\u1ed1t h\u00e0nh tr\u00ecnh, mang \u0111\u1ebfn tr\u1ea3i nghi\u1ec7m Nh\u1eadt B\u1ea3n m\u00e0 ch\u00fang t\u00f4i hy v\u1ecdng kh\u00e1ch h\u00e0ng kh\u00f3 l\u00f2ng qu\u00ean \u0111\u01b0\u1ee3c, v\u00e0 t\u1ea1o \u0111\u01b0\u1ee3c \u00e2m h\u01b0\u1edfng r\u1ea5t l\u00e2u sau khi r\u1eddi Nh\u1eadt B\u1ea3n.<br>\n\t\t\t<br>\n\t\t\tCh\u00fang t\u00f4i l\u00e0m vi\u1ec7c tr\u1ef1c ti\u1ebfp v\u1edbi c\u1ea3 kh\u00e1ch du l\u1ecbch c\u00e1 nh\u00e2n v\u00e0 nh\u00f3m l\u1ebb, c\u0169ng nh\u01b0 v\u1edbi th\u01b0\u01a1ng m\u1ea1i.<br>\n\t\t\t<br>\n\t\t\tContact: inquiry@luxurytoursjapan.com\n\t\t<\/p>\n\t<\/div>\n<\/div><\/div><style type=\"text\/css\">.fusion-body .fusion-builder-column-1{width:100% !important;margin-top : 0px;margin-bottom : 20px;}.fusion-builder-column-1 > .fusion-column-wrapper {padding-top : 0px !important;padding-right : 0px !important;margin-right : 1.92%;padding-bottom : 0px !important;padding-left : 0px !important;margin-left : 1.92%;}@media only screen and (max-width:1024px) {.fusion-body .fusion-builder-column-1{width:100% !important;order : 0;}.fusion-builder-column-1 > .fusion-column-wrapper {margin-right : 1.92%;margin-left : 1.92%;}}@media only screen and (max-width:640px) {.fusion-body .fusion-builder-column-1{width:100% !important;order : 0;}.fusion-builder-column-1 > .fusion-column-wrapper {margin-right : 1.92%;margin-left : 1.92%;}}<\/style><\/div><\/div><style type=\"text\/css\">.fusion-body .fusion-flex-container.fusion-builder-row-2{ padding-top : 0px;margin-top : 0px;padding-right : 0px;padding-bottom : 0px;margin-bottom : 0px;padding-left : 0px;}<\/style><\/div><div class=\"fusion-fullwidth fullwidth-box fusion-builder-row-3 nonhundred-percent-fullwidth non-hundred-percent-height-scrolling\" style=\"background-color: rgba(255,255,255,0);background-image:radial-gradient(circle at center center, rgba(255,255,255,0) 15%,#e0e0e0 79%);background-position: center center;background-repeat: no-repeat;padding-top:20px;padding-right:0px;padding-bottom:20px;padding-left:0px;margin-bottom: 0px;margin-top: 0px;border-width: 0px 0px 0px 0px;border-color:#eae9e9;border-style:solid;\" ><div class=\"fusion-builder-row fusion-row\"><div class=\"fusion-layout-column fusion_builder_column fusion-builder-column-2 fusion_builder_column_1_1 1_1 fusion-one-full fusion-column-first fusion-column-last\" style=\"margin-top:0px;margin-bottom:0px;\"><div class=\"fusion-column-wrapper fusion-flex-column-wrapper-legacy\" style=\"background-position:left top;background-repeat:no-repeat;-webkit-background-size:cover;-moz-background-size:cover;-o-background-size:cover;background-size:cover;padding: 0px 0px 0px 0px;\"><style type=\"text\/css\">@media only screen and (max-width:800px) {.fusion-title.fusion-title-1{margin-top:0px!important;margin-bottom:10px!important;}}<\/style><div class=\"fusion-title title fusion-title-1 fusion-sep-none fusion-title-center fusion-title-text fusion-title-size-two\" style=\"font-size:20px;margin-top:0px;margin-right:0px;margin-bottom:10px;margin-left:0px;\"><h2 class=\"title-heading-center fusion-responsive-typography-calculated\" style=\"margin:0;font-size:1em;--fontSize:20;--minFontSize:20px;line-height:1;\">Find the beauty of Japan<\/h2><\/div><style type=\"text\/css\">@media only screen and (max-width:800px) {.fusion-title.fusion-title-2{margin-top:0px!important;margin-bottom:10px!important;}}<\/style><div class=\"fusion-title title fusion-title-2 fusion-sep-none fusion-title-center fusion-title-text fusion-title-size-two\" style=\"font-size:16px;margin-top:0px;margin-right:0px;margin-bottom:10px;margin-left:0px;\"><h2 class=\"title-heading-center fusion-responsive-typography-calculated\" style=\"margin:0;font-size:1em;--fontSize:16;--minFontSize:16px;line-height:1;\">Tailormade luxury tours<\/h2><\/div><style type=\"text\/css\">.fusion-title.fusion-title-3 .fusion-animated-texts-wrapper::before{background-color:#000000!important}@media only screen and (max-width:800px) {.fusion-title.fusion-title-3{margin-top:!important;margin-bottom:0px!important;}}<\/style><div class=\"fusion-title title fusion-title-3 fusion-sep-none fusion-title-center fusion-title-rotating fusion-loop-off fusion-title-typeIn fusion-title-size-two\" style=\"font-size:16px;margin-top:0px;margin-right:0px;margin-bottom:0px;margin-left:0px;\"><h2 class=\"title-heading-center fusion-responsive-typography-calculated\" style=\"margin:0;font-size:1em;color:#000000;--fontSize:16;--minFontSize:16px;line-height:1.5;\"><span class=\"fusion-animated-text-prefix\"><\/span> <span class=\"fusion-animated-texts-wrapper fusion-responsive-typography-calculated\" style=\"color:#000000;--fontSize:16;--minFontSize:16px;font-size:16px;text-align: center;\" data-length=\"char\" data-minDisplayTime=\"1200\"><span class=\"fusion-animated-texts\"><span data-in-effect=\"typeIn\" class=\"fusion-animated-text\" data-in-sequence=\"true\" data-out-reverse=\"true\" data-out-effect=\"typeOut\">Art &amp; culture, Artisans, Food culture<\/span><\/span><\/span> <span class=\"fusion-animated-text-postfix\"><\/span><\/h2><\/div><div class=\"fusion-clearfix\"><\/div><\/div><\/div><\/div><\/div><\/p>\n","protected":false},"excerpt":{"rendered":"","protected":false},"author":1,"featured_media":0,"parent":0,"menu_order":0,"comment_status":"closed","ping_status":"closed","template":"100-width.php","meta":[],"yoast_head":"<!-- This site is optimized with the Yoast SEO plugin v16.5 - https:\/\/yoast.com\/wordpress\/plugins\/seo\/ -->\n<title>Find the beauty of Japan | luxury tours japan<\/title>\n<meta name=\"description\" content=\"Luxury Tours Japan arrange exclusive and unique cultural tours for you. Welcome to the exotic Japan. We will take you to extraordinary world. Luxury Tours Japan.\" \/>\n<meta name=\"robots\" content=\"index, follow, max-snippet:-1, max-image-preview:large, max-video-preview:-1\" \/>\n<link rel=\"canonical\" href=\"https:\/\/luxurytoursjapan.com\/vi\/\" \/>\n<meta property=\"og:locale\" content=\"vi_VN\" \/>\n<meta property=\"og:type\" content=\"article\" \/>\n<meta property=\"og:title\" content=\"Find the beauty of Japan | luxury tours japan\" \/>\n<meta property=\"og:description\" content=\"Luxury Tours Japan arrange exclusive and unique cultural tours for you. Welcome to the exotic Japan. We will take you to extraordinary world. Luxury Tours Japan.\" \/>\n<meta property=\"og:url\" content=\"https:\/\/luxurytoursjapan.com\/vi\/\" \/>\n<meta property=\"og:site_name\" content=\"luxury tours japan\" \/>\n<meta property=\"article:modified_time\" content=\"2022-02-17T10:19:26+00:00\" \/>\n<meta name=\"twitter:card\" content=\"summary_large_image\" \/>\n<meta name=\"twitter:label1\" content=\"Est. reading time\" \/>\n\t<meta name=\"twitter:data1\" content=\"3 minutes\" \/>\n<script type=\"application\/ld+json\" class=\"yoast-schema-graph\">{\"@context\":\"https:\/\/schema.org\",\"@graph\":[{\"@type\":\"Organization\",\"@id\":\"https:\/\/luxurytoursjapan.com\/#organization\",\"name\":\"luxury tours japan\",\"url\":\"https:\/\/luxurytoursjapan.com\/\",\"sameAs\":[],\"logo\":{\"@type\":\"ImageObject\",\"@id\":\"https:\/\/luxurytoursjapan.com\/#logo\",\"inLanguage\":\"vi-VN\",\"url\":\"https:\/\/luxurytoursjapan.com\/wp-content\/uploads\/2019\/12\/logo-black.svg\",\"contentUrl\":\"https:\/\/luxurytoursjapan.com\/wp-content\/uploads\/2019\/12\/logo-black.svg\",\"width\":253,\"height\":35,\"caption\":\"luxury tours japan\"},\"image\":{\"@id\":\"https:\/\/luxurytoursjapan.com\/#logo\"}},{\"@type\":\"WebSite\",\"@id\":\"https:\/\/luxurytoursjapan.com\/#website\",\"url\":\"https:\/\/luxurytoursjapan.com\/\",\"name\":\"luxury tours japan\",\"description\":\"\",\"publisher\":{\"@id\":\"https:\/\/luxurytoursjapan.com\/#organization\"},\"potentialAction\":[{\"@type\":\"SearchAction\",\"target\":\"https:\/\/luxurytoursjapan.com\/?s={search_term_string}\",\"query-input\":\"required name=search_term_string\"}],\"inLanguage\":\"vi-VN\"},{\"@type\":\"WebPage\",\"@id\":\"https:\/\/luxurytoursjapan.com\/vi\/#webpage\",\"url\":\"https:\/\/luxurytoursjapan.com\/vi\/\",\"name\":\"Find the beauty of Japan | luxury tours japan\",\"isPartOf\":{\"@id\":\"https:\/\/luxurytoursjapan.com\/#website\"},\"datePublished\":\"2022-01-16T03:55:07+00:00\",\"dateModified\":\"2022-02-17T10:19:26+00:00\",\"description\":\"Luxury Tours Japan arrange exclusive and unique cultural tours for you. Welcome to the exotic Japan. We will take you to extraordinary world. Luxury Tours Japan.\",\"breadcrumb\":{\"@id\":\"https:\/\/luxurytoursjapan.com\/vi\/#breadcrumb\"},\"inLanguage\":\"vi-VN\",\"potentialAction\":[{\"@type\":\"ReadAction\",\"target\":[\"https:\/\/luxurytoursjapan.com\/vi\/\"]}]},{\"@type\":\"BreadcrumbList\",\"@id\":\"https:\/\/luxurytoursjapan.com\/vi\/#breadcrumb\",\"itemListElement\":[{\"@type\":\"ListItem\",\"position\":1,\"name\":\"Home\",\"item\":\"https:\/\/luxurytoursjapan.com\/vi\/\"},{\"@type\":\"ListItem\",\"position\":2,\"name\":\"Top\"}]}]}<\/script>\n<!-- \/ Yoast SEO plugin. -->","_links":{"self":[{"href":"https:\/\/luxurytoursjapan.com\/vi\/wp-json\/wp\/v2\/pages\/4197"}],"collection":[{"href":"https:\/\/luxurytoursjapan.com\/vi\/wp-json\/wp\/v2\/pages"}],"about":[{"href":"https:\/\/luxurytoursjapan.com\/vi\/wp-json\/wp\/v2\/types\/page"}],"author":[{"embeddable":true,"href":"https:\/\/luxurytoursjapan.com\/vi\/wp-json\/wp\/v2\/users\/1"}],"replies":[{"embeddable":true,"href":"https:\/\/luxurytoursjapan.com\/vi\/wp-json\/wp\/v2\/comments?post=4197"}],"version-history":[{"count":21,"href":"https:\/\/luxurytoursjapan.com\/vi\/wp-json\/wp\/v2\/pages\/4197\/revisions"}],"predecessor-version":[{"id":4988,"href":"https:\/\/luxurytoursjapan.com\/vi\/wp-json\/wp\/v2\/pages\/4197\/revisions\/4988"}],"wp:attachment":[{"href":"https:\/\/luxurytoursjapan.com\/vi\/wp-json\/wp\/v2\/media?parent=4197"}],"curies":[{"name":"wp","href":"https:\/\/api.w.org\/{rel}","templated":true}]}}