{"id":4185,"date":"2022-01-16T12:53:14","date_gmt":"2022-01-16T03:53:14","guid":{"rendered":"https:\/\/luxurytoursjapan.com\/top-2\/"},"modified":"2022-02-17T19:18:11","modified_gmt":"2022-02-17T10:18:11","slug":"top-2","status":"publish","type":"page","link":"https:\/\/luxurytoursjapan.com\/pt-pt\/","title":{"rendered":"Top"},"content":{"rendered":"<p><div class=\"fusion-fullwidth fullwidth-box fusion-builder-row-1 fusion-flex-container nonhundred-percent-fullwidth non-hundred-percent-height-scrolling\" style=\"background-color: rgba(255,255,255,0);background-position: center center;background-repeat: no-repeat;border-width: 0px 0px 0px 0px;border-color:#eae9e9;border-style:solid;\" ><div class=\"fusion-builder-row fusion-row fusion-flex-align-items-flex-start\" style=\"max-width:1144px;margin-left: calc(-4% \/ 2 );margin-right: calc(-4% \/ 2 );\"><div class=\"fusion-layout-column fusion_builder_column fusion-builder-column-0 fusion_builder_column_1_1 1_1 fusion-flex-column\"><div class=\"fusion-column-wrapper fusion-flex-justify-content-flex-start fusion-content-layout-column\" style=\"background-position:left top;background-repeat:no-repeat;-webkit-background-size:cover;-moz-background-size:cover;-o-background-size:cover;background-size:cover;padding: 0px 0px 0px 0px;\">\n<div class=\"fusion-slider-revolution rev_slider_wrapper\">\t\t\t<!-- START Top2 REVOLUTION SLIDER 6.5.15 --><p class=\"rs-p-wp-fix\"><\/p>\n\t\t\t<rs-module-wrap id=\"rev_slider_11_1_wrapper\" data-source=\"gallery\" style=\"visibility:hidden;background:transparent;padding:0;margin:0px auto;margin-top:0;margin-bottom:0;\">\n\t\t\t\t<rs-module id=\"rev_slider_11_1\" style=\"\" data-version=\"6.5.15\">\n\t\t\t\t\t<rs-slides>\n\t\t\t\t\t\t<rs-slide style=\"position: absolute;\" data-key=\"rs-54\" data-title=\"Slide\" data-duration=\"120000ms\" data-in=\"o:0;\" data-out=\"a:false;\">\n\t\t\t\t\t\t\t<img src=\"\/\/luxurytoursjapan.com\/wp-content\/plugins\/revslider\/public\/assets\/assets\/dummy.png\" alt=\"Slide\" title=\"Top\" class=\"rev-slidebg tp-rs-img rs-lazyload\" data-lazyload=\"\/\/luxurytoursjapan.com\/wp-content\/plugins\/revslider\/public\/assets\/assets\/transparent.png\" data-no-retina>\n<!--\n\t\t\t\t\t\t\t--><rs-layer\n\t\t\t\t\t\t\t\tid=\"slider-11-slide-54-layer-1\" \n\t\t\t\t\t\t\t\tclass=\"intrinsic-ignore\"\n\t\t\t\t\t\t\t\tdata-type=\"text\"\n\t\t\t\t\t\t\t\tdata-xy=\"x:c;y:m;\"\n\t\t\t\t\t\t\t\tdata-text=\"w:normal;\"\n\t\t\t\t\t\t\t\tdata-dim=\"w:100%;\"\n\t\t\t\t\t\t\t\tdata-basealign=\"slide\"\n\t\t\t\t\t\t\t\tdata-rsp_o=\"off\"\n\t\t\t\t\t\t\t\tdata-rsp_bd=\"off\"\n\t\t\t\t\t\t\t\tdata-frame_999=\"o:0;st:w;sR:4700;\"\n\t\t\t\t\t\t\t\tstyle=\"z-index:8;font-family:'Roboto';\"\n\t\t\t\t\t\t\t><iframe  type=\"text\/html\"  width=\"1920\" height=\"1080\" src=\"https:\/\/www.youtube.com\/embed\/jMsU6WXOF3o?&autoplay=1&mute=1&rel=0&frameborder=0&loop=1\"><\/iframe> \n\t\t\t\t\t\t\t<\/rs-layer><!--\n-->\t\t\t\t\t\t<\/rs-slide>\n\t\t\t\t\t\t<rs-slide style=\"position: absolute;\" data-key=\"rs-47\" data-title=\"Slide\" data-in=\"o:0;\" data-out=\"a:false;\">\n\t\t\t\t\t\t\t<img src=\"\/\/luxurytoursjapan.com\/wp-content\/plugins\/revslider\/public\/assets\/assets\/dummy.png\" alt=\"\" title=\"top_sakura-scaled-1.jpg\" width=\"1920\" height=\"1280\" class=\"rev-slidebg tp-rs-img rs-lazyload\" data-lazyload=\"\/\/luxurytoursjapan.com\/wp-content\/uploads\/revslider\/slider-2\/top_sakura-scaled-1.jpg\" data-no-retina>\n<!---->\t\t\t\t\t\t<\/rs-slide>\n\t\t\t\t\t\t<rs-slide style=\"position: absolute;\" data-key=\"rs-48\" data-title=\"Slide\" data-in=\"o:0;\" data-out=\"a:false;\">\n\t\t\t\t\t\t\t<img src=\"\/\/luxurytoursjapan.com\/wp-content\/plugins\/revslider\/public\/assets\/assets\/dummy.png\" alt=\"\" title=\"05\" width=\"1920\" height=\"1280\" class=\"rev-slidebg tp-rs-img rs-lazyload\" data-lazyload=\"\/\/luxurytoursjapan.com\/wp-content\/uploads\/2019\/12\/05-1.jpg\" data-panzoom=\"d:6000ms;ss:100;se:110%;\" data-no-retina>\n<!---->\t\t\t\t\t\t<\/rs-slide>\n\t\t\t\t\t\t<rs-slide style=\"position: absolute;\" data-key=\"rs-49\" data-title=\"Slide\" data-in=\"o:0;\" data-out=\"a:false;\">\n\t\t\t\t\t\t\t<img src=\"\/\/luxurytoursjapan.com\/wp-content\/plugins\/revslider\/public\/assets\/assets\/dummy.png\" alt=\"\" title=\"top03\" width=\"1920\" height=\"1280\" class=\"rev-slidebg tp-rs-img rs-lazyload\" data-lazyload=\"\/\/luxurytoursjapan.com\/wp-content\/uploads\/2021\/07\/top03.jpg\" data-panzoom=\"d:7000ms;ss:100;se:110%;\" data-no-retina>\n<!---->\t\t\t\t\t\t<\/rs-slide>\n\t\t\t\t\t\t<rs-slide style=\"position: absolute;\" data-key=\"rs-50\" data-title=\"Slide\" data-in=\"o:0;\" data-out=\"a:false;\">\n\t\t\t\t\t\t\t<img src=\"\/\/luxurytoursjapan.com\/wp-content\/plugins\/revslider\/public\/assets\/assets\/dummy.png\" alt=\"\" title=\"top04\" width=\"1920\" height=\"1280\" class=\"rev-slidebg tp-rs-img rs-lazyload\" data-lazyload=\"\/\/luxurytoursjapan.com\/wp-content\/uploads\/2021\/07\/top04-scaled.jpg\" data-panzoom=\"d:7000ms;ss:100;se:110%;\" data-no-retina>\n<!---->\t\t\t\t\t\t<\/rs-slide>\n\t\t\t\t\t\t<rs-slide style=\"position: absolute;\" data-key=\"rs-51\" data-title=\"Slide\" data-in=\"o:0;\" data-out=\"a:false;\">\n\t\t\t\t\t\t\t<img src=\"\/\/luxurytoursjapan.com\/wp-content\/plugins\/revslider\/public\/assets\/assets\/dummy.png\" alt=\"\" title=\"top05\" width=\"1106\" height=\"830\" class=\"rev-slidebg tp-rs-img rs-lazyload\" data-lazyload=\"\/\/luxurytoursjapan.com\/wp-content\/uploads\/2021\/07\/top05.jpg\" data-panzoom=\"d:7000ms;ss:100;se:110%;\" data-no-retina>\n<!---->\t\t\t\t\t\t<\/rs-slide>\n\t\t\t\t\t\t<rs-slide style=\"position: absolute;\" data-key=\"rs-52\" data-title=\"Slide\" data-in=\"o:0;\" data-out=\"a:false;\">\n\t\t\t\t\t\t\t<img src=\"\/\/luxurytoursjapan.com\/wp-content\/plugins\/revslider\/public\/assets\/assets\/dummy.png\" alt=\"\" title=\"top06\" width=\"1920\" height=\"1272\" class=\"rev-slidebg tp-rs-img rs-lazyload\" data-lazyload=\"\/\/luxurytoursjapan.com\/wp-content\/uploads\/2021\/07\/top06-scaled.jpg\" data-panzoom=\"d:7000ms;ss:100;se:110%;\" data-no-retina>\n<!---->\t\t\t\t\t\t<\/rs-slide>\n\t\t\t\t\t\t<rs-slide style=\"position: absolute;\" data-key=\"rs-53\" data-title=\"Slide\" data-in=\"o:0;\" data-out=\"a:false;\">\n\t\t\t\t\t\t\t<img src=\"\/\/luxurytoursjapan.com\/wp-content\/plugins\/revslider\/public\/assets\/assets\/dummy.png\" alt=\"\" title=\"top07\" width=\"950\" height=\"637\" class=\"rev-slidebg tp-rs-img rs-lazyload\" data-lazyload=\"\/\/luxurytoursjapan.com\/wp-content\/uploads\/2021\/07\/top07.jpg\" data-panzoom=\"d:7000ms;ss:100;se:110%;\" data-no-retina>\n<!---->\t\t\t\t\t\t<\/rs-slide>\n\t\t\t\t\t<\/rs-slides>\n\t\t\t\t\t<rs-static-layers><!--\n\t\t\t\t\t--><\/rs-static-layers>\n\t\t\t\t<\/rs-module>\n\t\t\t\t<script>\n\t\t\t\t\tsetREVStartSize({c: 'rev_slider_11_1',rl:[1240,1240,778,480],el:[1080,1080,960,600],gw:[1920,1920,778,480],gh:[1080,1080,450,280],type:'standard',justify:'',layout:'fullwidth',mh:\"0\"});if (window.RS_MODULES!==undefined && window.RS_MODULES.modules!==undefined && window.RS_MODULES.modules[\"revslider111\"]!==undefined) {window.RS_MODULES.modules[\"revslider111\"].once = false;window.revapi11 = undefined;if (window.RS_MODULES.checkMinimal!==undefined) window.RS_MODULES.checkMinimal()}\n\t\t\t\t<\/script>\n\t\t\t<\/rs-module-wrap>\n\t\t\t<!-- END REVOLUTION SLIDER -->\n<\/div><\/div><style type=\"text\/css\">.fusion-body .fusion-builder-column-0{width:100% !important;margin-top : 0px;margin-bottom : 20px;}.fusion-builder-column-0 > .fusion-column-wrapper {padding-top : 0px !important;padding-right : 0px !important;margin-right : 1.92%;padding-bottom : 0px !important;padding-left : 0px !important;margin-left : 1.92%;}@media only screen and (max-width:1024px) {.fusion-body .fusion-builder-column-0{width:100% !important;order : 0;}.fusion-builder-column-0 > .fusion-column-wrapper {margin-right : 1.92%;margin-left : 1.92%;}}@media only screen and (max-width:640px) {.fusion-body .fusion-builder-column-0{width:100% !important;order : 0;}.fusion-builder-column-0 > .fusion-column-wrapper {margin-right : 1.92%;margin-left : 1.92%;}}<\/style><\/div><\/div><style type=\"text\/css\">.fusion-body .fusion-flex-container.fusion-builder-row-1{ padding-top : 30px;margin-top : 0px;padding-right : 0px;padding-bottom : 0px;margin-bottom : 0px;padding-left : 0px;}@media only screen and (max-width:1024px) {.fusion-body .fusion-flex-container.fusion-builder-row-1{ padding-top : 0;padding-bottom : 0;}}@media only screen and (max-width:640px) {.fusion-body .fusion-flex-container.fusion-builder-row-1{ padding-top : 0;padding-bottom : 0;}}<\/style><\/div><div class=\"fusion-fullwidth fullwidth-box fusion-builder-row-2 fusion-flex-container top-main nonhundred-percent-fullwidth non-hundred-percent-height-scrolling\" style=\"background-color: rgba(255,255,255,0);background-position: center center;background-repeat: no-repeat;border-width: 0px 0px 0px 0px;border-color:#eae9e9;border-style:solid;\" ><div class=\"fusion-builder-row fusion-row fusion-flex-align-items-flex-start\" style=\"max-width:1144px;margin-left: calc(-4% \/ 2 );margin-right: calc(-4% \/ 2 );\"><div class=\"fusion-layout-column fusion_builder_column fusion-builder-column-1 fusion_builder_column_1_1 1_1 fusion-flex-column\"><div class=\"fusion-column-wrapper fusion-flex-justify-content-flex-start fusion-content-layout-column\" style=\"background-position:left top;background-repeat:no-repeat;-webkit-background-size:cover;-moz-background-size:cover;-o-background-size:cover;background-size:cover;padding: 0px 0px 0px 0px;\"><div class=\"page-content\">\n\t<div class=\"page-main-content\">\n\t\t<p>A Luxury Tours Japan acredita que viajar \u00e9 essencialmente mergulhar na cultura de um pa\u00eds, descobrindo-o a partir do seu interior.<br>\n\t\t\t<br>\n\t\t\tAs nossas viagens baseiam-se numa vasta gama de experi\u00eancias culturais e permitem ao viajante com esp\u00edrito curioso envolver-se diretamente no quotidiano dos artes\u00e3os japoneses e da comunidade de criadores e artistas dedicados para, atrav\u00e9s deles, descobrir o rico patrim\u00f3nio cultural e natural do Jap\u00e3o.<br>\n\t\t\t<br>\n\t\t\tAs nossas viagens privilegiam menos os locais habituais e os destinos tur\u00edsticos, e mais as experi\u00eancias culturais envolventes que pensamos poderem proporcionar uma experi\u00eancia japonesa mais aut\u00eantica e suscitar reflex\u00f5es profundas e liga\u00e7\u00f5es reais com o povo do Jap\u00e3o.<br>\n\t\t\t<br>\n\t\t\tPara n\u00f3s, o \u201cluxo\u201d consiste nisto: dispor do tempo e da oportunidade para estar em contacto com a arte e a cultura e, de alguma forma, poder evoluir ou crescer com a experi\u00eancia. Luxo n\u00e3o significa apenas ficar em hot\u00e9is de 5 estrelas ou jantar em restaurantes com estrelas Michelin. Para a Luxury Tours Japan, luxo significa ter viv\u00eancias individuais \u00fanicas junto de artes\u00e3os locais de renome e obter conhecimentos sobre a sua arte requintada. Ou ficar em alojamentos que oferecem algo verdadeiramente aut\u00eantico e exclusivo. Ou ainda, comer em restaurantes em que existe um compromisso inabal\u00e1vel para com a autenticidade e qualidade, independentemente de se tratar de um pequeno restaurante de rua ou de um requintado e secular ryotei de Quioto.<br>\n\t\t<\/p>\n\t\t<h3 class=\"item-title\">Gostar\u00edamos muito que descobrisse o Jap\u00e3o connosco.<\/h3>\n\t\t<div class=\"item-sepa\"><\/div>\n\t\t<p>\n\t\t\tA Luxury Tours Japan foi criada h\u00e1 mais de 15 anos com o objetivo de oferecer experi\u00eancias culturais profundas aos visitantes do Jap\u00e3o. Ao longo deste tempo, temos trabalhado com agentes de viagens em todo o mundo para proporcionar programas culturais \u00fanicos tanto a viajantes individuais e pequenos grupos, como aos sectores do turismo empresarial\/de neg\u00f3cios (\"MICE\") e VIP.<br>\n\t\t\t<br>\n\t\t\tAtualmente, a Luxury Tours Japan \u00e9 uma ag\u00eancia de viagens licenciada bem como uma empresa de gest\u00e3o de destinos tur\u00edsticos (DMC) com escrit\u00f3rios em T\u00f3quio e Quioto, e oferece viagens totalmente organizadas a qualquer pessoa que visite o Jap\u00e3o. Utilizamos os nossos conhecimentos e a nossa extensa rede de contactos com artes\u00e3os, criadores e peritos de renome em todo o Jap\u00e3o, para oferecer viv\u00eancias \u00fanicas capazes de desvendar aos visitantes aspetos profundos da cultura japonesa, n\u00e3o facilmente descobertos ou acess\u00edveis sem a exist\u00eancia dessas fortes rela\u00e7\u00f5es pessoais constru\u00eddas ao longo do tempo. Conseguimos abrir portas e facilitar os contactos com artes\u00e3os apaixonados e ansiosos por partilhar o seu of\u00edcio e toda a diversidade do artesanato japon\u00eas tradicional.<br>\n\t\t\t<br>\n\t\t\tPara al\u00e9m destas experi\u00eancias \u00fanicas e muito exclusivas, os nossos clientes viajam pelo Jap\u00e3o para explorar tanto os destinos ic\u00f3nicos do pa\u00eds, como as suas rotas menos conhecidas. Cada viagem \u00e9 desenhada \u00e0 medida das necessidades e interesses dos clientes, e concebida para real\u00e7ar as esta\u00e7\u00f5es do ano e o ambiente natural do Jap\u00e3o. Quer os nossos clientes aspirem a ficar no mais recente hotel de design japon\u00eas ou num cl\u00e1ssico ryokan nas montanhas gerido por um casal acolhedor, escolhemos sempre o melhor que existe dentro de cada categoria, adicionando \u00e0 sua experi\u00eancia uma grande sele\u00e7\u00e3o de restaurantes e de guias bilingues especializados.<br>\n\t\t\t<br>\n\t\t\tBaseando-se no conceito tradicional japon\u00eas de omotenashi, a Luxury Tours Japan est\u00e1 empenhada em fornecer um servi\u00e7o impec\u00e1vel aos seus clientes, prestado com honestidade, integridade e um calor humano genu\u00edno. Faremos sempre o nosso melhor para servir os nossos clientes de forma sincera e para garantir que os seus desejos sejam satisfeitos durante toda a sua viagem, proporcionando uma experi\u00eancia do Jap\u00e3o que esperamos seja simplesmente inesquec\u00edvel e perdure por muito tempo ap\u00f3s a sua partida.<br>\n\t\t\t<br>\t\t\t\n\t\t\tTrabalhamos diretamente com viajantes individuais, grupos privados, e com o setor do turismo em geral.<br>\n\t\t\t<br>\n\t\t\tContact: inquiry@luxurytoursjapan.com\n\t\t<\/p>\n\t<\/div>\n<\/div><\/div><style type=\"text\/css\">.fusion-body .fusion-builder-column-1{width:100% !important;margin-top : 0px;margin-bottom : 20px;}.fusion-builder-column-1 > .fusion-column-wrapper {padding-top : 0px !important;padding-right : 0px !important;margin-right : 1.92%;padding-bottom : 0px !important;padding-left : 0px !important;margin-left : 1.92%;}@media only screen and (max-width:1024px) {.fusion-body .fusion-builder-column-1{width:100% !important;order : 0;}.fusion-builder-column-1 > .fusion-column-wrapper {margin-right : 1.92%;margin-left : 1.92%;}}@media only screen and (max-width:640px) {.fusion-body .fusion-builder-column-1{width:100% !important;order : 0;}.fusion-builder-column-1 > .fusion-column-wrapper {margin-right : 1.92%;margin-left : 1.92%;}}<\/style><\/div><\/div><style type=\"text\/css\">.fusion-body .fusion-flex-container.fusion-builder-row-2{ padding-top : 0px;margin-top : 0px;padding-right : 0px;padding-bottom : 0px;margin-bottom : 0px;padding-left : 0px;}<\/style><\/div><div class=\"fusion-fullwidth fullwidth-box fusion-builder-row-3 nonhundred-percent-fullwidth non-hundred-percent-height-scrolling\" style=\"background-color: rgba(255,255,255,0);background-image:radial-gradient(circle at center center, rgba(255,255,255,0) 15%,#e0e0e0 79%);background-position: center center;background-repeat: no-repeat;padding-top:20px;padding-right:0px;padding-bottom:20px;padding-left:0px;margin-bottom: 0px;margin-top: 0px;border-width: 0px 0px 0px 0px;border-color:#eae9e9;border-style:solid;\" ><div class=\"fusion-builder-row fusion-row\"><div class=\"fusion-layout-column fusion_builder_column fusion-builder-column-2 fusion_builder_column_1_1 1_1 fusion-one-full fusion-column-first fusion-column-last\" style=\"margin-top:0px;margin-bottom:0px;\"><div class=\"fusion-column-wrapper fusion-flex-column-wrapper-legacy\" style=\"background-position:left top;background-repeat:no-repeat;-webkit-background-size:cover;-moz-background-size:cover;-o-background-size:cover;background-size:cover;padding: 0px 0px 0px 0px;\"><style type=\"text\/css\">@media only screen and (max-width:800px) {.fusion-title.fusion-title-1{margin-top:0px!important;margin-bottom:10px!important;}}<\/style><div class=\"fusion-title title fusion-title-1 fusion-sep-none fusion-title-center fusion-title-text fusion-title-size-two\" style=\"font-size:20px;margin-top:0px;margin-right:0px;margin-bottom:10px;margin-left:0px;\"><h2 class=\"title-heading-center fusion-responsive-typography-calculated\" style=\"margin:0;font-size:1em;--fontSize:20;--minFontSize:20px;line-height:1;\">Find the beauty of Japan<\/h2><\/div><style type=\"text\/css\">@media only screen and (max-width:800px) {.fusion-title.fusion-title-2{margin-top:0px!important;margin-bottom:10px!important;}}<\/style><div class=\"fusion-title title fusion-title-2 fusion-sep-none fusion-title-center fusion-title-text fusion-title-size-two\" style=\"font-size:16px;margin-top:0px;margin-right:0px;margin-bottom:10px;margin-left:0px;\"><h2 class=\"title-heading-center fusion-responsive-typography-calculated\" style=\"margin:0;font-size:1em;--fontSize:16;--minFontSize:16px;line-height:1;\">Tailormade luxury tours<\/h2><\/div><style type=\"text\/css\">.fusion-title.fusion-title-3 .fusion-animated-texts-wrapper::before{background-color:#000000!important}@media only screen and (max-width:800px) {.fusion-title.fusion-title-3{margin-top:!important;margin-bottom:0px!important;}}<\/style><div class=\"fusion-title title fusion-title-3 fusion-sep-none fusion-title-center fusion-title-rotating fusion-loop-off fusion-title-typeIn fusion-title-size-two\" style=\"font-size:16px;margin-top:0px;margin-right:0px;margin-bottom:0px;margin-left:0px;\"><h2 class=\"title-heading-center fusion-responsive-typography-calculated\" style=\"margin:0;font-size:1em;color:#000000;--fontSize:16;--minFontSize:16px;line-height:1.5;\"><span class=\"fusion-animated-text-prefix\"><\/span> <span class=\"fusion-animated-texts-wrapper fusion-responsive-typography-calculated\" style=\"color:#000000;--fontSize:16;--minFontSize:16px;font-size:16px;text-align: center;\" data-length=\"char\" data-minDisplayTime=\"1200\"><span class=\"fusion-animated-texts\"><span data-in-effect=\"typeIn\" class=\"fusion-animated-text\" data-in-sequence=\"true\" data-out-reverse=\"true\" data-out-effect=\"typeOut\">Art &amp; culture, Artisans, Food culture<\/span><\/span><\/span> <span class=\"fusion-animated-text-postfix\"><\/span><\/h2><\/div><div class=\"fusion-clearfix\"><\/div><\/div><\/div><\/div><\/div><\/p>\n","protected":false},"excerpt":{"rendered":"","protected":false},"author":1,"featured_media":0,"parent":0,"menu_order":0,"comment_status":"closed","ping_status":"closed","template":"100-width.php","meta":[],"yoast_head":"<!-- This site is optimized with the Yoast SEO plugin v16.5 - https:\/\/yoast.com\/wordpress\/plugins\/seo\/ -->\n<title>Find the beauty of Japan | luxury tours japan<\/title>\n<meta name=\"description\" content=\"Luxury Tours Japan arrange exclusive and unique cultural tours for you. Welcome to the exotic Japan. We will take you to extraordinary world. Luxury Tours Japan.\" \/>\n<meta name=\"robots\" content=\"index, follow, max-snippet:-1, max-image-preview:large, max-video-preview:-1\" \/>\n<link rel=\"canonical\" href=\"https:\/\/luxurytoursjapan.com\/pt-pt\/\" \/>\n<meta property=\"og:locale\" content=\"pt_PT\" \/>\n<meta property=\"og:type\" content=\"article\" \/>\n<meta property=\"og:title\" content=\"Find the beauty of Japan | luxury tours japan\" \/>\n<meta property=\"og:description\" content=\"Luxury Tours Japan arrange exclusive and unique cultural tours for you. Welcome to the exotic Japan. We will take you to extraordinary world. Luxury Tours Japan.\" \/>\n<meta property=\"og:url\" content=\"https:\/\/luxurytoursjapan.com\/pt-pt\/\" \/>\n<meta property=\"og:site_name\" content=\"luxury tours japan\" \/>\n<meta property=\"article:modified_time\" content=\"2022-02-17T10:18:11+00:00\" \/>\n<meta name=\"twitter:card\" content=\"summary_large_image\" \/>\n<meta name=\"twitter:label1\" content=\"Tempo estimado de leitura\" \/>\n\t<meta name=\"twitter:data1\" content=\"3 minutos\" \/>\n<script type=\"application\/ld+json\" class=\"yoast-schema-graph\">{\"@context\":\"https:\/\/schema.org\",\"@graph\":[{\"@type\":\"Organization\",\"@id\":\"https:\/\/luxurytoursjapan.com\/#organization\",\"name\":\"luxury tours japan\",\"url\":\"https:\/\/luxurytoursjapan.com\/\",\"sameAs\":[],\"logo\":{\"@type\":\"ImageObject\",\"@id\":\"https:\/\/luxurytoursjapan.com\/#logo\",\"inLanguage\":\"pt-PT\",\"url\":\"https:\/\/luxurytoursjapan.com\/wp-content\/uploads\/2019\/12\/logo-black.svg\",\"contentUrl\":\"https:\/\/luxurytoursjapan.com\/wp-content\/uploads\/2019\/12\/logo-black.svg\",\"width\":253,\"height\":35,\"caption\":\"luxury tours japan\"},\"image\":{\"@id\":\"https:\/\/luxurytoursjapan.com\/#logo\"}},{\"@type\":\"WebSite\",\"@id\":\"https:\/\/luxurytoursjapan.com\/#website\",\"url\":\"https:\/\/luxurytoursjapan.com\/\",\"name\":\"luxury tours japan\",\"description\":\"\",\"publisher\":{\"@id\":\"https:\/\/luxurytoursjapan.com\/#organization\"},\"potentialAction\":[{\"@type\":\"SearchAction\",\"target\":\"https:\/\/luxurytoursjapan.com\/?s={search_term_string}\",\"query-input\":\"required name=search_term_string\"}],\"inLanguage\":\"pt-PT\"},{\"@type\":\"WebPage\",\"@id\":\"https:\/\/luxurytoursjapan.com\/pt-pt\/#webpage\",\"url\":\"https:\/\/luxurytoursjapan.com\/pt-pt\/\",\"name\":\"Find the beauty of Japan | luxury tours japan\",\"isPartOf\":{\"@id\":\"https:\/\/luxurytoursjapan.com\/#website\"},\"datePublished\":\"2022-01-16T03:53:14+00:00\",\"dateModified\":\"2022-02-17T10:18:11+00:00\",\"description\":\"Luxury Tours Japan arrange exclusive and unique cultural tours for you. Welcome to the exotic Japan. We will take you to extraordinary world. Luxury Tours Japan.\",\"breadcrumb\":{\"@id\":\"https:\/\/luxurytoursjapan.com\/pt-pt\/#breadcrumb\"},\"inLanguage\":\"pt-PT\",\"potentialAction\":[{\"@type\":\"ReadAction\",\"target\":[\"https:\/\/luxurytoursjapan.com\/pt-pt\/\"]}]},{\"@type\":\"BreadcrumbList\",\"@id\":\"https:\/\/luxurytoursjapan.com\/pt-pt\/#breadcrumb\",\"itemListElement\":[{\"@type\":\"ListItem\",\"position\":1,\"name\":\"Home\",\"item\":\"https:\/\/luxurytoursjapan.com\/pt-pt\/\"},{\"@type\":\"ListItem\",\"position\":2,\"name\":\"Top\"}]}]}<\/script>\n<!-- \/ Yoast SEO plugin. -->","_links":{"self":[{"href":"https:\/\/luxurytoursjapan.com\/pt-pt\/wp-json\/wp\/v2\/pages\/4185"}],"collection":[{"href":"https:\/\/luxurytoursjapan.com\/pt-pt\/wp-json\/wp\/v2\/pages"}],"about":[{"href":"https:\/\/luxurytoursjapan.com\/pt-pt\/wp-json\/wp\/v2\/types\/page"}],"author":[{"embeddable":true,"href":"https:\/\/luxurytoursjapan.com\/pt-pt\/wp-json\/wp\/v2\/users\/1"}],"replies":[{"embeddable":true,"href":"https:\/\/luxurytoursjapan.com\/pt-pt\/wp-json\/wp\/v2\/comments?post=4185"}],"version-history":[{"count":7,"href":"https:\/\/luxurytoursjapan.com\/pt-pt\/wp-json\/wp\/v2\/pages\/4185\/revisions"}],"predecessor-version":[{"id":4984,"href":"https:\/\/luxurytoursjapan.com\/pt-pt\/wp-json\/wp\/v2\/pages\/4185\/revisions\/4984"}],"wp:attachment":[{"href":"https:\/\/luxurytoursjapan.com\/pt-pt\/wp-json\/wp\/v2\/media?parent=4185"}],"curies":[{"name":"wp","href":"https:\/\/api.w.org\/{rel}","templated":true}]}}