{"id":5964,"date":"2019-12-01T12:24:21","date_gmt":"2019-12-01T03:24:21","guid":{"rendered":"https:\/\/luxurytoursjapan.com\/contact\/"},"modified":"2022-06-23T09:19:36","modified_gmt":"2022-06-23T00:19:36","slug":"contact","status":"publish","type":"page","link":"https:\/\/luxurytoursjapan.com\/fr\/contact\/","title":{"rendered":"Contact"},"content":{"rendered":"<div class=\"fusion-fullwidth fullwidth-box fusion-builder-row-1 fusion-flex-container nonhundred-percent-fullwidth non-hundred-percent-height-scrolling\" style=\"background-color: rgba(255,255,255,0);background-position: center center;background-repeat: no-repeat;border-width: 0px 0px 0px 0px;border-color:#eae9e9;border-style:solid;\" ><div class=\"fusion-builder-row fusion-row fusion-flex-align-items-flex-start fusion-flex-justify-content-center\" style=\"max-width:1144px;margin-left: calc(-4% \/ 2 );margin-right: calc(-4% \/ 2 );\"><div class=\"fusion-layout-column fusion_builder_column fusion-builder-column-0 fusion_builder_column_2_3 2_3 fusion-flex-column z-top\"><div class=\"fusion-column-wrapper fusion-flex-justify-content-flex-start fusion-content-layout-column\" style=\"background-position:left top;background-repeat:no-repeat;-webkit-background-size:cover;-moz-background-size:cover;-o-background-size:cover;background-size:cover;background-color:rgba(255,255,255,0);padding: 0px 0px 0px 0px;\"><h2 class=\"page-title\">Contact<\/h2>\n<div class=\"page-title-sepa\"><\/div>\n<div class=\"contact-description\">\n<p>Merci de nous avoir contact\u00e9s. Nous vous r\u00e9pondrons sous 3 jours ouvrables. Si vous ne recevez pas de r\u00e9ponse imm\u00e9diate, veuillez nous envoyer un e-mail \u00e0 inquiry@luxurytoursjapan.com.<\/p>\n<p>Si vous souhaitez nous joindre par t\u00e9l\u00e9phone, veuillez nous appeler aux num\u00e9ros \nsuivants ;<\/p>\n    <ul class=\"contact-tel\">\n        <li>US  +1 336 685 1971<\/li>\n        <li>Europe  +33 6 76 14 95 14<\/li>\n        <li>Japan  +81 90 5016 3356<\/li>\n    <\/ul>\n<\/div>\n<div role=\"form\" class=\"wpcf7\" id=\"wpcf7-f1275-o1\" lang=\"en-US\" dir=\"ltr\">\n<div class=\"screen-reader-response\"><p role=\"status\" aria-live=\"polite\" aria-atomic=\"true\"><\/p> <ul><\/ul><\/div>\n<form action=\"\/fr\/wp-json\/wp\/v2\/pages\/5964#wpcf7-f1275-o1\" method=\"post\" class=\"wpcf7-form init\" novalidate=\"novalidate\" data-status=\"init\">\n<div style=\"display: none;\">\n<input type=\"hidden\" name=\"_wpcf7\" value=\"1275\" \/>\n<input type=\"hidden\" name=\"_wpcf7_version\" value=\"5.3.2\" \/>\n<input type=\"hidden\" name=\"_wpcf7_locale\" value=\"en_US\" \/>\n<input type=\"hidden\" name=\"_wpcf7_unit_tag\" value=\"wpcf7-f1275-o1\" \/>\n<input type=\"hidden\" name=\"_wpcf7_container_post\" value=\"0\" \/>\n<input type=\"hidden\" name=\"_wpcf7_posted_data_hash\" value=\"\" \/>\n<input type=\"hidden\" name=\"_wpcf7cf_hidden_group_fields\" value=\"[]\" \/>\n<input type=\"hidden\" name=\"_wpcf7cf_hidden_groups\" value=\"[]\" \/>\n<input type=\"hidden\" name=\"_wpcf7cf_visible_groups\" value=\"[]\" \/>\n<input type=\"hidden\" name=\"_wpcf7cf_repeaters\" value=\"[]\" \/>\n<input type=\"hidden\" name=\"_wpcf7cf_steps\" value=\"{}\" \/>\n<input type=\"hidden\" name=\"_wpcf7cf_options\" value=\"{&quot;form_id&quot;:1275,&quot;conditions&quot;:[],&quot;settings&quot;:{&quot;animation&quot;:&quot;yes&quot;,&quot;animation_intime&quot;:200,&quot;animation_outtime&quot;:200,&quot;conditions_ui&quot;:&quot;normal&quot;,&quot;notice_dismissed&quot;:false}}\" \/>\n<input type=\"hidden\" name=\"_wpcf7_recaptcha_response\" value=\"\" \/>\n<\/div>\n<div id=\"contact-wrapper\">\n<div class=\"contact-item-wrapper\">\n<div class=\"contact-item-left\"><label>Nom de l\u2019entreprise <span class=\"need\">*<\/span><\/label><\/div>\n<div class=\"contact-item-right\"><span class=\"wpcf7-form-control-wrap company-name\"><input type=\"text\" name=\"company-name\" value=\"\" size=\"40\" class=\"wpcf7-form-control wpcf7-text wpcf7-validates-as-required\" aria-required=\"true\" aria-invalid=\"false\" \/><\/span><\/div>\n<\/p><\/div>\n<div class=\"contact-item-wrapper\">\n<div class=\"contact-item-left\"><label>Pays <span class=\"need\">*<\/span><\/label><\/div>\n<div class=\"contact-item-right\"><span class=\"wpcf7-form-control-wrap countrytext-924\"><input type=\"text\" name=\"countrytext-924\" value=\"\" size=\"40\" class=\"wpcf7-form-control wpcf7-text wpcf7-countrytext wpcf7-validates-as-required\" aria-required=\"true\" aria-invalid=\"false\" \/><\/span><\/div>\n<\/p><\/div>\n<div class=\"contact-item-wrapper\">\n<div class=\"contact-item-left\"><label>Civilit\u00e9 <span class=\"need\">*<\/span><br><span class=\"wpcf7-form-control-wrap title\"><select name=\"title\" class=\"wpcf7-form-control wpcf7-select wpcf7-validates-as-required\" aria-required=\"true\" aria-invalid=\"false\"><option value=\"Mlle\">Mlle<\/option><option value=\"Mr\">Mr<\/option><option value=\"Mme\">Mme<\/option><\/select><\/span><\/label><\/div>\n<div class=\"contact-item-right\">\n<div class=\"name-wrapper\">\n<div class=\"first-name\"><label>Pr\u00e9nom <span class=\"need\">*<\/span><\/label><br><span class=\"wpcf7-form-control-wrap First-name\"><input type=\"text\" name=\"First-name\" value=\"\" size=\"40\" class=\"wpcf7-form-control wpcf7-text wpcf7-validates-as-required\" aria-required=\"true\" aria-invalid=\"false\" \/><\/span><\/div>\n<div class=\"surname\"><label>Nom <span class=\"need\">*<\/span><\/label><br><span class=\"wpcf7-form-control-wrap Sir-name\"><input type=\"text\" name=\"Sir-name\" value=\"\" size=\"40\" class=\"wpcf7-form-control wpcf7-text wpcf7-validates-as-required\" aria-required=\"true\" aria-invalid=\"false\" \/><\/span><\/div>\n<\/div>\n<\/div><\/div>\n<div class=\"contact-item-wrapper\">\n<div class=\"contact-item-left\"><label>Email <span class=\"need\">*<\/span><\/label><\/div>\n<div class=\"contact-item-right\"><span class=\"wpcf7-form-control-wrap your-email\"><input type=\"email\" name=\"your-email\" value=\"\" size=\"40\" class=\"wpcf7-form-control wpcf7-text wpcf7-email wpcf7-validates-as-required wpcf7-validates-as-email\" aria-required=\"true\" aria-invalid=\"false\" \/><\/span> <\/div>\n<\/p><\/div>\n<div class=\"contact-item-wrapper\">\n<div class=\"contact-item-left\"><label>Vous \u00eates : <span class=\"need\">*<\/span><\/label><\/div>\n<div class=\"contact-item-right\"><span class=\"wpcf7-form-control-wrap syurui\"><span class=\"wpcf7-form-control wpcf7-radio\" id=\"radio\"><span class=\"wpcf7-list-item first\"><label><input type=\"radio\" name=\"syurui\" value=\"Voyageur particulier\" checked=\"checked\" \/><span class=\"wpcf7-list-item-label\">Voyageur particulier<\/span><\/label><\/span><span class=\"wpcf7-list-item last\"><label><input type=\"radio\" name=\"syurui\" value=\"Voyageur d\u2019affaire\" \/><span class=\"wpcf7-list-item-label\">Voyageur d\u2019affaire<\/span><\/label><\/span><\/span><\/span><\/div>\n<\/p><\/div>\n<div class=\"contact-item-wrapper\">\n<div class=\"contact-item-left\"><label>Fa\u00eetes nous part de vos souhaits et commentaires : <span class=\"need\">*<\/span><\/label><\/div>\n<div class=\"contact-item-right\"><span class=\"wpcf7-form-control-wrap your-message\"><textarea name=\"your-message\" cols=\"40\" rows=\"10\" class=\"wpcf7-form-control wpcf7-textarea wpcf7-validates-as-required\" aria-required=\"true\" aria-invalid=\"false\"><\/textarea><\/span> <\/div>\n<\/p><\/div>\n<div class=\"contact-item-wrapper\">\n<div class=\"contact-item-left\"><\/div>\n<div class=\"contact-item-right\">\n<p><a class=\"privacy-link\" href=\"https:\/\/luxurytoursjapan.com\/privacy-policy\/\" target=\"_blank\">Politique de confidentialit\u00e9<\/a><\/p>\n<p><span class=\"wpcf7-form-control-wrap acceptance-770\"><span class=\"wpcf7-form-control wpcf7-acceptance\"><span class=\"wpcf7-list-item\"><label><input type=\"checkbox\" name=\"acceptance-770\" value=\"1\" aria-invalid=\"false\" \/><span class=\"wpcf7-list-item-label\">J\u2019accepte la politique de confidentialit\u00e9<\/span><\/label><\/span><\/span><\/span><\/p>\n<\/div><\/div>\n<div class=\"contact-button-wrapper\">\n<input type=\"submit\" value=\"Envoyer\" class=\"wpcf7-form-control wpcf7-submit\" \/>\n\t<\/div>\n<p class=\"recaptcha_policy\">\n\t\tThis site is protected by reCAPTCHA and the Google <a href=\"https:\/\/policies.google.com\/privacy\" target=\"_blank\">Privacy Policy<\/a> and <a href=\"https:\/\/policies.google.com\/terms\" target=\"_blank\">Terms of Service<\/a> apply.\n\t<\/p>\n<\/div>\n<div class=\"wpcf7-response-output\" aria-hidden=\"true\"><\/div><\/form><\/div><\/div><style type=\"text\/css\">.fusion-body .fusion-builder-column-0{width:66.666666666667% !important;margin-top : 0px;margin-bottom : 20px;}.fusion-builder-column-0 > .fusion-column-wrapper {padding-top : 0px !important;padding-right : 0px !important;margin-right : 2.88%;padding-bottom : 0px !important;padding-left : 0px !important;margin-left : 2.88%;}@media only screen and (max-width:1024px) {.fusion-body .fusion-builder-column-0{width:100% !important;order : 0;}.fusion-builder-column-0 > .fusion-column-wrapper {margin-right : 1.92%;margin-left : 1.92%;}}@media only screen and (max-width:640px) {.fusion-body .fusion-builder-column-0{width:100% !important;order : 0;}.fusion-builder-column-0 > .fusion-column-wrapper {margin-right : 1.92%;margin-left : 1.92%;}}<\/style><\/div><\/div><style type=\"text\/css\">.fusion-body .fusion-flex-container.fusion-builder-row-1{ padding-top : 0px;margin-top : 0px;padding-right : 0px;padding-bottom : 0px;margin-bottom : 0px;padding-left : 0px;}<\/style><\/div>\n","protected":false},"excerpt":{"rendered":"","protected":false},"author":1,"featured_media":0,"parent":0,"menu_order":0,"comment_status":"closed","ping_status":"closed","template":"100-width.php","meta":[],"yoast_head":"<!-- This site is optimized with the Yoast SEO plugin v16.5 - https:\/\/yoast.com\/wordpress\/plugins\/seo\/ -->\n<title>Contact | luxury tours japan<\/title>\n<meta name=\"description\" content=\"If you are looking for a special, cultural and memorable trip to Japan, please contact us. Luxury Tours Japan.\" \/>\n<meta name=\"robots\" content=\"index, follow, max-snippet:-1, max-image-preview:large, max-video-preview:-1\" \/>\n<link rel=\"canonical\" href=\"https:\/\/luxurytoursjapan.com\/fr\/contact\/\" \/>\n<meta property=\"og:locale\" content=\"fr_FR\" \/>\n<meta property=\"og:type\" content=\"article\" \/>\n<meta property=\"og:title\" content=\"Contact | luxury tours japan\" \/>\n<meta property=\"og:description\" content=\"If you are looking for a special, cultural and memorable trip to Japan, please contact us. Luxury Tours Japan.\" \/>\n<meta property=\"og:url\" content=\"https:\/\/luxurytoursjapan.com\/fr\/contact\/\" \/>\n<meta property=\"og:site_name\" content=\"luxury tours japan\" \/>\n<meta property=\"article:modified_time\" content=\"2022-06-23T00:19:36+00:00\" \/>\n<meta name=\"twitter:card\" content=\"summary_large_image\" \/>\n<meta name=\"twitter:label1\" content=\"Dur\u00e9e de lecture est.\" \/>\n\t<meta name=\"twitter:data1\" content=\"4 minutes\" \/>\n<script type=\"application\/ld+json\" class=\"yoast-schema-graph\">{\"@context\":\"https:\/\/schema.org\",\"@graph\":[{\"@type\":\"Organization\",\"@id\":\"https:\/\/luxurytoursjapan.com\/#organization\",\"name\":\"luxury tours japan\",\"url\":\"https:\/\/luxurytoursjapan.com\/\",\"sameAs\":[],\"logo\":{\"@type\":\"ImageObject\",\"@id\":\"https:\/\/luxurytoursjapan.com\/#logo\",\"inLanguage\":\"fr-FR\",\"url\":\"https:\/\/luxurytoursjapan.com\/wp-content\/uploads\/2019\/12\/logo-black.svg\",\"contentUrl\":\"https:\/\/luxurytoursjapan.com\/wp-content\/uploads\/2019\/12\/logo-black.svg\",\"width\":253,\"height\":35,\"caption\":\"luxury tours japan\"},\"image\":{\"@id\":\"https:\/\/luxurytoursjapan.com\/#logo\"}},{\"@type\":\"WebSite\",\"@id\":\"https:\/\/luxurytoursjapan.com\/#website\",\"url\":\"https:\/\/luxurytoursjapan.com\/\",\"name\":\"luxury tours japan\",\"description\":\"\",\"publisher\":{\"@id\":\"https:\/\/luxurytoursjapan.com\/#organization\"},\"potentialAction\":[{\"@type\":\"SearchAction\",\"target\":\"https:\/\/luxurytoursjapan.com\/?s={search_term_string}\",\"query-input\":\"required name=search_term_string\"}],\"inLanguage\":\"fr-FR\"},{\"@type\":\"WebPage\",\"@id\":\"https:\/\/luxurytoursjapan.com\/fr\/contact\/#webpage\",\"url\":\"https:\/\/luxurytoursjapan.com\/fr\/contact\/\",\"name\":\"Contact | luxury tours japan\",\"isPartOf\":{\"@id\":\"https:\/\/luxurytoursjapan.com\/#website\"},\"datePublished\":\"2019-12-01T03:24:21+00:00\",\"dateModified\":\"2022-06-23T00:19:36+00:00\",\"description\":\"If you are looking for a special, cultural and memorable trip to Japan, please contact us. Luxury Tours Japan.\",\"breadcrumb\":{\"@id\":\"https:\/\/luxurytoursjapan.com\/fr\/contact\/#breadcrumb\"},\"inLanguage\":\"fr-FR\",\"potentialAction\":[{\"@type\":\"ReadAction\",\"target\":[\"https:\/\/luxurytoursjapan.com\/fr\/contact\/\"]}]},{\"@type\":\"BreadcrumbList\",\"@id\":\"https:\/\/luxurytoursjapan.com\/fr\/contact\/#breadcrumb\",\"itemListElement\":[{\"@type\":\"ListItem\",\"position\":1,\"name\":\"Home\",\"item\":\"https:\/\/luxurytoursjapan.com\/fr\/\"},{\"@type\":\"ListItem\",\"position\":2,\"name\":\"Contact\"}]}]}<\/script>\n<!-- \/ Yoast SEO plugin. -->","_links":{"self":[{"href":"https:\/\/luxurytoursjapan.com\/fr\/wp-json\/wp\/v2\/pages\/5964"}],"collection":[{"href":"https:\/\/luxurytoursjapan.com\/fr\/wp-json\/wp\/v2\/pages"}],"about":[{"href":"https:\/\/luxurytoursjapan.com\/fr\/wp-json\/wp\/v2\/types\/page"}],"author":[{"embeddable":true,"href":"https:\/\/luxurytoursjapan.com\/fr\/wp-json\/wp\/v2\/users\/1"}],"replies":[{"embeddable":true,"href":"https:\/\/luxurytoursjapan.com\/fr\/wp-json\/wp\/v2\/comments?post=5964"}],"version-history":[{"count":5,"href":"https:\/\/luxurytoursjapan.com\/fr\/wp-json\/wp\/v2\/pages\/5964\/revisions"}],"predecessor-version":[{"id":6091,"href":"https:\/\/luxurytoursjapan.com\/fr\/wp-json\/wp\/v2\/pages\/5964\/revisions\/6091"}],"wp:attachment":[{"href":"https:\/\/luxurytoursjapan.com\/fr\/wp-json\/wp\/v2\/media?parent=5964"}],"curies":[{"name":"wp","href":"https:\/\/api.w.org\/{rel}","templated":true}]}}