{"id":5961,"date":"2019-11-28T09:56:56","date_gmt":"2019-11-28T00:56:56","guid":{"rendered":"https:\/\/luxurytoursjapan.com\/about\/"},"modified":"2025-07-02T09:25:16","modified_gmt":"2025-07-02T00:25:16","slug":"about","status":"publish","type":"page","link":"https:\/\/luxurytoursjapan.com\/fr\/about\/","title":{"rendered":"A propos"},"content":{"rendered":"<div class=\"fusion-fullwidth fullwidth-box fusion-builder-row-1 nonhundred-percent-fullwidth non-hundred-percent-height-scrolling\" style=\"background-color: rgba(255,255,255,0);background-position: center center;background-repeat: no-repeat;padding-top:0px;padding-right:0px;padding-bottom:0px;padding-left:0px;margin-bottom: 0px;margin-top: 0px;border-width: 0px 0px 0px 0px;border-color:#eae9e9;border-style:solid;\" ><div class=\"fusion-builder-row fusion-row\"><div class=\"fusion-layout-column fusion_builder_column fusion-builder-column-0 fusion_builder_column_1_1 1_1 fusion-one-full fusion-column-first fusion-column-last\" style=\"margin-top:0px;margin-bottom:20px;\"><div class=\"fusion-column-wrapper fusion-flex-column-wrapper-legacy\" style=\"background-position:left top;background-repeat:no-repeat;-webkit-background-size:cover;-moz-background-size:cover;-o-background-size:cover;background-size:cover;padding: 0px 0px 0px 0px;\"><div class=\"page-content\">\n    <div class=\"page-main-content\">\n        <h3 class=\"item-title\">L\u2019agence<\/h3>\n        <div class=\"item-sepa\"><\/div>\n        Luxury Tours Japan a \u00e9t\u00e9 cr\u00e9\u00e9 il y a plus de 15 ans pour faire d\u00e9couvrir des exp\u00e9riences culturelles\n        enrichissantes aux visiteurs du Japon. Au fil du temps, nous avons travaill\u00e9 avec des agences de voyage du monde\n        entier pour proposer des s\u00e9jours culturels exceptionnels aux particuliers et aux petits groupes, ainsi qu'aux\n        entreprises, aux MICE et aux VIP. Aujourd'hui, Luxury Tours Japan est une agence de voyage et un DMC agr\u00e9\u00e9, avec\n        des bureaux \u00e0 Tokyo et Kyoto, qui organise des voyages enti\u00e8rement organis\u00e9s pour les visiteurs du Japon. Forts\n        de nos atouts et de notre vaste r\u00e9seau d'artisans, de fabricants et de sp\u00e9cialistes de renom \u00e0 travers le pays,\n        nous proposons des exp\u00e9riences uniques au Japon. Nous faisons d\u00e9couvrir aux visiteurs des dimensions\n        essentielles de la culture japonaise, difficilement accessibles \u00e0 ceux qui ne b\u00e9n\u00e9ficient pas de relations\n        privil\u00e9gi\u00e9es \u00e9tablies au fil du temps. Nous sommes en mesure d'ouvrir des portes et de faciliter les rencontres\n        avec des professionnels passionn\u00e9s d\u00e9sireux de partager leur art dans l'ensemble des domaines traditionnels du\n        Japon. Gr\u00e2ce \u00e0 ces exp\u00e9riences exclusives, nos voyages emm\u00e8nent nos clients \u00e0 travers le Japon pour explorer les\n        destinations embl\u00e9matiques du pays ainsi que ses sentiers moins connus. Chaque voyage est enti\u00e8rement\n        personnalis\u00e9 afin de r\u00e9pondre aux besoins et souhaits du voyageur, et con\u00e7u pour mettre en lumi\u00e8re les saisons\n        et la richesse de la nature japonaise. Que nos clients souhaitent s\u00e9journer dans l'un des h\u00f4tels design les plus\n        r\u00e9cents du Japon ou dans un ryokan traditionnel en montagne tenu par un couple accueillant, nous s\u00e9lectionnons\n        les meilleurs de la cat\u00e9gorie. Nous associons cette exp\u00e9rience \u00e0 une s\u00e9lection de restaurants de qualit\u00e9 et \u00e0\n        des guides bilingues exp\u00e9riment\u00e9s. S'inspirant du concept traditionnel japonais de l\u2019omotenashi, ou hospitalit\u00e9,\n        Luxury Tours Japan s'engage \u00e0 fournir un service irr\u00e9prochable \u00e0 ses clients, avec honn\u00eatet\u00e9, int\u00e9grit\u00e9 et une\n        chaleur authentique. Nous nous emploierons toujours \u00e0 servir nos clients de tout notre coeur et faire que leurs\n        attentes soient pleinement combl\u00e9es tout au long de leur voyage. Nous leur offrons une exp\u00e9rience japonaise qui,\n        nous l'esp\u00e9rons, sera tout simplement inoubliable et r\u00e9sonnera longtemps apr\u00e8s leur d\u00e9part du Japon. Nous\n        travaillons en direct avec les voyageurs particuliers et les groupes priv\u00e9s, ainsi qu'avec les professionnels.\n        <h3 class=\"item-title\">La fondatrice<\/h3>\n        <div class=\"item-sepa\"><\/div>\n        Issue d'une ancienne famille de Kyoto, Yuka Sato, la fondatrice de Luxury Tours Japan, a grandi dans un\n        environnement influenc\u00e9 par l'art et la tradition japonais. De ce fait, elle s'est int\u00e9ress\u00e9e \u00e0 tous les aspects\n        de la culture japonaise depuis sa plus tendre enfance. Elle compte parmi ses proches d'anciennes geiko (c'est\n        ainsi que l'on appelle les geishas \u00e0 Kyoto), dont certaines continuent de diriger les h\u00e9bergements o\u00f9 r\u00e9sident\n        les geiko et les restaurants traditionnels priv\u00e9s fr\u00e9quent\u00e9s par les geiko de Kyoto et leurs invit\u00e9s. Gr\u00e2ce \u00e0\n        ses connexions familiales, et maintenant gr\u00e2ce \u00e0 son travail consistant \u00e0 aider les visiteurs \u00e0 d\u00e9couvrir l'art\n        et la culture du Japon, elle entretient un r\u00e9seau \u00e9troit et actif avec les acteurs cl\u00e9s des activit\u00e9s\n        traditionnelles du pays. Yuka a eu la chance de rencontrer des personnes issues de diff\u00e9rentes cultures d\u00e8s son\n        plus jeune \u00e2ge, ce qui l'a amen\u00e9e \u00e0 beaucoup voyager une fois adulte. Ayant visit\u00e9 des pays du monde entier,\n        elle a toujours appr\u00e9ci\u00e9 la perspective de s'engager directement aupr\u00e8s des communaut\u00e9s locales et, gr\u00e2ce \u00e0 ces\n        connexions personnelles, d'acqu\u00e9rir des connaissances approfondies et des souvenirs imp\u00e9rissables. En lan\u00e7ant sa\n        propre entreprise, elle a souhait\u00e9 offrir aux visiteurs du Japon une exp\u00e9rience similaire, en leur donnant\n        l'occasion de d\u00e9couvrir le Japon sous toutes ses coutures et de rencontrer directement ses habitants. Par le\n        biais d'exp\u00e9riences privil\u00e9gi\u00e9es avec des artisans et des sp\u00e9cialistes locaux - brasseurs de shoyu de grande\n        qualit\u00e9, cr\u00e9ateurs de textiles en soie \u00e9labor\u00e9s ou artisans du m\u00e9tal japonais\n        Yuka cherche \u00e0 cr\u00e9er des rencontres uniques permettant aux visiteurs de d\u00e9couvrir le riche patrimoine du Japon.\n        Gr\u00e2ce \u00e0 cette plateforme, elle offre l'opportunit\u00e9 aux visiteurs d'interagir de mani\u00e8re directe et personnelle\n        et de partager ainsi quelque chose les uns avec les autres. \u00c9galement motiv\u00e9e par un profond d\u00e9sir de contribuer\n        \u00e0 la perp\u00e9tuation de ces traditions qui l'ont tant enchant\u00e9es dans son enfance. En participant \u00e0 la valorisation\n        du travail des artisans japonais au-del\u00e0 du Japon, Yuka esp\u00e8re \u00e9galement, \u00e0 sa mani\u00e8re, pr\u00e9server le patrimoine\n        culturel et naturel du Japon et contribuer activement \u00e0 l'\u00e9conomie des arts traditionnels.\n        <div class=\"clear\"><\/div>\n                <h3 class=\"item-title\">Our Team<\/h3>\n        <div class=\"item-sepa\"><\/div>\n        <div class=\"member-wrapper member-list flex flex-item\">\n            <figure class=\"member-item\">\n                <img class=\"member-image\" src=\"https:\/\/luxurytoursjapan.com\/wp-content\/uploads\/2024\/03\/yuka-1-scaled.jpg\"\n                    alt=\"Yuka\" width=\"300\" height=\"200\">\n                <figcaption class=\"member-profile\">\n                    <h3 class=\"member-post\">FOUNDER & <br>MANAGING DIRECTOR<\/h3>\n                    <h4 class=\"member-name\">Yuka<\/h4>\n                <\/figcaption>\n            <\/figure>\n            <figure class=\"member-item\">\n                <img class=\"member-image\" src=\"https:\/\/luxurytoursjapan.com\/wp-content\/uploads\/2024\/03\/miho-1-scaled.jpg\"\n                    alt=\"Miho\" width=\"300\" height=\"200\">\n                <figcaption class=\"member-profile\">\n                    <h3 class=\"member-post\">Manager<\/h3>\n                    <h4 class=\"member-name\">Miho<\/h4>\n                <\/figcaption>\n            <\/figure>\n            <figure class=\"member-item\">\n                <img class=\"member-image\" src=\"https:\/\/luxurytoursjapan.com\/wp-content\/uploads\/2024\/03\/mayu-1-scaled.jpg\"\n                    alt=\"Mayu\" width=\"300\" height=\"200\">\n                <figcaption class=\"member-profile\">\n                    <h3 class=\"member-post\">Senior Consultant<\/h3>\n                    <h4 class=\"member-name\">Mayu<\/h4>\n                <\/figcaption>\n            <\/figure>\n\n\n\n           <figure class=\"member-item\">\n                 <img class=\"member-image\"\n                    src=\"https:\/\/luxurytoursjapan.com\/wp-content\/uploads\/2025\/04\/rie-e1743466594947.jpg\"\n                    alt=\"Marc\" width=\"300\" height=\"200\">\n                <figcaption class=\"member-profile\">\n                    <h3 class=\"member-post\">Consultant & Finance Coordinator<\/h3>\n                    <h4 class=\"member-name\">Rie<\/h4>\n                <\/figcaption>\n            <\/figure>\n\n            <figure class=\"member-item\">\n                <img class=\"member-image\" src=\"https:\/\/luxurytoursjapan.com\/wp-content\/uploads\/2024\/03\/chiharu-1-scaled.jpg\"\n                    alt=\"Chiharu\" width=\"300\" height=\"200\">\n                <figcaption class=\"member-profile\">\n                    <h3 class=\"member-post\">Senior Consultant<\/h3>\n                    <h4 class=\"member-name\">Chiharu<\/h4>\n                <\/figcaption>\n            <\/figure>\n\n            <figure class=\"member-item\">\n                <img class=\"member-image\" src=\"https:\/\/luxurytoursjapan.com\/wp-content\/uploads\/2025\/06\/mimi02-scaled.jpg\"\n                    alt=\"Moe\" width=\"300\" height=\"200\">\n                <figcaption class=\"member-profile\">\n                    <h3 class=\"member-post\">Coordinator<\/h3>\n                    <h4 class=\"member-name\">Mimi<\/h4>\n                <\/figcaption>\n            <\/figure>\n\n            <figure class=\"member-item\">\n                <img class=\"member-image\" src=\"https:\/\/behindthescenes-tours.com\/wp-content\/uploads\/2023\/10\/Moe-1.jpg\"\n                    alt=\"Moe\" width=\"300\" height=\"200\">\n                <figcaption class=\"member-profile\">\n                    <h3 class=\"member-post\">MICE Consultant<\/h3>\n                    <h4 class=\"member-name\">Moe<\/h4>\n                <\/figcaption>\n            <\/figure>\n\n<!--\n            <figure class=\"member-item\">\n                <img class=\"member-image\" src=\"https:\/\/luxurytoursjapan.com\/wp-content\/uploads\/2024\/03\/kimi-1.jpg\"\n                    alt=\"Kimi\" width=\"300\" height=\"200\">\n                <figcaption class=\"member-profile\">\n                    <h3 class=\"member-post\">Coordinator<\/h3>\n                    <h4 class=\"member-name\">Kimi<\/h4>\n                <\/figcaption>\n            <\/figure>\n-->\n\n            <figure class=\"member-item\">\n                <img class=\"member-image\"\n                    src=\"https:\/\/luxurytoursjapan.com\/wp-content\/uploads\/2024\/03\/blank.svg\"\n                    alt=\"Marc\" width=\"300\" height=\"200\">\n                <figcaption class=\"member-profile\">\n                    <h3 class=\"member-post\">Strategy Manager<\/h3>\n                    <h4 class=\"member-name\">Marc<\/h4>\n                <\/figcaption>\n            <\/figure>\n        <\/div>\n        <h3 class=\"item-title\">Corporate Information<\/h3>\n        <div class=\"item-sepa\"><\/div>\n        <table width=\"100%\">\n            <tbody>\n                <tr>\n                    <td align=\"left\">Brand Name<\/td>\n                    <td align=\"left\">Luxury Tours Japan<\/td>\n                <\/tr>\n                <tr>\n                    <td align=\"left\">Registered Company Name<\/td>\n                    <td align=\"left\">Miyako Lab Co., Ltd.<\/td>\n                <\/tr>\n                <tr>\n                    <td align=\"left\">Official Website<\/td>\n                    <td align=\"left\"><a href=\"http:\/\/www.miyako-lab.com\/\" target=\"_blank\" rel=\"noopener noreferrer\"\n                            data-saferedirecturl=\"https:\/\/www.google.com\/url?q=http:\/\/www.miyako-lab.com&source=gmail&ust=1575865180647000&usg=AFQjCNFLUZdXk-uPvIqwnAopwoD2OYYNCQ\">www.luxurytoursjapan.com<\/a>\n                    <\/td>\n                <\/tr>\n                <tr>\n                    <td align=\"left\">Contact Email<\/td>\n                    <td align=\"left\"><a href=\"mailto:inquiry@luxurytoursjapan.com\" target=\"_blank\"\n                            rel=\"noopener noreferrer\">inquiry@luxurytoursjapan.com<\/a><\/td>\n                <\/tr>\n                <tr>\n                    <td align=\"left\">Founder & Managing Director<\/td>\n                    <td align=\"left\"><span class=\"il\">Yuka<\/span>\u00a0SATO<\/td>\n                <\/tr>\n                <tr>\n                    <td align=\"left\">Offices<\/td>\n                    <td align=\"left\">Tokyo and Kyoto, Japan and Europe<\/td>\n                <\/tr>\n                <tr>\n                    <td align=\"left\">License<\/td>\n                    <td align=\"left\">Travel Agency Registered with Kyoto Governor No. 3-817<\/td>\n                <\/tr>\n                <tr>\n                    <td align=\"left\">Japan<\/td>\n                    <td align=\"left\">+81 90 5016 3356<\/td>\n                <\/tr>\n                <tr>\n                    <td align=\"left\">Europe<\/td>\n                    <td align=\"left\">+33 6 76 14 95 14<\/td>\n                <\/tr>\n                <tr>\n                    <td align=\"left\">US<\/td>\n                    <td align=\"left\">+1 336 685 1971 <\/td>\n                <\/tr>\n            <\/tbody>\n        <\/table>\n        <div class=\"sns-wrap\">\n            <a class=\"insta-icon\" href=\"https:\/\/www.instagram.com\/luxurytoursjapan\/\" target=\"_blank\">\n                <i class=\"fontawesome-icon fa-instagram fab\"><\/i>\n            <\/a>\n            <a class=\"linked-icon\" href=\"https:\/\/www.linkedin.com\/company\/78850066\/admin\/\" target=\"_blank\">\n                <i class=\"fontawesome-icon fa-linkedin-in fab\"><\/i>\n            <\/a>\n        <\/div>\n    <\/div>\n<\/div><div class=\"fusion-clearfix\"><\/div><\/div><\/div><\/div><\/div>\n","protected":false},"excerpt":{"rendered":"","protected":false},"author":1,"featured_media":0,"parent":0,"menu_order":0,"comment_status":"closed","ping_status":"closed","template":"100-width.php","meta":[],"yoast_head":"<!-- This site is optimized with the Yoast SEO plugin v16.5 - https:\/\/yoast.com\/wordpress\/plugins\/seo\/ -->\n<title>A propos | luxury tours japan<\/title>\n<meta name=\"description\" content=\"We will guide you through the \u201cReal Japan\u201d and not through the ordinary touristic activities. Luxury Tours Japan.\" \/>\n<meta name=\"robots\" content=\"index, follow, max-snippet:-1, max-image-preview:large, max-video-preview:-1\" \/>\n<link rel=\"canonical\" href=\"https:\/\/luxurytoursjapan.com\/fr\/about\/\" \/>\n<meta property=\"og:locale\" content=\"fr_FR\" \/>\n<meta property=\"og:type\" content=\"article\" \/>\n<meta property=\"og:title\" content=\"A propos | luxury tours japan\" \/>\n<meta property=\"og:description\" content=\"We will guide you through the \u201cReal Japan\u201d and not through the ordinary touristic activities. Luxury Tours Japan.\" \/>\n<meta property=\"og:url\" content=\"https:\/\/luxurytoursjapan.com\/fr\/about\/\" \/>\n<meta property=\"og:site_name\" content=\"luxury tours japan\" \/>\n<meta property=\"article:modified_time\" content=\"2025-07-02T00:25:16+00:00\" \/>\n<meta name=\"twitter:card\" content=\"summary_large_image\" \/>\n<meta name=\"twitter:label1\" content=\"Dur\u00e9e de lecture est.\" \/>\n\t<meta name=\"twitter:data1\" content=\"5 minutes\" \/>\n<script type=\"application\/ld+json\" class=\"yoast-schema-graph\">{\"@context\":\"https:\/\/schema.org\",\"@graph\":[{\"@type\":\"Organization\",\"@id\":\"https:\/\/luxurytoursjapan.com\/#organization\",\"name\":\"luxury tours japan\",\"url\":\"https:\/\/luxurytoursjapan.com\/\",\"sameAs\":[],\"logo\":{\"@type\":\"ImageObject\",\"@id\":\"https:\/\/luxurytoursjapan.com\/#logo\",\"inLanguage\":\"fr-FR\",\"url\":\"https:\/\/luxurytoursjapan.com\/wp-content\/uploads\/2019\/12\/logo-black.svg\",\"contentUrl\":\"https:\/\/luxurytoursjapan.com\/wp-content\/uploads\/2019\/12\/logo-black.svg\",\"width\":253,\"height\":35,\"caption\":\"luxury tours japan\"},\"image\":{\"@id\":\"https:\/\/luxurytoursjapan.com\/#logo\"}},{\"@type\":\"WebSite\",\"@id\":\"https:\/\/luxurytoursjapan.com\/#website\",\"url\":\"https:\/\/luxurytoursjapan.com\/\",\"name\":\"luxury tours japan\",\"description\":\"\",\"publisher\":{\"@id\":\"https:\/\/luxurytoursjapan.com\/#organization\"},\"potentialAction\":[{\"@type\":\"SearchAction\",\"target\":\"https:\/\/luxurytoursjapan.com\/?s={search_term_string}\",\"query-input\":\"required name=search_term_string\"}],\"inLanguage\":\"fr-FR\"},{\"@type\":\"WebPage\",\"@id\":\"https:\/\/luxurytoursjapan.com\/fr\/about\/#webpage\",\"url\":\"https:\/\/luxurytoursjapan.com\/fr\/about\/\",\"name\":\"A propos | luxury tours japan\",\"isPartOf\":{\"@id\":\"https:\/\/luxurytoursjapan.com\/#website\"},\"datePublished\":\"2019-11-28T00:56:56+00:00\",\"dateModified\":\"2025-07-02T00:25:16+00:00\",\"description\":\"We will guide you through the \\u201cReal Japan\\u201d and not through the ordinary touristic activities. Luxury Tours Japan.\",\"breadcrumb\":{\"@id\":\"https:\/\/luxurytoursjapan.com\/fr\/about\/#breadcrumb\"},\"inLanguage\":\"fr-FR\",\"potentialAction\":[{\"@type\":\"ReadAction\",\"target\":[\"https:\/\/luxurytoursjapan.com\/fr\/about\/\"]}]},{\"@type\":\"BreadcrumbList\",\"@id\":\"https:\/\/luxurytoursjapan.com\/fr\/about\/#breadcrumb\",\"itemListElement\":[{\"@type\":\"ListItem\",\"position\":1,\"name\":\"Home\",\"item\":\"https:\/\/luxurytoursjapan.com\/fr\/\"},{\"@type\":\"ListItem\",\"position\":2,\"name\":\"A propos\"}]}]}<\/script>\n<!-- \/ Yoast SEO plugin. -->","_links":{"self":[{"href":"https:\/\/luxurytoursjapan.com\/fr\/wp-json\/wp\/v2\/pages\/5961"}],"collection":[{"href":"https:\/\/luxurytoursjapan.com\/fr\/wp-json\/wp\/v2\/pages"}],"about":[{"href":"https:\/\/luxurytoursjapan.com\/fr\/wp-json\/wp\/v2\/types\/page"}],"author":[{"embeddable":true,"href":"https:\/\/luxurytoursjapan.com\/fr\/wp-json\/wp\/v2\/users\/1"}],"replies":[{"embeddable":true,"href":"https:\/\/luxurytoursjapan.com\/fr\/wp-json\/wp\/v2\/comments?post=5961"}],"version-history":[{"count":5,"href":"https:\/\/luxurytoursjapan.com\/fr\/wp-json\/wp\/v2\/pages\/5961\/revisions"}],"predecessor-version":[{"id":8627,"href":"https:\/\/luxurytoursjapan.com\/fr\/wp-json\/wp\/v2\/pages\/5961\/revisions\/8627"}],"wp:attachment":[{"href":"https:\/\/luxurytoursjapan.com\/fr\/wp-json\/wp\/v2\/media?parent=5961"}],"curies":[{"name":"wp","href":"https:\/\/api.w.org\/{rel}","templated":true}]}}