{"id":5802,"date":"2022-06-07T09:03:01","date_gmt":"2022-06-07T00:03:01","guid":{"rendered":"https:\/\/luxurytoursjapan.com\/experiences\/tea-ceremony-calligraphy-ikebana\/"},"modified":"2022-06-07T09:39:09","modified_gmt":"2022-06-07T00:39:09","slug":"tea-ceremony-calligraphy-ikebana","status":"publish","type":"page","link":"https:\/\/luxurytoursjapan.com\/fr\/experiences\/tea-ceremony-calligraphy-ikebana\/","title":{"rendered":"C\u00e9r\u00e9monie du th\u00e9, calligraphie et Ikebana"},"content":{"rendered":"","protected":false},"excerpt":{"rendered":"","protected":false},"author":1,"featured_media":4099,"parent":5776,"menu_order":0,"comment_status":"closed","ping_status":"closed","template":"page-Experience -item.php","meta":[],"yoast_head":"<!-- This site is optimized with the Yoast SEO plugin v16.5 - https:\/\/yoast.com\/wordpress\/plugins\/seo\/ -->\n<title>C\u00e9r\u00e9monie du th\u00e9, calligraphie et Ikebana | luxury tours japan<\/title>\n<meta name=\"robots\" content=\"index, follow, max-snippet:-1, max-image-preview:large, max-video-preview:-1\" \/>\n<link rel=\"canonical\" href=\"https:\/\/luxurytoursjapan.com\/fr\/experiences\/tea-ceremony-calligraphy-ikebana\/\" \/>\n<meta property=\"og:locale\" content=\"fr_FR\" \/>\n<meta property=\"og:type\" content=\"article\" \/>\n<meta property=\"og:title\" content=\"C\u00e9r\u00e9monie du th\u00e9, calligraphie et Ikebana | luxury tours japan\" \/>\n<meta property=\"og:url\" content=\"https:\/\/luxurytoursjapan.com\/fr\/experiences\/tea-ceremony-calligraphy-ikebana\/\" \/>\n<meta property=\"og:site_name\" content=\"luxury tours japan\" \/>\n<meta property=\"article:modified_time\" content=\"2022-06-07T00:39:09+00:00\" \/>\n<meta property=\"og:image\" content=\"https:\/\/luxurytoursjapan.com\/wp-content\/uploads\/2022\/01\/tea-scaled-1.jpg\" \/>\n\t<meta property=\"og:image:width\" content=\"1920\" \/>\n\t<meta property=\"og:image:height\" content=\"1281\" \/>\n<meta name=\"twitter:card\" content=\"summary_large_image\" \/>\n<script type=\"application\/ld+json\" class=\"yoast-schema-graph\">{\"@context\":\"https:\/\/schema.org\",\"@graph\":[{\"@type\":\"Organization\",\"@id\":\"https:\/\/luxurytoursjapan.com\/#organization\",\"name\":\"luxury tours japan\",\"url\":\"https:\/\/luxurytoursjapan.com\/\",\"sameAs\":[],\"logo\":{\"@type\":\"ImageObject\",\"@id\":\"https:\/\/luxurytoursjapan.com\/#logo\",\"inLanguage\":\"fr-FR\",\"url\":\"https:\/\/luxurytoursjapan.com\/wp-content\/uploads\/2019\/12\/logo-black.svg\",\"contentUrl\":\"https:\/\/luxurytoursjapan.com\/wp-content\/uploads\/2019\/12\/logo-black.svg\",\"width\":253,\"height\":35,\"caption\":\"luxury tours japan\"},\"image\":{\"@id\":\"https:\/\/luxurytoursjapan.com\/#logo\"}},{\"@type\":\"WebSite\",\"@id\":\"https:\/\/luxurytoursjapan.com\/#website\",\"url\":\"https:\/\/luxurytoursjapan.com\/\",\"name\":\"luxury tours japan\",\"description\":\"\",\"publisher\":{\"@id\":\"https:\/\/luxurytoursjapan.com\/#organization\"},\"potentialAction\":[{\"@type\":\"SearchAction\",\"target\":\"https:\/\/luxurytoursjapan.com\/?s={search_term_string}\",\"query-input\":\"required name=search_term_string\"}],\"inLanguage\":\"fr-FR\"},{\"@type\":\"ImageObject\",\"@id\":\"https:\/\/luxurytoursjapan.com\/fr\/experiences\/tea-ceremony-calligraphy-ikebana\/#primaryimage\",\"inLanguage\":\"fr-FR\",\"url\":\"https:\/\/luxurytoursjapan.com\/wp-content\/uploads\/2022\/01\/tea-scaled-1.jpg\",\"contentUrl\":\"https:\/\/luxurytoursjapan.com\/wp-content\/uploads\/2022\/01\/tea-scaled-1.jpg\",\"width\":1920,\"height\":1281},{\"@type\":\"WebPage\",\"@id\":\"https:\/\/luxurytoursjapan.com\/fr\/experiences\/tea-ceremony-calligraphy-ikebana\/#webpage\",\"url\":\"https:\/\/luxurytoursjapan.com\/fr\/experiences\/tea-ceremony-calligraphy-ikebana\/\",\"name\":\"C\\u00e9r\\u00e9monie du th\\u00e9, calligraphie et Ikebana | luxury tours japan\",\"isPartOf\":{\"@id\":\"https:\/\/luxurytoursjapan.com\/#website\"},\"primaryImageOfPage\":{\"@id\":\"https:\/\/luxurytoursjapan.com\/fr\/experiences\/tea-ceremony-calligraphy-ikebana\/#primaryimage\"},\"datePublished\":\"2022-06-07T00:03:01+00:00\",\"dateModified\":\"2022-06-07T00:39:09+00:00\",\"breadcrumb\":{\"@id\":\"https:\/\/luxurytoursjapan.com\/fr\/experiences\/tea-ceremony-calligraphy-ikebana\/#breadcrumb\"},\"inLanguage\":\"fr-FR\",\"potentialAction\":[{\"@type\":\"ReadAction\",\"target\":[\"https:\/\/luxurytoursjapan.com\/fr\/experiences\/tea-ceremony-calligraphy-ikebana\/\"]}]},{\"@type\":\"BreadcrumbList\",\"@id\":\"https:\/\/luxurytoursjapan.com\/fr\/experiences\/tea-ceremony-calligraphy-ikebana\/#breadcrumb\",\"itemListElement\":[{\"@type\":\"ListItem\",\"position\":1,\"name\":\"Home\",\"item\":\"https:\/\/luxurytoursjapan.com\/fr\/\"},{\"@type\":\"ListItem\",\"position\":2,\"name\":\"Exp\\u00e9riences\",\"item\":\"https:\/\/luxurytoursjapan.com\/fr\/experiences\/\"},{\"@type\":\"ListItem\",\"position\":3,\"name\":\"C\\u00e9r\\u00e9monie du th\\u00e9, calligraphie et Ikebana\"}]}]}<\/script>\n<!-- \/ Yoast SEO plugin. -->","_links":{"self":[{"href":"https:\/\/luxurytoursjapan.com\/fr\/wp-json\/wp\/v2\/pages\/5802"}],"collection":[{"href":"https:\/\/luxurytoursjapan.com\/fr\/wp-json\/wp\/v2\/pages"}],"about":[{"href":"https:\/\/luxurytoursjapan.com\/fr\/wp-json\/wp\/v2\/types\/page"}],"author":[{"embeddable":true,"href":"https:\/\/luxurytoursjapan.com\/fr\/wp-json\/wp\/v2\/users\/1"}],"replies":[{"embeddable":true,"href":"https:\/\/luxurytoursjapan.com\/fr\/wp-json\/wp\/v2\/comments?post=5802"}],"version-history":[{"count":2,"href":"https:\/\/luxurytoursjapan.com\/fr\/wp-json\/wp\/v2\/pages\/5802\/revisions"}],"predecessor-version":[{"id":5870,"href":"https:\/\/luxurytoursjapan.com\/fr\/wp-json\/wp\/v2\/pages\/5802\/revisions\/5870"}],"up":[{"embeddable":true,"href":"https:\/\/luxurytoursjapan.com\/fr\/wp-json\/wp\/v2\/pages\/5776"}],"wp:featuredmedia":[{"embeddable":true,"href":"https:\/\/luxurytoursjapan.com\/fr\/wp-json\/wp\/v2\/media\/4099"}],"wp:attachment":[{"href":"https:\/\/luxurytoursjapan.com\/fr\/wp-json\/wp\/v2\/media?parent=5802"}],"curies":[{"name":"wp","href":"https:\/\/api.w.org\/{rel}","templated":true}]}}