{"id":5776,"date":"2022-06-07T08:55:41","date_gmt":"2022-06-06T23:55:41","guid":{"rendered":"https:\/\/luxurytoursjapan.com\/experiences\/"},"modified":"2022-06-23T07:23:15","modified_gmt":"2022-06-22T22:23:15","slug":"experiences","status":"publish","type":"page","link":"https:\/\/luxurytoursjapan.com\/fr\/experiences\/","title":{"rendered":"Exp\u00e9riences"},"content":{"rendered":"<p><div class=\"fusion-fullwidth fullwidth-box fusion-builder-row-1 fusion-flex-container hundred-percent-fullwidth non-hundred-percent-height-scrolling\" style=\"background-color: rgba(255,255,255,0);background-position: center center;background-repeat: repeat;border-width: 0px 0px 0px 0px;border-color:#eae9e9;border-style:solid;\" ><div class=\"fusion-builder-row fusion-row fusion-flex-align-items-flex-start\" style=\"width:104% !important;max-width:104% !important;margin-left: calc(-4% \/ 2 );margin-right: calc(-4% \/ 2 );\"><div class=\"fusion-layout-column fusion_builder_column fusion-builder-column-0 fusion_builder_column_1_1 1_1 fusion-flex-column\"><div class=\"fusion-column-wrapper fusion-flex-justify-content-flex-start fusion-content-layout-column\" style=\"background-position:left top;background-repeat:no-repeat;-webkit-background-size:cover;-moz-background-size:cover;-o-background-size:cover;background-size:cover;border-width: 0 0 0 0;border-color:#000000;border-style:solid;padding: 0px 0px 0px 0px;\"><div class=\"fusion-text fusion-text-1 page-discription\" style=\"font-size:18px;\"><p>Luxury Tours Japan est sp\u00e9cialis\u00e9 dans la conception et l\u2019organisation de voyages sur mesure lors desquels vous aurez l\u2019opportunit\u00e9 de rencontrer des artisans, ma\u00eetres des traditions culturelles japonaises. Nous proposons un vaste choix d\u2019exp\u00e9riences, chacunes organis\u00e9es selon vos d\u00e9sirs et int\u00e9r\u00eats, gr\u00e2ce \u00e0 nos \u00e9troits liens, entretenus au fil du temps, avec les communaut\u00e9s japonaises. Pour avoir un aper\u00e7u de notre offre et des options qui se pr\u00e9sentent \u00e0 vous pour votre futur s\u00e9jour sur mesure au Japon, veuillez lire ce qui suit.<\/p>\n<\/div><\/div><style type=\"text\/css\">.fusion-body .fusion-builder-column-0{width:100% !important;margin-top : 0px;margin-bottom : 20px;}.fusion-builder-column-0 > .fusion-column-wrapper {padding-top : 0px !important;padding-right : 0px !important;margin-right : 1.92%;padding-bottom : 0px !important;padding-left : 0px !important;margin-left : 1.92%;}@media only screen and (max-width:1024px) {.fusion-body .fusion-builder-column-0{width:100% !important;order : 0;}.fusion-builder-column-0 > .fusion-column-wrapper {margin-right : 1.92%;margin-left : 1.92%;}}@media only screen and (max-width:640px) {.fusion-body .fusion-builder-column-0{width:100% !important;order : 0;}.fusion-builder-column-0 > .fusion-column-wrapper {margin-right : 1.92%;margin-left : 1.92%;}}<\/style><\/div><\/div><style type=\"text\/css\">.fusion-body .fusion-flex-container.fusion-builder-row-1{ padding-top : 0px;margin-top : 0px;padding-right : 0px;padding-bottom : 0px;margin-bottom : 0px;padding-left : 0px;}<\/style><\/div><div class=\"fusion-fullwidth fullwidth-box fusion-builder-row-2 nonhundred-percent-fullwidth non-hundred-percent-height-scrolling\" style=\"background-color: rgba(255,255,255,0);background-position: center center;background-repeat: no-repeat;padding-top:0px;padding-right:0px;padding-bottom:0px;padding-left:0px;border-width: 0px 0px 0px 0px;border-color:#eae9e9;border-style:solid;\" ><div class=\"fusion-builder-row fusion-row\"><div class=\"fusion-layout-column fusion_builder_column fusion-builder-column-1 fusion_builder_column_1_1 1_1 fusion-one-full fusion-column-first fusion-column-last\" style=\"margin-top:0px;margin-bottom:0px;\"><div class=\"fusion-column-wrapper fusion-flex-column-wrapper-legacy\" style=\"background-position:left top;background-repeat:no-repeat;-webkit-background-size:cover;-moz-background-size:cover;-o-background-size:cover;background-size:cover;padding: 0px 0px 0px 0px;\"><style>\n#tour-wrap {\n    display: flex;\n    flex-wrap: wrap;\n    padding: 0 50px;\n    margin-bottom: 100px;\n    justify-content: space-between;\n}\n\n#tour-wrap:after {\n    content: \"\";\n    width: calc(100% \/ 3 - 10px);\n}\n\n.tour-item {\n    width: calc(100% \/ 3 - 10px);\n}\n\n.tour-item .tour-item-link {\n    display: block;\n}\n\n.tour-item img {\n    width: 100%;\n    aspect-ratio: 1 \/ 1;\n    object-fit: cover;\n    object-position: center;\n    margin-bottom: 5px;\n    transition: all 0.3s;\n}\n\n.tour-item-link:hover img {\n    filter: brightness(0.7);\n}\n\n.tour-item h2 {\n    font-size: 16px !important;\n    text-align:center;\n}\n<\/style>\n\n<div id=\"tour-wrap\">\n    <div class=\"tour-item\">\n        <a class=\"tour-item-link\" href=\"https:\/\/luxurytoursjapan.com\/fr\/experiences\/buddhism-shinto-traditions\/\">\n        <img width=\"1500\" height=\"1000\" src=\"https:\/\/luxurytoursjapan.com\/wp-content\/uploads\/2021\/10\/kumano03.jpg\" class=\"attachment-Medium size-Medium wp-post-image\" alt=\"\" srcset=\"https:\/\/luxurytoursjapan.com\/wp-content\/uploads\/2021\/10\/kumano03-200x133.jpg 200w, https:\/\/luxurytoursjapan.com\/wp-content\/uploads\/2021\/10\/kumano03-300x200.jpg 300w, https:\/\/luxurytoursjapan.com\/wp-content\/uploads\/2021\/10\/kumano03-391x260.jpg 391w, https:\/\/luxurytoursjapan.com\/wp-content\/uploads\/2021\/10\/kumano03-400x267.jpg 400w, https:\/\/luxurytoursjapan.com\/wp-content\/uploads\/2021\/10\/kumano03-600x400.jpg 600w, https:\/\/luxurytoursjapan.com\/wp-content\/uploads\/2021\/10\/kumano03-768x512.jpg 768w, https:\/\/luxurytoursjapan.com\/wp-content\/uploads\/2021\/10\/kumano03-800x533.jpg 800w, https:\/\/luxurytoursjapan.com\/wp-content\/uploads\/2021\/10\/kumano03-1024x683.jpg 1024w, https:\/\/luxurytoursjapan.com\/wp-content\/uploads\/2021\/10\/kumano03-1200x800.jpg 1200w, https:\/\/luxurytoursjapan.com\/wp-content\/uploads\/2021\/10\/kumano03.jpg 1500w\" sizes=\"(max-width: 1500px) 100vw, 1500px\" \/>            <h2 class=\"tour-title\">Traditions Bouddhistes et Shinto\u00efstes<\/h2>\n        <\/a>\n    <\/div>\n        <div class=\"tour-item\">\n        <a class=\"tour-item-link\" href=\"https:\/\/luxurytoursjapan.com\/fr\/experiences\/architecture-gardens\/\">\n        <img width=\"750\" height=\"500\" src=\"https:\/\/luxurytoursjapan.com\/wp-content\/uploads\/2021\/07\/\u304a\u8336\u5ba4.jpg\" class=\"attachment-Medium size-Medium wp-post-image\" alt=\"\" srcset=\"https:\/\/luxurytoursjapan.com\/wp-content\/uploads\/2021\/07\/\u304a\u8336\u5ba4-200x133.jpg 200w, https:\/\/luxurytoursjapan.com\/wp-content\/uploads\/2021\/07\/\u304a\u8336\u5ba4-300x200.jpg 300w, https:\/\/luxurytoursjapan.com\/wp-content\/uploads\/2021\/07\/\u304a\u8336\u5ba4-391x260.jpg 391w, https:\/\/luxurytoursjapan.com\/wp-content\/uploads\/2021\/07\/\u304a\u8336\u5ba4-400x267.jpg 400w, https:\/\/luxurytoursjapan.com\/wp-content\/uploads\/2021\/07\/\u304a\u8336\u5ba4-600x400.jpg 600w, https:\/\/luxurytoursjapan.com\/wp-content\/uploads\/2021\/07\/\u304a\u8336\u5ba4.jpg 750w\" sizes=\"(max-width: 750px) 100vw, 750px\" \/>            <h2 class=\"tour-title\">Architectures et jardins<\/h2>\n        <\/a>\n    <\/div>\n        <div class=\"tour-item\">\n        <a class=\"tour-item-link\" href=\"https:\/\/luxurytoursjapan.com\/fr\/experiences\/tea-ceremony-calligraphy-ikebana\/\">\n        <img width=\"1920\" height=\"1281\" src=\"https:\/\/luxurytoursjapan.com\/wp-content\/uploads\/2022\/01\/tea-scaled-1.jpg\" class=\"attachment-Medium size-Medium wp-post-image\" alt=\"\" srcset=\"https:\/\/luxurytoursjapan.com\/wp-content\/uploads\/2022\/01\/tea-scaled-1-200x133.jpg 200w, https:\/\/luxurytoursjapan.com\/wp-content\/uploads\/2022\/01\/tea-scaled-1-300x200.jpg 300w, https:\/\/luxurytoursjapan.com\/wp-content\/uploads\/2022\/01\/tea-scaled-1-391x260.jpg 391w, https:\/\/luxurytoursjapan.com\/wp-content\/uploads\/2022\/01\/tea-scaled-1-400x267.jpg 400w, https:\/\/luxurytoursjapan.com\/wp-content\/uploads\/2022\/01\/tea-scaled-1-600x400.jpg 600w, https:\/\/luxurytoursjapan.com\/wp-content\/uploads\/2022\/01\/tea-scaled-1-768x512.jpg 768w, https:\/\/luxurytoursjapan.com\/wp-content\/uploads\/2022\/01\/tea-scaled-1-800x534.jpg 800w, https:\/\/luxurytoursjapan.com\/wp-content\/uploads\/2022\/01\/tea-scaled-1-1024x683.jpg 1024w, https:\/\/luxurytoursjapan.com\/wp-content\/uploads\/2022\/01\/tea-scaled-1-1200x801.jpg 1200w, https:\/\/luxurytoursjapan.com\/wp-content\/uploads\/2022\/01\/tea-scaled-1-1536x1025.jpg 1536w, https:\/\/luxurytoursjapan.com\/wp-content\/uploads\/2022\/01\/tea-scaled-1.jpg 1920w\" sizes=\"(max-width: 1920px) 100vw, 1920px\" \/>            <h2 class=\"tour-title\">C\u00e9r\u00e9monie du th\u00e9, calligraphie et Ikebana<\/h2>\n        <\/a>\n    <\/div>\n        <div class=\"tour-item\">\n        <a class=\"tour-item-link\" href=\"https:\/\/luxurytoursjapan.com\/fr\/experiences\/geisha-culture-traditions\/\">\n        <img width=\"1050\" height=\"591\" src=\"https:\/\/luxurytoursjapan.com\/wp-content\/uploads\/2019\/12\/topgeisha-1.jpg\" class=\"attachment-Medium size-Medium wp-post-image\" alt=\"\" srcset=\"https:\/\/luxurytoursjapan.com\/wp-content\/uploads\/2019\/12\/topgeisha-1-200x113.jpg 200w, https:\/\/luxurytoursjapan.com\/wp-content\/uploads\/2019\/12\/topgeisha-1-300x169.jpg 300w, https:\/\/luxurytoursjapan.com\/wp-content\/uploads\/2019\/12\/topgeisha-1-400x225.jpg 400w, https:\/\/luxurytoursjapan.com\/wp-content\/uploads\/2019\/12\/topgeisha-1-600x338.jpg 600w, https:\/\/luxurytoursjapan.com\/wp-content\/uploads\/2019\/12\/topgeisha-1-768x432.jpg 768w, https:\/\/luxurytoursjapan.com\/wp-content\/uploads\/2019\/12\/topgeisha-1-800x450.jpg 800w, https:\/\/luxurytoursjapan.com\/wp-content\/uploads\/2019\/12\/topgeisha-1-1024x576.jpg 1024w, https:\/\/luxurytoursjapan.com\/wp-content\/uploads\/2019\/12\/topgeisha-1.jpg 1050w\" sizes=\"(max-width: 1050px) 100vw, 1050px\" \/>            <h2 class=\"tour-title\">Culture et traditions des Geishas<\/h2>\n        <\/a>\n    <\/div>\n        <div class=\"tour-item\">\n        <a class=\"tour-item-link\" href=\"https:\/\/luxurytoursjapan.com\/fr\/experiences\/performing-arts-sumo-matsuri\/\">\n        <img width=\"1920\" height=\"1080\" src=\"https:\/\/luxurytoursjapan.com\/wp-content\/uploads\/2021\/07\/wadaiko02.jpg\" class=\"attachment-Medium size-Medium wp-post-image\" alt=\"\" srcset=\"https:\/\/luxurytoursjapan.com\/wp-content\/uploads\/2021\/07\/wadaiko02-200x113.jpg 200w, https:\/\/luxurytoursjapan.com\/wp-content\/uploads\/2021\/07\/wadaiko02-300x169.jpg 300w, https:\/\/luxurytoursjapan.com\/wp-content\/uploads\/2021\/07\/wadaiko02-400x225.jpg 400w, https:\/\/luxurytoursjapan.com\/wp-content\/uploads\/2021\/07\/wadaiko02-600x338.jpg 600w, https:\/\/luxurytoursjapan.com\/wp-content\/uploads\/2021\/07\/wadaiko02-768x432.jpg 768w, https:\/\/luxurytoursjapan.com\/wp-content\/uploads\/2021\/07\/wadaiko02-800x450.jpg 800w, https:\/\/luxurytoursjapan.com\/wp-content\/uploads\/2021\/07\/wadaiko02-1024x576.jpg 1024w, https:\/\/luxurytoursjapan.com\/wp-content\/uploads\/2021\/07\/wadaiko02-1200x675.jpg 1200w, https:\/\/luxurytoursjapan.com\/wp-content\/uploads\/2021\/07\/wadaiko02-1536x864.jpg 1536w, https:\/\/luxurytoursjapan.com\/wp-content\/uploads\/2021\/07\/wadaiko02.jpg 1920w\" sizes=\"(max-width: 1920px) 100vw, 1920px\" \/>            <h2 class=\"tour-title\">Arts du spectacle, Sumo &#038; Matsuri<\/h2>\n        <\/a>\n    <\/div>\n        <div class=\"tour-item\">\n        <a class=\"tour-item-link\" href=\"https:\/\/luxurytoursjapan.com\/fr\/experiences\/metalmaking-traditions\/\">\n        <img width=\"1920\" height=\"1281\" src=\"https:\/\/luxurytoursjapan.com\/wp-content\/uploads\/2021\/08\/swordsmith11.jpg\" class=\"attachment-Medium size-Medium wp-post-image\" alt=\"\" \/>            <h2 class=\"tour-title\">Traditions de la m\u00e9tallurgie<\/h2>\n        <\/a>\n    <\/div>\n        <div class=\"tour-item\">\n        <a class=\"tour-item-link\" href=\"https:\/\/luxurytoursjapan.com\/fr\/experiences\/japanese-painting-ceramics-other-arts\/\">\n        <img width=\"800\" height=\"534\" src=\"https:\/\/luxurytoursjapan.com\/wp-content\/uploads\/2021\/07\/DSC6515.jpg\" class=\"attachment-Medium size-Medium wp-post-image\" alt=\"\" srcset=\"https:\/\/luxurytoursjapan.com\/wp-content\/uploads\/2021\/07\/DSC6515-200x134.jpg 200w, https:\/\/luxurytoursjapan.com\/wp-content\/uploads\/2021\/07\/DSC6515-300x200.jpg 300w, https:\/\/luxurytoursjapan.com\/wp-content\/uploads\/2021\/07\/DSC6515-391x260.jpg 391w, https:\/\/luxurytoursjapan.com\/wp-content\/uploads\/2021\/07\/DSC6515-400x267.jpg 400w, https:\/\/luxurytoursjapan.com\/wp-content\/uploads\/2021\/07\/DSC6515-600x401.jpg 600w, https:\/\/luxurytoursjapan.com\/wp-content\/uploads\/2021\/07\/DSC6515-768x513.jpg 768w, https:\/\/luxurytoursjapan.com\/wp-content\/uploads\/2021\/07\/DSC6515.jpg 800w\" sizes=\"(max-width: 800px) 100vw, 800px\" \/>            <h2 class=\"tour-title\">Peinture, c\u00e9ramique et autres arts japonais<\/h2>\n        <\/a>\n    <\/div>\n        <div class=\"tour-item\">\n        <a class=\"tour-item-link\" href=\"https:\/\/luxurytoursjapan.com\/fr\/experiences\/wood-bamboo-crafts\/\">\n        <img width=\"1920\" height=\"1280\" src=\"https:\/\/luxurytoursjapan.com\/wp-content\/uploads\/2021\/07\/Ceramics-Crafts-Wood-_-Metalmaking-Traditions.jpeg\" class=\"attachment-Medium size-Medium wp-post-image\" alt=\"\" \/>            <h2 class=\"tour-title\">Artisanat du bambou et du bois<\/h2>\n        <\/a>\n    <\/div>\n        <div class=\"tour-item\">\n        <a class=\"tour-item-link\" href=\"https:\/\/luxurytoursjapan.com\/fr\/experiences\/food-culture\/\">\n        <img width=\"800\" height=\"534\" src=\"https:\/\/luxurytoursjapan.com\/wp-content\/uploads\/2021\/07\/sushi02.jpg\" class=\"attachment-Medium size-Medium wp-post-image\" alt=\"\" srcset=\"https:\/\/luxurytoursjapan.com\/wp-content\/uploads\/2021\/07\/sushi02-200x134.jpg 200w, https:\/\/luxurytoursjapan.com\/wp-content\/uploads\/2021\/07\/sushi02-300x200.jpg 300w, https:\/\/luxurytoursjapan.com\/wp-content\/uploads\/2021\/07\/sushi02-391x260.jpg 391w, https:\/\/luxurytoursjapan.com\/wp-content\/uploads\/2021\/07\/sushi02-400x267.jpg 400w, https:\/\/luxurytoursjapan.com\/wp-content\/uploads\/2021\/07\/sushi02-600x401.jpg 600w, https:\/\/luxurytoursjapan.com\/wp-content\/uploads\/2021\/07\/sushi02-768x513.jpg 768w, https:\/\/luxurytoursjapan.com\/wp-content\/uploads\/2021\/07\/sushi02.jpg 800w\" sizes=\"(max-width: 800px) 100vw, 800px\" \/>            <h2 class=\"tour-title\">Culture culinaire<\/h2>\n        <\/a>\n    <\/div>\n        <div class=\"tour-item\">\n        <a class=\"tour-item-link\" href=\"https:\/\/luxurytoursjapan.com\/fr\/experiences\/kimono-textiles\/\">\n        <img width=\"800\" height=\"534\" src=\"https:\/\/luxurytoursjapan.com\/wp-content\/uploads\/2021\/07\/kimono_textiles.jpg\" class=\"attachment-Medium size-Medium wp-post-image\" alt=\"\" srcset=\"https:\/\/luxurytoursjapan.com\/wp-content\/uploads\/2021\/07\/kimono_textiles-200x134.jpg 200w, https:\/\/luxurytoursjapan.com\/wp-content\/uploads\/2021\/07\/kimono_textiles-300x200.jpg 300w, https:\/\/luxurytoursjapan.com\/wp-content\/uploads\/2021\/07\/kimono_textiles-391x260.jpg 391w, https:\/\/luxurytoursjapan.com\/wp-content\/uploads\/2021\/07\/kimono_textiles-400x267.jpg 400w, https:\/\/luxurytoursjapan.com\/wp-content\/uploads\/2021\/07\/kimono_textiles-600x401.jpg 600w, https:\/\/luxurytoursjapan.com\/wp-content\/uploads\/2021\/07\/kimono_textiles-768x513.jpg 768w, https:\/\/luxurytoursjapan.com\/wp-content\/uploads\/2021\/07\/kimono_textiles.jpg 800w\" sizes=\"(max-width: 800px) 100vw, 800px\" \/>            <h2 class=\"tour-title\">Kimonos &#038; textiles<\/h2>\n        <\/a>\n    <\/div>\n        <div class=\"tour-item\">\n        <a class=\"tour-item-link\" href=\"https:\/\/luxurytoursjapan.com\/fr\/experiences\/onsen-nature-wellness\/\">\n        <img width=\"1054\" height=\"652\" src=\"https:\/\/luxurytoursjapan.com\/wp-content\/uploads\/2024\/11\/mountains.jpeg\" class=\"attachment-Medium size-Medium wp-post-image\" alt=\"\" srcset=\"https:\/\/luxurytoursjapan.com\/wp-content\/uploads\/2024\/11\/mountains-200x124.jpeg 200w, https:\/\/luxurytoursjapan.com\/wp-content\/uploads\/2024\/11\/mountains-300x186.jpeg 300w, https:\/\/luxurytoursjapan.com\/wp-content\/uploads\/2024\/11\/mountains-400x247.jpeg 400w, https:\/\/luxurytoursjapan.com\/wp-content\/uploads\/2024\/11\/mountains-600x371.jpeg 600w, https:\/\/luxurytoursjapan.com\/wp-content\/uploads\/2024\/11\/mountains-768x475.jpeg 768w, https:\/\/luxurytoursjapan.com\/wp-content\/uploads\/2024\/11\/mountains-800x495.jpeg 800w, https:\/\/luxurytoursjapan.com\/wp-content\/uploads\/2024\/11\/mountains-1024x633.jpeg 1024w, https:\/\/luxurytoursjapan.com\/wp-content\/uploads\/2024\/11\/mountains.jpeg 1054w\" sizes=\"(max-width: 1054px) 100vw, 1054px\" \/>            <h2 class=\"tour-title\">Onsen, nature et bien-\u00eatre<\/h2>\n        <\/a>\n    <\/div>\n    <\/div><div class=\"fusion-clearfix\"><\/div><\/div><\/div><\/div><\/div><\/p>\n","protected":false},"excerpt":{"rendered":"","protected":false},"author":1,"featured_media":0,"parent":0,"menu_order":0,"comment_status":"closed","ping_status":"closed","template":"page-experience parent.php","meta":[],"yoast_head":"<!-- This site is optimized with the Yoast SEO plugin v16.5 - https:\/\/yoast.com\/wordpress\/plugins\/seo\/ -->\n<title>Exp\u00e9riences | luxury tours japan<\/title>\n<meta name=\"robots\" content=\"index, follow, max-snippet:-1, max-image-preview:large, max-video-preview:-1\" \/>\n<link rel=\"canonical\" href=\"https:\/\/luxurytoursjapan.com\/fr\/experiences\/\" \/>\n<meta property=\"og:locale\" content=\"fr_FR\" \/>\n<meta property=\"og:type\" content=\"article\" \/>\n<meta property=\"og:title\" content=\"Exp\u00e9riences | luxury tours japan\" \/>\n<meta property=\"og:url\" content=\"https:\/\/luxurytoursjapan.com\/fr\/experiences\/\" \/>\n<meta property=\"og:site_name\" content=\"luxury tours japan\" \/>\n<meta property=\"article:modified_time\" content=\"2022-06-22T22:23:15+00:00\" \/>\n<meta name=\"twitter:card\" content=\"summary_large_image\" \/>\n<meta name=\"twitter:label1\" content=\"Dur\u00e9e de lecture est.\" \/>\n\t<meta name=\"twitter:data1\" content=\"6 minutes\" \/>\n<script type=\"application\/ld+json\" class=\"yoast-schema-graph\">{\"@context\":\"https:\/\/schema.org\",\"@graph\":[{\"@type\":\"Organization\",\"@id\":\"https:\/\/luxurytoursjapan.com\/#organization\",\"name\":\"luxury tours japan\",\"url\":\"https:\/\/luxurytoursjapan.com\/\",\"sameAs\":[],\"logo\":{\"@type\":\"ImageObject\",\"@id\":\"https:\/\/luxurytoursjapan.com\/#logo\",\"inLanguage\":\"fr-FR\",\"url\":\"https:\/\/luxurytoursjapan.com\/wp-content\/uploads\/2019\/12\/logo-black.svg\",\"contentUrl\":\"https:\/\/luxurytoursjapan.com\/wp-content\/uploads\/2019\/12\/logo-black.svg\",\"width\":253,\"height\":35,\"caption\":\"luxury tours japan\"},\"image\":{\"@id\":\"https:\/\/luxurytoursjapan.com\/#logo\"}},{\"@type\":\"WebSite\",\"@id\":\"https:\/\/luxurytoursjapan.com\/#website\",\"url\":\"https:\/\/luxurytoursjapan.com\/\",\"name\":\"luxury tours japan\",\"description\":\"\",\"publisher\":{\"@id\":\"https:\/\/luxurytoursjapan.com\/#organization\"},\"potentialAction\":[{\"@type\":\"SearchAction\",\"target\":\"https:\/\/luxurytoursjapan.com\/?s={search_term_string}\",\"query-input\":\"required name=search_term_string\"}],\"inLanguage\":\"fr-FR\"},{\"@type\":\"WebPage\",\"@id\":\"https:\/\/luxurytoursjapan.com\/fr\/experiences\/#webpage\",\"url\":\"https:\/\/luxurytoursjapan.com\/fr\/experiences\/\",\"name\":\"Exp\\u00e9riences | luxury tours japan\",\"isPartOf\":{\"@id\":\"https:\/\/luxurytoursjapan.com\/#website\"},\"datePublished\":\"2022-06-06T23:55:41+00:00\",\"dateModified\":\"2022-06-22T22:23:15+00:00\",\"breadcrumb\":{\"@id\":\"https:\/\/luxurytoursjapan.com\/fr\/experiences\/#breadcrumb\"},\"inLanguage\":\"fr-FR\",\"potentialAction\":[{\"@type\":\"ReadAction\",\"target\":[\"https:\/\/luxurytoursjapan.com\/fr\/experiences\/\"]}]},{\"@type\":\"BreadcrumbList\",\"@id\":\"https:\/\/luxurytoursjapan.com\/fr\/experiences\/#breadcrumb\",\"itemListElement\":[{\"@type\":\"ListItem\",\"position\":1,\"name\":\"Home\",\"item\":\"https:\/\/luxurytoursjapan.com\/fr\/\"},{\"@type\":\"ListItem\",\"position\":2,\"name\":\"Exp\\u00e9riences\"}]}]}<\/script>\n<!-- \/ Yoast SEO plugin. -->","_links":{"self":[{"href":"https:\/\/luxurytoursjapan.com\/fr\/wp-json\/wp\/v2\/pages\/5776"}],"collection":[{"href":"https:\/\/luxurytoursjapan.com\/fr\/wp-json\/wp\/v2\/pages"}],"about":[{"href":"https:\/\/luxurytoursjapan.com\/fr\/wp-json\/wp\/v2\/types\/page"}],"author":[{"embeddable":true,"href":"https:\/\/luxurytoursjapan.com\/fr\/wp-json\/wp\/v2\/users\/1"}],"replies":[{"embeddable":true,"href":"https:\/\/luxurytoursjapan.com\/fr\/wp-json\/wp\/v2\/comments?post=5776"}],"version-history":[{"count":5,"href":"https:\/\/luxurytoursjapan.com\/fr\/wp-json\/wp\/v2\/pages\/5776\/revisions"}],"predecessor-version":[{"id":6088,"href":"https:\/\/luxurytoursjapan.com\/fr\/wp-json\/wp\/v2\/pages\/5776\/revisions\/6088"}],"wp:attachment":[{"href":"https:\/\/luxurytoursjapan.com\/fr\/wp-json\/wp\/v2\/media?parent=5776"}],"curies":[{"name":"wp","href":"https:\/\/api.w.org\/{rel}","templated":true}]}}