{"id":5623,"date":"2022-05-26T11:14:22","date_gmt":"2022-05-26T02:14:22","guid":{"rendered":"https:\/\/luxurytoursjapan.com\/services\/"},"modified":"2022-06-23T07:14:09","modified_gmt":"2022-06-22T22:14:09","slug":"services","status":"publish","type":"page","link":"https:\/\/luxurytoursjapan.com\/fr\/services\/","title":{"rendered":"Services"},"content":{"rendered":"<div class=\"fusion-fullwidth fullwidth-box fusion-builder-row-1 hundred-percent-fullwidth non-hundred-percent-height-scrolling\" style=\"background-color: rgba(255,255,255,0);background-position: center center;background-repeat: repeat;padding-top:0px;padding-right:0px;padding-bottom:0px;padding-left:0px;margin-bottom: 0px;margin-top: 0px;border-width: 0px 0px 0px 0px;border-color:#eae9e9;border-style:solid;\" ><div class=\"fusion-builder-row fusion-row\"><div class=\"fusion-layout-column fusion_builder_column fusion-builder-column-0 fusion_builder_column_1_1 1_1 fusion-one-full fusion-column-first fusion-column-last\" style=\"margin-top:0px;margin-bottom:20px;\"><div class=\"fusion-column-wrapper fusion-flex-column-wrapper-legacy\" style=\"background-position:left top;background-repeat:no-repeat;-webkit-background-size:cover;-moz-background-size:cover;-o-background-size:cover;background-size:cover;padding: 0px 0px 0px 0px;\"><div class=\"page-content\">\n    <div class=\"page-descripsion\">\n        <p>Avec des bureaux \u00e0 Tokyo et Kyoto et des collaborateurs en Europe, Luxury Tours Japan vous propose des\n            s\u00e9jours pleinement organis\u00e9s au Japon, imagin\u00e9s sur-mesure pour chaque occasion, afin de r\u00e9pondre aux\n            attentes de nos clients. Fort de notre savoir-faire en tant que curateur d\u2019exp\u00e9riences culturelles\n            exclusives, nous faisons notre sp\u00e9cialit\u00e9 des voyages invitant nos clients \u00e0 d\u00e9couvrir le riche et profond\n            patrimoine Japonais et les artisans \u00e0 l\u2019origine de ces pr\u00e9cieuses traditions, tout en leur r\u00e9v\u00e9lant le\n            meilleur du pays. Nous proposons nos services directement aux voyageurs individuels comme aux\n            professionnels. <\/p>\n    <\/div>\n    <div id=\"our-services\" class=\"page-main-content\">\n        <h3 class=\"item-title\">S\u00e9jours sur mesure<\/h3>\n        <div class=\"item-sepa\"><\/div>\n        <p>\n            Nous adaptant aux souhaits et descriptifs de nos clients, nous concevons, planifions et\n            organisons des s\u00e9jours \u00e0 travers tout le Japon pour les voyageurs individuels ainsi que pour les groupes\n            priv\u00e9s. Qu\u2019il s'agisse d\u2019entrer en contact avec des artisans, de r\u00e9server l\u2019escapade parfaite dans un Ryokan\n            traditionnel ou un repas dans un restaurant Japonais intimiste, de travailler avec nos guides experts et\n            bilingues pour pr\u00e9parer la visite la plus pittoresque du pays, nous proposons \u00e0 nos clients une gamme\n            compl\u00e8te de services pour sublimer leur aventure japonaise.\n        <\/p>\n        <h3 class=\"item-title\">Circuits sp\u00e9cifiques<\/h3>\n        <div class=\"item-sepa\"><\/div>\n        <p>\n            Nous avons une grande exp\u00e9rience dans le domaine des s\u00e9jours sp\u00e9cialis\u00e9s et du travail avec les voyageurs\n            ayant des int\u00e9r\u00eats particuliers pour certains aspects de la vie et de la culture du Japon. Ceux-ci peuvent\n            \u00eatre l\u2019architecture Japonaise et ses pratiques de construction, la culture culinaire du pays, son riche\n            artisanat du textile, les traditions du travail du bois ou encore la composition artistique des jardins,\n            tous les domaines d\u2019int\u00e9r\u00eats peuvent \u00eatre repr\u00e9sent\u00e9s. Gr\u00e2ce \u00e0 notre large r\u00e9seau d\u2019artisans et de\n            sp\u00e9cialistes \u00e0 travers le pays, nous pouvons honorer toute requ\u00eate de voyage d\u2019int\u00e9r\u00eat particulier.\n        <\/p>\n        <h3 class=\"item-title\">S\u00e9jours de reconnaissance et autres grands groupes<\/h3>\n        <div class=\"item-sepa\"><\/div>\n        <p>\n            Nous b\u00e9n\u00e9ficions d\u2019une grande exp\u00e9rience dans la planification et l\u2019organisation de visites et circuits\n            culturels sur mesure, \u00e9v\u00e9nements et d\u00eeners de gala pour le march\u00e9 MICE et d\u2019autres importantes conventions.\n            Contactez-nous pour recevoir une proposition unique \u00e0 l\u2019occasion de votre prochaine conf\u00e9rence ou votre\n            s\u00e9jour de reconnaissance.\n        <\/p>\n\n        <h3 class=\"item-title\">Pour un jour sp\u00e9cial<\/h3>\n        <div class=\"item-sepa\"><\/div>\n        <p>\n            En marge des s\u00e9jours all-inclusive, nous organisons \u00e9galement des circuits sur une demie journ\u00e9e ou journ\u00e9e\n            enti\u00e8re pour les clients d\u00e9sireux de s\u2019immerger dans un domaine de la culture Japonaise. Nos liens avec les\n            artisans et sp\u00e9cialistes locaux nous permettent de vous proposer des exp\u00e9riences des plus authentiques et\n            uniques, au-del\u00e0 des programmes grand public habituellement sugg\u00e9r\u00e9s par les prestataires classiques.\n        <\/p>\n\n        <\/p>\n        <h3 class=\"item-title\">Circuits acad\u00e9miques<\/h3>\n        <div class=\"item-sepa\"><\/div>\n        <p>\n            Nous avons la possibilit\u00e9 d\u2019organiser des visites pour des groupes de chercheurs et universitaires,\n            associations de professionnels ou des sp\u00e9cialistes, qui seront int\u00e9ress\u00e9s par des ateliers pratiques, des\n            s\u00e9minaires th\u00e9oriques ou encore des conf\u00e9rences anim\u00e9s par des experts locaux. A Kyoto, en particulier, nous\n            entretenons d\u2019\u00e9troits liens avec des acad\u00e9miciens des institutions artistiques, notamment dans les domaines\n            de l\u2019architecture, la menuiserie, la sylviculture, l\u2019agriculture, les textiles, le travail de la laque et\n            l\u2019artisanat de la ferronnerie et du m\u00e9tal.\n        <\/p>\n        <h3 class=\"item-title\">Programmes et conf\u00e9rences en ligne<\/h3>\n        <div class=\"item-sepa\"><\/div>\n        <p>\n            Nous avons lanc\u00e9 nos premiers circuits culturels en ligne en 2020 et avons diffus\u00e9 en direct diff\u00e9rentes\n            conf\u00e9rences internationales sur la culture. Nous proposons des spectacles culturels, ateliers ou conf\u00e9rences\n            \u00e0 travers diff\u00e9rentes plateformes digitales pour les individuels et les groupes ne pouvant pas se rendre au\n            Japon, souhaitant n\u00e9anmoins apprendre et exp\u00e9rimenter certains aspects de la culture Japonaise.\n        <\/p>\n        <p class=\"experiences-link\">Pour avoir un aper\u00e7u des diff\u00e9rentes exp\u00e9riences et opportunit\u00e9s que nous proposons\n            et pouvons int\u00e9grer \u00e0 un voyage all-inclusive ou un court s\u00e9jour sur-mesure, cliquez sur <a\n                href=\"\/experiences\/\">Experiences.<\/a>\n        <\/p>\n    <\/div>\n<\/div><div class=\"fusion-clearfix\"><\/div><\/div><\/div><\/div><\/div>\n","protected":false},"excerpt":{"rendered":"","protected":false},"author":1,"featured_media":0,"parent":0,"menu_order":0,"comment_status":"closed","ping_status":"closed","template":"","meta":[],"yoast_head":"<!-- This site is optimized with the Yoast SEO plugin v16.5 - https:\/\/yoast.com\/wordpress\/plugins\/seo\/ -->\n<title>Services | luxury tours japan<\/title>\n<meta name=\"robots\" content=\"index, follow, max-snippet:-1, max-image-preview:large, max-video-preview:-1\" \/>\n<link rel=\"canonical\" href=\"https:\/\/luxurytoursjapan.com\/fr\/services\/\" \/>\n<meta property=\"og:locale\" content=\"fr_FR\" \/>\n<meta property=\"og:type\" content=\"article\" \/>\n<meta property=\"og:title\" content=\"Services | luxury tours japan\" \/>\n<meta property=\"og:url\" content=\"https:\/\/luxurytoursjapan.com\/fr\/services\/\" \/>\n<meta property=\"og:site_name\" content=\"luxury tours japan\" \/>\n<meta property=\"article:modified_time\" content=\"2022-06-22T22:14:09+00:00\" \/>\n<meta name=\"twitter:card\" content=\"summary_large_image\" \/>\n<meta name=\"twitter:label1\" content=\"Dur\u00e9e de lecture est.\" \/>\n\t<meta name=\"twitter:data1\" content=\"1 minute\" \/>\n<script type=\"application\/ld+json\" class=\"yoast-schema-graph\">{\"@context\":\"https:\/\/schema.org\",\"@graph\":[{\"@type\":\"Organization\",\"@id\":\"https:\/\/luxurytoursjapan.com\/#organization\",\"name\":\"luxury tours japan\",\"url\":\"https:\/\/luxurytoursjapan.com\/\",\"sameAs\":[],\"logo\":{\"@type\":\"ImageObject\",\"@id\":\"https:\/\/luxurytoursjapan.com\/#logo\",\"inLanguage\":\"fr-FR\",\"url\":\"https:\/\/luxurytoursjapan.com\/wp-content\/uploads\/2019\/12\/logo-black.svg\",\"contentUrl\":\"https:\/\/luxurytoursjapan.com\/wp-content\/uploads\/2019\/12\/logo-black.svg\",\"width\":253,\"height\":35,\"caption\":\"luxury tours japan\"},\"image\":{\"@id\":\"https:\/\/luxurytoursjapan.com\/#logo\"}},{\"@type\":\"WebSite\",\"@id\":\"https:\/\/luxurytoursjapan.com\/#website\",\"url\":\"https:\/\/luxurytoursjapan.com\/\",\"name\":\"luxury tours japan\",\"description\":\"\",\"publisher\":{\"@id\":\"https:\/\/luxurytoursjapan.com\/#organization\"},\"potentialAction\":[{\"@type\":\"SearchAction\",\"target\":\"https:\/\/luxurytoursjapan.com\/?s={search_term_string}\",\"query-input\":\"required name=search_term_string\"}],\"inLanguage\":\"fr-FR\"},{\"@type\":\"WebPage\",\"@id\":\"https:\/\/luxurytoursjapan.com\/fr\/services\/#webpage\",\"url\":\"https:\/\/luxurytoursjapan.com\/fr\/services\/\",\"name\":\"Services | luxury tours japan\",\"isPartOf\":{\"@id\":\"https:\/\/luxurytoursjapan.com\/#website\"},\"datePublished\":\"2022-05-26T02:14:22+00:00\",\"dateModified\":\"2022-06-22T22:14:09+00:00\",\"breadcrumb\":{\"@id\":\"https:\/\/luxurytoursjapan.com\/fr\/services\/#breadcrumb\"},\"inLanguage\":\"fr-FR\",\"potentialAction\":[{\"@type\":\"ReadAction\",\"target\":[\"https:\/\/luxurytoursjapan.com\/fr\/services\/\"]}]},{\"@type\":\"BreadcrumbList\",\"@id\":\"https:\/\/luxurytoursjapan.com\/fr\/services\/#breadcrumb\",\"itemListElement\":[{\"@type\":\"ListItem\",\"position\":1,\"name\":\"Home\",\"item\":\"https:\/\/luxurytoursjapan.com\/fr\/\"},{\"@type\":\"ListItem\",\"position\":2,\"name\":\"Services\"}]}]}<\/script>\n<!-- \/ Yoast SEO plugin. -->","_links":{"self":[{"href":"https:\/\/luxurytoursjapan.com\/fr\/wp-json\/wp\/v2\/pages\/5623"}],"collection":[{"href":"https:\/\/luxurytoursjapan.com\/fr\/wp-json\/wp\/v2\/pages"}],"about":[{"href":"https:\/\/luxurytoursjapan.com\/fr\/wp-json\/wp\/v2\/types\/page"}],"author":[{"embeddable":true,"href":"https:\/\/luxurytoursjapan.com\/fr\/wp-json\/wp\/v2\/users\/1"}],"replies":[{"embeddable":true,"href":"https:\/\/luxurytoursjapan.com\/fr\/wp-json\/wp\/v2\/comments?post=5623"}],"version-history":[{"count":5,"href":"https:\/\/luxurytoursjapan.com\/fr\/wp-json\/wp\/v2\/pages\/5623\/revisions"}],"predecessor-version":[{"id":6085,"href":"https:\/\/luxurytoursjapan.com\/fr\/wp-json\/wp\/v2\/pages\/5623\/revisions\/6085"}],"wp:attachment":[{"href":"https:\/\/luxurytoursjapan.com\/fr\/wp-json\/wp\/v2\/media?parent=5623"}],"curies":[{"name":"wp","href":"https:\/\/api.w.org\/{rel}","templated":true}]}}