{"id":5615,"date":"2022-05-26T11:05:04","date_gmt":"2022-05-26T02:05:04","guid":{"rendered":"https:\/\/luxurytoursjapan.com\/le-concept\/"},"modified":"2022-06-24T00:52:09","modified_gmt":"2022-06-23T15:52:09","slug":"le-concept","status":"publish","type":"page","link":"https:\/\/luxurytoursjapan.com\/fr\/le-concept\/","title":{"rendered":"Le concept"},"content":{"rendered":"<div class=\"fusion-fullwidth fullwidth-box fusion-builder-row-1 hundred-percent-fullwidth non-hundred-percent-height-scrolling\" style=\"background-color: rgba(255,255,255,0);background-position: center center;background-repeat: repeat;padding-top:0px;padding-right:0px;padding-bottom:0px;padding-left:0px;margin-bottom: 0px;margin-top: 0px;border-width: 0px 0px 0px 0px;border-color:#eae9e9;border-style:solid;\" ><div class=\"fusion-builder-row fusion-row\"><div class=\"fusion-layout-column fusion_builder_column fusion-builder-column-0 fusion_builder_column_1_1 1_1 fusion-one-full fusion-column-first fusion-column-last\" style=\"margin-top:0px;margin-bottom:20px;\"><div class=\"fusion-column-wrapper fusion-flex-column-wrapper-legacy\" style=\"background-position:left top;background-repeat:no-repeat;-webkit-background-size:cover;-moz-background-size:cover;-o-background-size:cover;background-size:cover;border-width: 0 0 0 0;border-color:#000000;border-style:solid;padding: 0px 0px 0px 0px;\"><div class=\"page-content\">\n    <div class=\"page-descripsion\">\n        <p>\n            Au sein de Luxury Tours Japan, nous croyons que la beaut\u00e9 du voyage r\u00e9side essentiellement dans l\u2019immersion totale dans la culture locale et la d\u00e9couverte du pays de l\u2019int\u00e9rieur.\n\n        <\/p>\n\n        <p>\n            Nos voyages sont bas\u00e9s sur un vaste \u00e9ventail d\u2019exp\u00e9riences culturelles, permettant aux voyageurs curieux d\u2019entrer en contact direct avec les sp\u00e9cialistes et pratiquants quotidiens des arts et artisanats Japonais - sa communaut\u00e9 de fabricants, artisans et artistes d\u00e9vou\u00e9s - et, au travers d\u2019eux, de d\u00e9couvrir le riche patrimoine culturel et naturel du Japon.\n\n        <\/p>\n\n        <p>\n            Nos voyages ne se concentrent pas tant sur des destinations et sites touristiques que sur des exp\u00e9riences\n            culturelles immersives qui, selon nous, permettront de r\u00e9v\u00e9ler une exp\u00e9rience plus authentique du Japon, de\n            d\u00e9velopper des enseignements approfondis, et de susciter de r\u00e9els liens avec les Japonais.\n        <\/p>\n\n        <p>\n            Pour nous, c\u2019est cela le \u201cluxe\u201d. La possibilit\u00e9 d\u2019avoir le temps et de saisir les opportunit\u00e9s de s\u2019immerger\n            dans la culture et l\u2019art et, de quelques mani\u00e8res, de les laisser nous changer et de grandir au travers de\n            ces exp\u00e9riences. Cela ne signifie pas simplement s\u00e9journer dans un h\u00f4tel 5 \u00e9toiles ou d\u00eener dans des\n            restaurants \u00e9toil\u00e9s au Guide Michelin. Selon nous, il s\u2019agit de vivre des exp\u00e9riences uniques en t\u00eate-\u00e0-t\u00eate\n            avec des artisans et sp\u00e9cialistes locaux afin d\u2019observer et mieux comprendre leurs arts et artisanats\n            d\u00e9licats. Cela peut aussi signifier s\u00e9journer dans nos h\u00e9bergements vous permettant de vivre quelque chose\n            d\u2019unique et authentique. Ou encore manger dans des restaurants o\u00f9 l'authenticit\u00e9 et la qualit\u00e9 sont\n            immuables, qu\u2019ils s\u2019agissent de minuscules restaurants de rue ou d\u2019un Ryotei s\u00e9culaire et raffin\u00e9 de Kyoto.\n        <\/p>\n        <p>\n            Nous nous r\u00e9jouirons de vous faire d\u00e9couvrir le Japon.\n        <\/p>\n    <\/div>\n<\/div><div class=\"fusion-clearfix\"><\/div><\/div><\/div><\/div><\/div>\n","protected":false},"excerpt":{"rendered":"","protected":false},"author":1,"featured_media":0,"parent":0,"menu_order":0,"comment_status":"closed","ping_status":"closed","template":"","meta":[],"yoast_head":"<!-- This site is optimized with the Yoast SEO plugin v16.5 - https:\/\/yoast.com\/wordpress\/plugins\/seo\/ -->\n<title>Le concept | luxury tours japan<\/title>\n<meta name=\"robots\" content=\"index, follow, max-snippet:-1, max-image-preview:large, max-video-preview:-1\" \/>\n<link rel=\"canonical\" href=\"https:\/\/luxurytoursjapan.com\/fr\/le-concept\/\" \/>\n<meta property=\"og:locale\" content=\"fr_FR\" \/>\n<meta property=\"og:type\" content=\"article\" \/>\n<meta property=\"og:title\" content=\"Le concept | luxury tours japan\" \/>\n<meta property=\"og:url\" content=\"https:\/\/luxurytoursjapan.com\/fr\/le-concept\/\" \/>\n<meta property=\"og:site_name\" content=\"luxury tours japan\" \/>\n<meta property=\"article:modified_time\" content=\"2022-06-23T15:52:09+00:00\" \/>\n<meta name=\"twitter:card\" content=\"summary_large_image\" \/>\n<meta name=\"twitter:label1\" content=\"Dur\u00e9e de lecture est.\" \/>\n\t<meta name=\"twitter:data1\" content=\"1 minute\" \/>\n<script type=\"application\/ld+json\" class=\"yoast-schema-graph\">{\"@context\":\"https:\/\/schema.org\",\"@graph\":[{\"@type\":\"Organization\",\"@id\":\"https:\/\/luxurytoursjapan.com\/#organization\",\"name\":\"luxury tours japan\",\"url\":\"https:\/\/luxurytoursjapan.com\/\",\"sameAs\":[],\"logo\":{\"@type\":\"ImageObject\",\"@id\":\"https:\/\/luxurytoursjapan.com\/#logo\",\"inLanguage\":\"fr-FR\",\"url\":\"https:\/\/luxurytoursjapan.com\/wp-content\/uploads\/2019\/12\/logo-black.svg\",\"contentUrl\":\"https:\/\/luxurytoursjapan.com\/wp-content\/uploads\/2019\/12\/logo-black.svg\",\"width\":253,\"height\":35,\"caption\":\"luxury tours japan\"},\"image\":{\"@id\":\"https:\/\/luxurytoursjapan.com\/#logo\"}},{\"@type\":\"WebSite\",\"@id\":\"https:\/\/luxurytoursjapan.com\/#website\",\"url\":\"https:\/\/luxurytoursjapan.com\/\",\"name\":\"luxury tours japan\",\"description\":\"\",\"publisher\":{\"@id\":\"https:\/\/luxurytoursjapan.com\/#organization\"},\"potentialAction\":[{\"@type\":\"SearchAction\",\"target\":\"https:\/\/luxurytoursjapan.com\/?s={search_term_string}\",\"query-input\":\"required name=search_term_string\"}],\"inLanguage\":\"fr-FR\"},{\"@type\":\"WebPage\",\"@id\":\"https:\/\/luxurytoursjapan.com\/fr\/le-concept\/#webpage\",\"url\":\"https:\/\/luxurytoursjapan.com\/fr\/le-concept\/\",\"name\":\"Le concept | luxury tours japan\",\"isPartOf\":{\"@id\":\"https:\/\/luxurytoursjapan.com\/#website\"},\"datePublished\":\"2022-05-26T02:05:04+00:00\",\"dateModified\":\"2022-06-23T15:52:09+00:00\",\"breadcrumb\":{\"@id\":\"https:\/\/luxurytoursjapan.com\/fr\/le-concept\/#breadcrumb\"},\"inLanguage\":\"fr-FR\",\"potentialAction\":[{\"@type\":\"ReadAction\",\"target\":[\"https:\/\/luxurytoursjapan.com\/fr\/le-concept\/\"]}]},{\"@type\":\"BreadcrumbList\",\"@id\":\"https:\/\/luxurytoursjapan.com\/fr\/le-concept\/#breadcrumb\",\"itemListElement\":[{\"@type\":\"ListItem\",\"position\":1,\"name\":\"Home\",\"item\":\"https:\/\/luxurytoursjapan.com\/fr\/\"},{\"@type\":\"ListItem\",\"position\":2,\"name\":\"Le concept\"}]}]}<\/script>\n<!-- \/ Yoast SEO plugin. -->","_links":{"self":[{"href":"https:\/\/luxurytoursjapan.com\/fr\/wp-json\/wp\/v2\/pages\/5615"}],"collection":[{"href":"https:\/\/luxurytoursjapan.com\/fr\/wp-json\/wp\/v2\/pages"}],"about":[{"href":"https:\/\/luxurytoursjapan.com\/fr\/wp-json\/wp\/v2\/types\/page"}],"author":[{"embeddable":true,"href":"https:\/\/luxurytoursjapan.com\/fr\/wp-json\/wp\/v2\/users\/1"}],"replies":[{"embeddable":true,"href":"https:\/\/luxurytoursjapan.com\/fr\/wp-json\/wp\/v2\/comments?post=5615"}],"version-history":[{"count":10,"href":"https:\/\/luxurytoursjapan.com\/fr\/wp-json\/wp\/v2\/pages\/5615\/revisions"}],"predecessor-version":[{"id":6097,"href":"https:\/\/luxurytoursjapan.com\/fr\/wp-json\/wp\/v2\/pages\/5615\/revisions\/6097"}],"wp:attachment":[{"href":"https:\/\/luxurytoursjapan.com\/fr\/wp-json\/wp\/v2\/media?parent=5615"}],"curies":[{"name":"wp","href":"https:\/\/api.w.org\/{rel}","templated":true}]}}