{"id":3677,"date":"2022-01-05T21:08:51","date_gmt":"2022-01-05T12:08:51","guid":{"rendered":"https:\/\/luxurytoursjapan.com\/?page_id=3677"},"modified":"2022-06-23T09:49:21","modified_gmt":"2022-06-23T00:49:21","slug":"top","status":"publish","type":"page","link":"https:\/\/luxurytoursjapan.com\/fr\/","title":{"rendered":"Accueil"},"content":{"rendered":"<p><div class=\"fusion-fullwidth fullwidth-box fusion-builder-row-1 fusion-flex-container nonhundred-percent-fullwidth non-hundred-percent-height-scrolling\" style=\"background-color: rgba(255,255,255,0);background-position: center center;background-repeat: no-repeat;border-width: 0px 0px 0px 0px;border-color:#eae9e9;border-style:solid;\" ><div class=\"fusion-builder-row fusion-row fusion-flex-align-items-flex-start\" style=\"max-width:1144px;margin-left: calc(-4% \/ 2 );margin-right: calc(-4% \/ 2 );\"><div class=\"fusion-layout-column fusion_builder_column fusion-builder-column-0 fusion_builder_column_1_1 1_1 fusion-flex-column\"><div class=\"fusion-column-wrapper fusion-flex-justify-content-flex-start fusion-content-layout-column\" style=\"background-position:left top;background-repeat:no-repeat;-webkit-background-size:cover;-moz-background-size:cover;-o-background-size:cover;background-size:cover;padding: 0px 0px 0px 0px;\">\n<div class=\"fusion-slider-revolution rev_slider_wrapper\">\t\t\t<!-- START Top2 REVOLUTION SLIDER 6.5.15 --><p class=\"rs-p-wp-fix\"><\/p>\n\t\t\t<rs-module-wrap id=\"rev_slider_11_1_wrapper\" data-source=\"gallery\" style=\"visibility:hidden;background:transparent;padding:0;margin:0px auto;margin-top:0;margin-bottom:0;\">\n\t\t\t\t<rs-module id=\"rev_slider_11_1\" style=\"\" data-version=\"6.5.15\">\n\t\t\t\t\t<rs-slides>\n\t\t\t\t\t\t<rs-slide style=\"position: absolute;\" data-key=\"rs-54\" data-title=\"Slide\" data-duration=\"120000ms\" data-in=\"o:0;\" data-out=\"a:false;\">\n\t\t\t\t\t\t\t<img src=\"\/\/luxurytoursjapan.com\/wp-content\/plugins\/revslider\/public\/assets\/assets\/dummy.png\" alt=\"Slide\" title=\"Accueil\" class=\"rev-slidebg tp-rs-img rs-lazyload\" data-lazyload=\"\/\/luxurytoursjapan.com\/wp-content\/plugins\/revslider\/public\/assets\/assets\/transparent.png\" data-no-retina>\n<!--\n\t\t\t\t\t\t\t--><rs-layer\n\t\t\t\t\t\t\t\tid=\"slider-11-slide-54-layer-1\" \n\t\t\t\t\t\t\t\tclass=\"intrinsic-ignore\"\n\t\t\t\t\t\t\t\tdata-type=\"text\"\n\t\t\t\t\t\t\t\tdata-xy=\"x:c;y:m;\"\n\t\t\t\t\t\t\t\tdata-text=\"w:normal;\"\n\t\t\t\t\t\t\t\tdata-dim=\"w:100%;\"\n\t\t\t\t\t\t\t\tdata-basealign=\"slide\"\n\t\t\t\t\t\t\t\tdata-rsp_o=\"off\"\n\t\t\t\t\t\t\t\tdata-rsp_bd=\"off\"\n\t\t\t\t\t\t\t\tdata-frame_999=\"o:0;st:w;sR:4700;\"\n\t\t\t\t\t\t\t\tstyle=\"z-index:8;font-family:'Roboto';\"\n\t\t\t\t\t\t\t><iframe  type=\"text\/html\"  width=\"1920\" height=\"1080\" src=\"https:\/\/www.youtube.com\/embed\/jMsU6WXOF3o?&autoplay=1&mute=1&rel=0&frameborder=0&loop=1\"><\/iframe> \n\t\t\t\t\t\t\t<\/rs-layer><!--\n-->\t\t\t\t\t\t<\/rs-slide>\n\t\t\t\t\t\t<rs-slide style=\"position: absolute;\" data-key=\"rs-47\" data-title=\"Slide\" data-in=\"o:0;\" data-out=\"a:false;\">\n\t\t\t\t\t\t\t<img src=\"\/\/luxurytoursjapan.com\/wp-content\/plugins\/revslider\/public\/assets\/assets\/dummy.png\" alt=\"\" title=\"top_sakura-scaled-1.jpg\" width=\"1920\" height=\"1280\" class=\"rev-slidebg tp-rs-img rs-lazyload\" data-lazyload=\"\/\/luxurytoursjapan.com\/wp-content\/uploads\/revslider\/slider-2\/top_sakura-scaled-1.jpg\" data-no-retina>\n<!---->\t\t\t\t\t\t<\/rs-slide>\n\t\t\t\t\t\t<rs-slide style=\"position: absolute;\" data-key=\"rs-48\" data-title=\"Slide\" data-in=\"o:0;\" data-out=\"a:false;\">\n\t\t\t\t\t\t\t<img src=\"\/\/luxurytoursjapan.com\/wp-content\/plugins\/revslider\/public\/assets\/assets\/dummy.png\" alt=\"\" title=\"05\" width=\"1920\" height=\"1280\" class=\"rev-slidebg tp-rs-img rs-lazyload\" data-lazyload=\"\/\/luxurytoursjapan.com\/wp-content\/uploads\/2019\/12\/05-1.jpg\" data-panzoom=\"d:6000ms;ss:100;se:110%;\" data-no-retina>\n<!---->\t\t\t\t\t\t<\/rs-slide>\n\t\t\t\t\t\t<rs-slide style=\"position: absolute;\" data-key=\"rs-49\" data-title=\"Slide\" data-in=\"o:0;\" data-out=\"a:false;\">\n\t\t\t\t\t\t\t<img src=\"\/\/luxurytoursjapan.com\/wp-content\/plugins\/revslider\/public\/assets\/assets\/dummy.png\" alt=\"\" title=\"top03\" width=\"1920\" height=\"1280\" class=\"rev-slidebg tp-rs-img rs-lazyload\" data-lazyload=\"\/\/luxurytoursjapan.com\/wp-content\/uploads\/2021\/07\/top03.jpg\" data-panzoom=\"d:7000ms;ss:100;se:110%;\" data-no-retina>\n<!---->\t\t\t\t\t\t<\/rs-slide>\n\t\t\t\t\t\t<rs-slide style=\"position: absolute;\" data-key=\"rs-50\" data-title=\"Slide\" data-in=\"o:0;\" data-out=\"a:false;\">\n\t\t\t\t\t\t\t<img src=\"\/\/luxurytoursjapan.com\/wp-content\/plugins\/revslider\/public\/assets\/assets\/dummy.png\" alt=\"\" title=\"top04\" width=\"1920\" height=\"1280\" class=\"rev-slidebg tp-rs-img rs-lazyload\" data-lazyload=\"\/\/luxurytoursjapan.com\/wp-content\/uploads\/2021\/07\/top04-scaled.jpg\" data-panzoom=\"d:7000ms;ss:100;se:110%;\" data-no-retina>\n<!---->\t\t\t\t\t\t<\/rs-slide>\n\t\t\t\t\t\t<rs-slide style=\"position: absolute;\" data-key=\"rs-51\" data-title=\"Slide\" data-in=\"o:0;\" data-out=\"a:false;\">\n\t\t\t\t\t\t\t<img src=\"\/\/luxurytoursjapan.com\/wp-content\/plugins\/revslider\/public\/assets\/assets\/dummy.png\" alt=\"\" title=\"top05\" width=\"1106\" height=\"830\" class=\"rev-slidebg tp-rs-img rs-lazyload\" data-lazyload=\"\/\/luxurytoursjapan.com\/wp-content\/uploads\/2021\/07\/top05.jpg\" data-panzoom=\"d:7000ms;ss:100;se:110%;\" data-no-retina>\n<!---->\t\t\t\t\t\t<\/rs-slide>\n\t\t\t\t\t\t<rs-slide style=\"position: absolute;\" data-key=\"rs-52\" data-title=\"Slide\" data-in=\"o:0;\" data-out=\"a:false;\">\n\t\t\t\t\t\t\t<img src=\"\/\/luxurytoursjapan.com\/wp-content\/plugins\/revslider\/public\/assets\/assets\/dummy.png\" alt=\"\" title=\"top06\" width=\"1920\" height=\"1272\" class=\"rev-slidebg tp-rs-img rs-lazyload\" data-lazyload=\"\/\/luxurytoursjapan.com\/wp-content\/uploads\/2021\/07\/top06-scaled.jpg\" data-panzoom=\"d:7000ms;ss:100;se:110%;\" data-no-retina>\n<!---->\t\t\t\t\t\t<\/rs-slide>\n\t\t\t\t\t\t<rs-slide style=\"position: absolute;\" data-key=\"rs-53\" data-title=\"Slide\" data-in=\"o:0;\" data-out=\"a:false;\">\n\t\t\t\t\t\t\t<img src=\"\/\/luxurytoursjapan.com\/wp-content\/plugins\/revslider\/public\/assets\/assets\/dummy.png\" alt=\"\" title=\"top07\" width=\"950\" height=\"637\" class=\"rev-slidebg tp-rs-img rs-lazyload\" data-lazyload=\"\/\/luxurytoursjapan.com\/wp-content\/uploads\/2021\/07\/top07.jpg\" data-panzoom=\"d:7000ms;ss:100;se:110%;\" data-no-retina>\n<!---->\t\t\t\t\t\t<\/rs-slide>\n\t\t\t\t\t<\/rs-slides>\n\t\t\t\t\t<rs-static-layers><!--\n\t\t\t\t\t--><\/rs-static-layers>\n\t\t\t\t<\/rs-module>\n\t\t\t\t<script>\n\t\t\t\t\tsetREVStartSize({c: 'rev_slider_11_1',rl:[1240,1240,778,480],el:[1080,1080,960,600],gw:[1920,1920,778,480],gh:[1080,1080,450,280],type:'standard',justify:'',layout:'fullwidth',mh:\"0\"});if (window.RS_MODULES!==undefined && window.RS_MODULES.modules!==undefined && window.RS_MODULES.modules[\"revslider111\"]!==undefined) {window.RS_MODULES.modules[\"revslider111\"].once = false;window.revapi11 = undefined;if (window.RS_MODULES.checkMinimal!==undefined) window.RS_MODULES.checkMinimal()}\n\t\t\t\t<\/script>\n\t\t\t<\/rs-module-wrap>\n\t\t\t<!-- END REVOLUTION SLIDER -->\n<\/div><\/div><style type=\"text\/css\">.fusion-body .fusion-builder-column-0{width:100% !important;margin-top : 0px;margin-bottom : 20px;}.fusion-builder-column-0 > .fusion-column-wrapper {padding-top : 0px !important;padding-right : 0px !important;margin-right : 1.92%;padding-bottom : 0px !important;padding-left : 0px !important;margin-left : 1.92%;}@media only screen and (max-width:1024px) {.fusion-body .fusion-builder-column-0{width:100% !important;order : 0;}.fusion-builder-column-0 > .fusion-column-wrapper {margin-right : 1.92%;margin-left : 1.92%;}}@media only screen and (max-width:640px) {.fusion-body .fusion-builder-column-0{width:100% !important;order : 0;}.fusion-builder-column-0 > .fusion-column-wrapper {margin-right : 1.92%;margin-left : 1.92%;}}<\/style><\/div><\/div><style type=\"text\/css\">.fusion-body .fusion-flex-container.fusion-builder-row-1{ padding-top : 30px;margin-top : 0px;padding-right : 0px;padding-bottom : 0px;margin-bottom : 0px;padding-left : 0px;}@media only screen and (max-width:1024px) {.fusion-body .fusion-flex-container.fusion-builder-row-1{ padding-top : 0;padding-bottom : 0;}}@media only screen and (max-width:640px) {.fusion-body .fusion-flex-container.fusion-builder-row-1{ padding-top : 0;padding-bottom : 0;}}<\/style><\/div><div class=\"fusion-fullwidth fullwidth-box fusion-builder-row-2 fusion-flex-container top-main nonhundred-percent-fullwidth non-hundred-percent-height-scrolling\" style=\"background-color: rgba(255,255,255,0);background-position: center center;background-repeat: no-repeat;border-width: 0px 0px 0px 0px;border-color:#eae9e9;border-style:solid;\" ><div class=\"fusion-builder-row fusion-row fusion-flex-align-items-flex-start\" style=\"max-width:1144px;margin-left: calc(-4% \/ 2 );margin-right: calc(-4% \/ 2 );\"><div class=\"fusion-layout-column fusion_builder_column fusion-builder-column-1 fusion_builder_column_1_1 1_1 fusion-flex-column\"><div class=\"fusion-column-wrapper fusion-flex-justify-content-flex-start fusion-content-layout-column\" style=\"background-position:left top;background-repeat:no-repeat;-webkit-background-size:cover;-moz-background-size:cover;-o-background-size:cover;background-size:cover;padding: 0px 0px 0px 0px;\"><div class=\"page-content\">\n\t<div class=\"page-main-content\">\n\t\t<p>\n\t\t\tLuxury Tours Japan croit sinc\u00e8rement que voyager consiste \u00e0 s\u2019immerger dans la culture du pays de destination et \u00e0 d\u00e9couvrir celui-ci de l\u2019int\u00e9rieur.<br>\n\t\t\t<br>\n\t\t\tNos voyages s\u2019appuient sur un large \u00e9ventail d\u2019exp\u00e9riences culturelles, qui permettent au voyageur curieux d\u2019interagir directement avec des sp\u00e9cialistes au quotidien des arts et de l\u2019artisanat du Japon \u2013 sa communaut\u00e9 de fabricants, d\u2019artisans et d\u2019artistes d\u00e9vou\u00e9s \u2013 et, par leur biais, de d\u00e9couvrir la richesse du patrimoine culturel et naturel du pays.<br>\n\t\t\t<br>\n\t\t\tNos voyages se concentrent moins sur les destinations et les sites touristiques que sur des exp\u00e9riences culturelles immersives qui, selon nous, vous permettront de d\u00e9couvrir un Japon plus authentique, d\u2019approfondir vos connaissances et de cr\u00e9er des liens r\u00e9els avec les habitants de l\u2019archipel.<br>\n\t\t\t<br>\n\t\t\tPour nous, c\u2019est cela le \u00ab luxe \u00bb. Cette possibilit\u00e9 d\u2019avoir le temps et l\u2019occasion de s\u2019exposer \u00e0 la culture et \u00e0 l\u2019art, et ainsi, d\u2019une certaine mani\u00e8re, de changer ou d\u2019\u00e9voluer gr\u00e2ce \u00e0 cette exp\u00e9rience. Cela ne signifie pas simplement s\u00e9journer dans de luxueux h\u00f4tels 5 \u00e9toiles ou d\u00eener dans des restaurants \u00e9toil\u00e9s au Guide Michelin. Pour nous, il s\u2019agit de vivre des exp\u00e9riences uniques en t\u00eate-\u00e0-t\u00eate avec des professionnels locaux qualifi\u00e9s, afin de mieux saisir en quoi consiste leur discipline ou leur artisanat raffin\u00e9. Ou de s\u00e9journer dans des \u00e9tablissements qui proposent de vivre quelque chose de v\u00e9ritablement typique et exceptionnel. Ou encore de manger dans des restaurants qui sont r\u00e9solument attach\u00e9s \u00e0 offrir une exp\u00e9rience authentique et de qualit\u00e9, qu\u2019il s\u2019agisse aussi bien d\u2019un petit restaurant de quartier, que d\u2019un ryotei s\u00e9culaire et raffin\u00e9 de Kyoto.<br>\n\t\t<\/p>\n\t\t<h3 class=\"item-title\">Nous serions ravis de vous faire d\u00e9couvrir le Japon.<\/h3>\n\t\t<div class=\"item-sepa\"><\/div>\n\t\t<p>\n\t\t\tLuxury Tours Japan a vu le jour il y a 15 ans, avec pour but de proposer des exp\u00e9riences culturelles exhaustives aux personnes venant visiter le Japon. Depuis lors, nous avons collabor\u00e9 avec des agences de voyages du monde entier pour offrir des programmes culturels uniques aux voyageurs individuels et aux petits groupes, ainsi que pour les march\u00e9s du tourisme d\u2019affaires, du tourisme MICE et des voyageurs VIP.<br>\n\t\t\t<br>\n\t\t\t\u00c0 pr\u00e9sent une agence de voyages et agence r\u00e9ceptive agr\u00e9\u00e9e, disposant de bureaux \u00e0 Tokyo et \u00e0 Kyoto, Luxury Tours Japan propose des voyages enti\u00e8rement organis\u00e9s \u00e0 l\u2019attention des voyageurs au Japon. Gr\u00e2ce \u00e0 nos atouts et \u00e0 nos vastes r\u00e9seaux d\u2019artisans, de fabricants et de sp\u00e9cialistes leaders de leurs secteurs dans tout le Japon, nous proposons des exp\u00e9riences uniques au Japon afin de faire d\u00e9couvrir aux voyageurs des aspects plus profonds de la culture japonaise, qui ne sont pas simples \u00e0 d\u00e9couvrir ou difficilement accessibles aux personnes ne b\u00e9n\u00e9ficiant pas de relations personnelles \u00e9tablies au fil du temps. Nous sommes ainsi en mesure d\u2019ouvrir certaines portes et de faciliter les contacts avec des professionnels passionn\u00e9s, d\u00e9sireux de partager leur art, dans l\u2019ensemble des secteurs de l\u2019industrie traditionnelle japonaise.<br>\n\t\t\t<br>\n\t\t\tGr\u00e2ce \u00e0 ces exp\u00e9riences exceptionnelles, nos programmes font voyager nos clients \u00e0 travers le Japon, aussi bien pour explorer des destinations embl\u00e9matiques du pays, que pour s\u2019aventurer sur des parcours moins connus. Chaque voyage est enti\u00e8rement con\u00e7u sur mesure pour r\u00e9pondre aux besoins et aux int\u00e9r\u00eats des clients, et imagin\u00e9 de mani\u00e8re \u00e0 mettre en valeur les saisons et l\u2019environnement naturel du Japon. Que nos clients aspirent \u00e0 s\u00e9journer dans un des derniers h\u00f4tels design du Japon ou dans un ryokan classique tenu par un couple accueillant au fond des montagnes, nous optons pour le meilleur choix dans la cat\u00e9gorie concern\u00e9e, en associant \u00e0 cette exp\u00e9rience une s\u00e9lection de d\u00e9licieux restaurants et des guides bilingues experts.<br>\n\t\t\t<br>\n\t\t\tEn nous inspirant du concept japonais traditionnel de omotenashi, nous nous engageons, \u00e0 Luxury Tours Japan, \u00e0 fournir un service irr\u00e9prochable \u00e0 nos clients, en faisant preuve de sinc\u00e9rit\u00e9, d\u2019int\u00e9grit\u00e9 et d\u2019une convivialit\u00e9 authentique. Nous ferons toujours de notre mieux pour \u00eatre de tout c\u0153ur au service de nos clients et veiller \u00e0 ce que leurs besoins soient satisfaits tout au long de leur voyage, leur offrant ainsi une exp\u00e9rience du Japon qui, nous l\u2019esp\u00e9rons, sera tout simplement inoubliable et restera longtemps ancr\u00e9e en eux apr\u00e8s leur retour du pays du soleil levant.<br>\n\t\t\t<br>\n\t\t\tNous travaillons directement avec des voyageurs individuels, des groupes priv\u00e9s ainsi qu\u2019avec des professionnels.<br>\n\t\t\t<br>\n\t\t\tContact: inquiry@luxurytoursjapan.com\n\t\t<\/p>\n\t<\/div>\n<\/div><\/div><style type=\"text\/css\">.fusion-body .fusion-builder-column-1{width:100% !important;margin-top : 0px;margin-bottom : 20px;}.fusion-builder-column-1 > .fusion-column-wrapper {padding-top : 0px !important;padding-right : 0px !important;margin-right : 1.92%;padding-bottom : 0px !important;padding-left : 0px !important;margin-left : 1.92%;}@media only screen and (max-width:1024px) {.fusion-body .fusion-builder-column-1{width:100% !important;order : 0;}.fusion-builder-column-1 > .fusion-column-wrapper {margin-right : 1.92%;margin-left : 1.92%;}}@media only screen and (max-width:640px) {.fusion-body .fusion-builder-column-1{width:100% !important;order : 0;}.fusion-builder-column-1 > .fusion-column-wrapper {margin-right : 1.92%;margin-left : 1.92%;}}<\/style><\/div><\/div><style type=\"text\/css\">.fusion-body .fusion-flex-container.fusion-builder-row-2{ padding-top : 0px;margin-top : 0px;padding-right : 0px;padding-bottom : 0px;margin-bottom : 0px;padding-left : 0px;}<\/style><\/div><div class=\"fusion-fullwidth fullwidth-box fusion-builder-row-3 nonhundred-percent-fullwidth non-hundred-percent-height-scrolling\" style=\"background-color: rgba(255,255,255,0);background-image:radial-gradient(circle at center center, rgba(255,255,255,0) 15%,#e0e0e0 79%);background-position: center center;background-repeat: no-repeat;padding-top:20px;padding-right:0px;padding-bottom:20px;padding-left:0px;margin-bottom: 0px;margin-top: 0px;border-width: 0px 0px 0px 0px;border-color:#eae9e9;border-style:solid;\" ><div class=\"fusion-builder-row fusion-row\"><div class=\"fusion-layout-column fusion_builder_column fusion-builder-column-2 fusion_builder_column_1_1 1_1 fusion-one-full fusion-column-first fusion-column-last\" style=\"margin-top:0px;margin-bottom:0px;\"><div class=\"fusion-column-wrapper fusion-flex-column-wrapper-legacy\" style=\"background-position:left top;background-repeat:no-repeat;-webkit-background-size:cover;-moz-background-size:cover;-o-background-size:cover;background-size:cover;padding: 0px 0px 0px 0px;\"><style type=\"text\/css\">@media only screen and (max-width:800px) {.fusion-title.fusion-title-1{margin-top:0px!important;margin-bottom:10px!important;}}<\/style><div class=\"fusion-title title fusion-title-1 fusion-sep-none fusion-title-center fusion-title-text fusion-title-size-two\" style=\"font-size:20px;margin-top:0px;margin-right:0px;margin-bottom:10px;margin-left:0px;\"><h2 class=\"title-heading-center fusion-responsive-typography-calculated\" style=\"margin:0;font-size:1em;--fontSize:20;--minFontSize:20px;line-height:1;\">Find the beauty of Japan<\/h2><\/div><style type=\"text\/css\">@media only screen and (max-width:800px) {.fusion-title.fusion-title-2{margin-top:0px!important;margin-bottom:10px!important;}}<\/style><div class=\"fusion-title title fusion-title-2 fusion-sep-none fusion-title-center fusion-title-text fusion-title-size-two\" style=\"font-size:16px;margin-top:0px;margin-right:0px;margin-bottom:10px;margin-left:0px;\"><h2 class=\"title-heading-center fusion-responsive-typography-calculated\" style=\"margin:0;font-size:1em;--fontSize:16;--minFontSize:16px;line-height:1;\">Tailormade luxury tours<\/h2><\/div><style type=\"text\/css\">.fusion-title.fusion-title-3 .fusion-animated-texts-wrapper::before{background-color:#000000!important}@media only screen and (max-width:800px) {.fusion-title.fusion-title-3{margin-top:!important;margin-bottom:0px!important;}}<\/style><div class=\"fusion-title title fusion-title-3 fusion-sep-none fusion-title-center fusion-title-rotating fusion-loop-off fusion-title-typeIn fusion-title-size-two\" style=\"font-size:16px;margin-top:0px;margin-right:0px;margin-bottom:0px;margin-left:0px;\"><h2 class=\"title-heading-center fusion-responsive-typography-calculated\" style=\"margin:0;font-size:1em;color:#000000;--fontSize:16;--minFontSize:16px;line-height:1.5;\"><span class=\"fusion-animated-text-prefix\"><\/span> <span class=\"fusion-animated-texts-wrapper fusion-responsive-typography-calculated\" style=\"color:#000000;--fontSize:16;--minFontSize:16px;font-size:16px;text-align: center;\" data-length=\"char\" data-minDisplayTime=\"1200\"><span class=\"fusion-animated-texts\"><span data-in-effect=\"typeIn\" class=\"fusion-animated-text\" data-in-sequence=\"true\" data-out-reverse=\"true\" data-out-effect=\"typeOut\">Art &amp; culture, Artisans, Food culture<\/span><\/span><\/span> <span class=\"fusion-animated-text-postfix\"><\/span><\/h2><\/div><div class=\"fusion-clearfix\"><\/div><\/div><\/div><\/div><\/div><\/p>\n","protected":false},"excerpt":{"rendered":"","protected":false},"author":1,"featured_media":0,"parent":0,"menu_order":0,"comment_status":"closed","ping_status":"closed","template":"100-width.php","meta":[],"yoast_head":"<!-- This site is optimized with the Yoast SEO plugin v16.5 - https:\/\/yoast.com\/wordpress\/plugins\/seo\/ -->\n<title>Find the beauty of Japan | luxury tours japan<\/title>\n<meta name=\"description\" content=\"Luxury Tours Japan arrange exclusive and unique cultural tours for you. Welcome to the exotic Japan. We will take you to extraordinary world. Luxury Tours Japan.\" \/>\n<meta name=\"robots\" content=\"index, follow, max-snippet:-1, max-image-preview:large, max-video-preview:-1\" \/>\n<link rel=\"canonical\" href=\"https:\/\/luxurytoursjapan.com\/fr\/\" \/>\n<meta property=\"og:locale\" content=\"fr_FR\" \/>\n<meta property=\"og:type\" content=\"article\" \/>\n<meta property=\"og:title\" content=\"Find the beauty of Japan | luxury tours japan\" \/>\n<meta property=\"og:description\" content=\"Luxury Tours Japan arrange exclusive and unique cultural tours for you. Welcome to the exotic Japan. We will take you to extraordinary world. Luxury Tours Japan.\" \/>\n<meta property=\"og:url\" content=\"https:\/\/luxurytoursjapan.com\/fr\/\" \/>\n<meta property=\"og:site_name\" content=\"luxury tours japan\" \/>\n<meta property=\"article:modified_time\" content=\"2022-06-23T00:49:21+00:00\" \/>\n<meta name=\"twitter:card\" content=\"summary_large_image\" \/>\n<meta name=\"twitter:label1\" content=\"Dur\u00e9e de lecture est.\" \/>\n\t<meta name=\"twitter:data1\" content=\"3 minutes\" \/>\n<script type=\"application\/ld+json\" class=\"yoast-schema-graph\">{\"@context\":\"https:\/\/schema.org\",\"@graph\":[{\"@type\":\"Organization\",\"@id\":\"https:\/\/luxurytoursjapan.com\/#organization\",\"name\":\"luxury tours japan\",\"url\":\"https:\/\/luxurytoursjapan.com\/\",\"sameAs\":[],\"logo\":{\"@type\":\"ImageObject\",\"@id\":\"https:\/\/luxurytoursjapan.com\/#logo\",\"inLanguage\":\"fr-FR\",\"url\":\"https:\/\/luxurytoursjapan.com\/wp-content\/uploads\/2019\/12\/logo-black.svg\",\"contentUrl\":\"https:\/\/luxurytoursjapan.com\/wp-content\/uploads\/2019\/12\/logo-black.svg\",\"width\":253,\"height\":35,\"caption\":\"luxury tours japan\"},\"image\":{\"@id\":\"https:\/\/luxurytoursjapan.com\/#logo\"}},{\"@type\":\"WebSite\",\"@id\":\"https:\/\/luxurytoursjapan.com\/#website\",\"url\":\"https:\/\/luxurytoursjapan.com\/\",\"name\":\"luxury tours japan\",\"description\":\"\",\"publisher\":{\"@id\":\"https:\/\/luxurytoursjapan.com\/#organization\"},\"potentialAction\":[{\"@type\":\"SearchAction\",\"target\":\"https:\/\/luxurytoursjapan.com\/?s={search_term_string}\",\"query-input\":\"required name=search_term_string\"}],\"inLanguage\":\"fr-FR\"},{\"@type\":\"WebPage\",\"@id\":\"https:\/\/luxurytoursjapan.com\/fr\/#webpage\",\"url\":\"https:\/\/luxurytoursjapan.com\/fr\/\",\"name\":\"Find the beauty of Japan | luxury tours japan\",\"isPartOf\":{\"@id\":\"https:\/\/luxurytoursjapan.com\/#website\"},\"datePublished\":\"2022-01-05T12:08:51+00:00\",\"dateModified\":\"2022-06-23T00:49:21+00:00\",\"description\":\"Luxury Tours Japan arrange exclusive and unique cultural tours for you. Welcome to the exotic Japan. We will take you to extraordinary world. Luxury Tours Japan.\",\"breadcrumb\":{\"@id\":\"https:\/\/luxurytoursjapan.com\/fr\/#breadcrumb\"},\"inLanguage\":\"fr-FR\",\"potentialAction\":[{\"@type\":\"ReadAction\",\"target\":[\"https:\/\/luxurytoursjapan.com\/fr\/\"]}]},{\"@type\":\"BreadcrumbList\",\"@id\":\"https:\/\/luxurytoursjapan.com\/fr\/#breadcrumb\",\"itemListElement\":[{\"@type\":\"ListItem\",\"position\":1,\"name\":\"Home\",\"item\":\"https:\/\/luxurytoursjapan.com\/fr\/\"},{\"@type\":\"ListItem\",\"position\":2,\"name\":\"Accueil\"}]}]}<\/script>\n<!-- \/ Yoast SEO plugin. -->","_links":{"self":[{"href":"https:\/\/luxurytoursjapan.com\/fr\/wp-json\/wp\/v2\/pages\/3677"}],"collection":[{"href":"https:\/\/luxurytoursjapan.com\/fr\/wp-json\/wp\/v2\/pages"}],"about":[{"href":"https:\/\/luxurytoursjapan.com\/fr\/wp-json\/wp\/v2\/types\/page"}],"author":[{"embeddable":true,"href":"https:\/\/luxurytoursjapan.com\/fr\/wp-json\/wp\/v2\/users\/1"}],"replies":[{"embeddable":true,"href":"https:\/\/luxurytoursjapan.com\/fr\/wp-json\/wp\/v2\/comments?post=3677"}],"version-history":[{"count":15,"href":"https:\/\/luxurytoursjapan.com\/fr\/wp-json\/wp\/v2\/pages\/3677\/revisions"}],"predecessor-version":[{"id":6096,"href":"https:\/\/luxurytoursjapan.com\/fr\/wp-json\/wp\/v2\/pages\/3677\/revisions\/6096"}],"wp:attachment":[{"href":"https:\/\/luxurytoursjapan.com\/fr\/wp-json\/wp\/v2\/media?parent=3677"}],"curies":[{"name":"wp","href":"https:\/\/api.w.org\/{rel}","templated":true}]}}