{"id":4189,"date":"2022-01-16T12:54:25","date_gmt":"2022-01-16T03:54:25","guid":{"rendered":"https:\/\/luxurytoursjapan.com\/top-2\/"},"modified":"2022-02-17T19:18:47","modified_gmt":"2022-02-17T10:18:47","slug":"top-2","status":"publish","type":"page","link":"https:\/\/luxurytoursjapan.com\/es\/","title":{"rendered":"Top"},"content":{"rendered":"<p><div class=\"fusion-fullwidth fullwidth-box fusion-builder-row-1 fusion-flex-container nonhundred-percent-fullwidth non-hundred-percent-height-scrolling\" style=\"background-color: rgba(255,255,255,0);background-position: center center;background-repeat: no-repeat;border-width: 0px 0px 0px 0px;border-color:#eae9e9;border-style:solid;\" ><div class=\"fusion-builder-row fusion-row fusion-flex-align-items-flex-start\" style=\"max-width:1144px;margin-left: calc(-4% \/ 2 );margin-right: calc(-4% \/ 2 );\"><div class=\"fusion-layout-column fusion_builder_column fusion-builder-column-0 fusion_builder_column_1_1 1_1 fusion-flex-column\"><div class=\"fusion-column-wrapper fusion-flex-justify-content-flex-start fusion-content-layout-column\" style=\"background-position:left top;background-repeat:no-repeat;-webkit-background-size:cover;-moz-background-size:cover;-o-background-size:cover;background-size:cover;padding: 0px 0px 0px 0px;\">\n<div class=\"fusion-slider-revolution rev_slider_wrapper\">\t\t\t<!-- START Top2 REVOLUTION SLIDER 6.5.15 --><p class=\"rs-p-wp-fix\"><\/p>\n\t\t\t<rs-module-wrap id=\"rev_slider_11_1_wrapper\" data-source=\"gallery\" style=\"visibility:hidden;background:transparent;padding:0;margin:0px auto;margin-top:0;margin-bottom:0;\">\n\t\t\t\t<rs-module id=\"rev_slider_11_1\" style=\"\" data-version=\"6.5.15\">\n\t\t\t\t\t<rs-slides>\n\t\t\t\t\t\t<rs-slide style=\"position: absolute;\" data-key=\"rs-54\" data-title=\"Slide\" data-duration=\"120000ms\" data-in=\"o:0;\" data-out=\"a:false;\">\n\t\t\t\t\t\t\t<img src=\"\/\/luxurytoursjapan.com\/wp-content\/plugins\/revslider\/public\/assets\/assets\/dummy.png\" alt=\"Slide\" title=\"Top\" class=\"rev-slidebg tp-rs-img rs-lazyload\" data-lazyload=\"\/\/luxurytoursjapan.com\/wp-content\/plugins\/revslider\/public\/assets\/assets\/transparent.png\" data-no-retina>\n<!--\n\t\t\t\t\t\t\t--><rs-layer\n\t\t\t\t\t\t\t\tid=\"slider-11-slide-54-layer-1\" \n\t\t\t\t\t\t\t\tclass=\"intrinsic-ignore\"\n\t\t\t\t\t\t\t\tdata-type=\"text\"\n\t\t\t\t\t\t\t\tdata-xy=\"x:c;y:m;\"\n\t\t\t\t\t\t\t\tdata-text=\"w:normal;\"\n\t\t\t\t\t\t\t\tdata-dim=\"w:100%;\"\n\t\t\t\t\t\t\t\tdata-basealign=\"slide\"\n\t\t\t\t\t\t\t\tdata-rsp_o=\"off\"\n\t\t\t\t\t\t\t\tdata-rsp_bd=\"off\"\n\t\t\t\t\t\t\t\tdata-frame_999=\"o:0;st:w;sR:4700;\"\n\t\t\t\t\t\t\t\tstyle=\"z-index:8;font-family:'Roboto';\"\n\t\t\t\t\t\t\t><iframe  type=\"text\/html\"  width=\"1920\" height=\"1080\" src=\"https:\/\/www.youtube.com\/embed\/jMsU6WXOF3o?&autoplay=1&mute=1&rel=0&frameborder=0&loop=1\"><\/iframe> \n\t\t\t\t\t\t\t<\/rs-layer><!--\n-->\t\t\t\t\t\t<\/rs-slide>\n\t\t\t\t\t\t<rs-slide style=\"position: absolute;\" data-key=\"rs-47\" data-title=\"Slide\" data-in=\"o:0;\" data-out=\"a:false;\">\n\t\t\t\t\t\t\t<img src=\"\/\/luxurytoursjapan.com\/wp-content\/plugins\/revslider\/public\/assets\/assets\/dummy.png\" alt=\"\" title=\"top_sakura-scaled-1.jpg\" width=\"1920\" height=\"1280\" class=\"rev-slidebg tp-rs-img rs-lazyload\" data-lazyload=\"\/\/luxurytoursjapan.com\/wp-content\/uploads\/revslider\/slider-2\/top_sakura-scaled-1.jpg\" data-no-retina>\n<!---->\t\t\t\t\t\t<\/rs-slide>\n\t\t\t\t\t\t<rs-slide style=\"position: absolute;\" data-key=\"rs-48\" data-title=\"Slide\" data-in=\"o:0;\" data-out=\"a:false;\">\n\t\t\t\t\t\t\t<img src=\"\/\/luxurytoursjapan.com\/wp-content\/plugins\/revslider\/public\/assets\/assets\/dummy.png\" alt=\"\" title=\"05\" width=\"1920\" height=\"1280\" class=\"rev-slidebg tp-rs-img rs-lazyload\" data-lazyload=\"\/\/luxurytoursjapan.com\/wp-content\/uploads\/2019\/12\/05-1.jpg\" data-panzoom=\"d:6000ms;ss:100;se:110%;\" data-no-retina>\n<!---->\t\t\t\t\t\t<\/rs-slide>\n\t\t\t\t\t\t<rs-slide style=\"position: absolute;\" data-key=\"rs-49\" data-title=\"Slide\" data-in=\"o:0;\" data-out=\"a:false;\">\n\t\t\t\t\t\t\t<img src=\"\/\/luxurytoursjapan.com\/wp-content\/plugins\/revslider\/public\/assets\/assets\/dummy.png\" alt=\"\" title=\"top03\" width=\"1920\" height=\"1280\" class=\"rev-slidebg tp-rs-img rs-lazyload\" data-lazyload=\"\/\/luxurytoursjapan.com\/wp-content\/uploads\/2021\/07\/top03.jpg\" data-panzoom=\"d:7000ms;ss:100;se:110%;\" data-no-retina>\n<!---->\t\t\t\t\t\t<\/rs-slide>\n\t\t\t\t\t\t<rs-slide style=\"position: absolute;\" data-key=\"rs-50\" data-title=\"Slide\" data-in=\"o:0;\" data-out=\"a:false;\">\n\t\t\t\t\t\t\t<img src=\"\/\/luxurytoursjapan.com\/wp-content\/plugins\/revslider\/public\/assets\/assets\/dummy.png\" alt=\"\" title=\"top04\" width=\"1920\" height=\"1280\" class=\"rev-slidebg tp-rs-img rs-lazyload\" data-lazyload=\"\/\/luxurytoursjapan.com\/wp-content\/uploads\/2021\/07\/top04-scaled.jpg\" data-panzoom=\"d:7000ms;ss:100;se:110%;\" data-no-retina>\n<!---->\t\t\t\t\t\t<\/rs-slide>\n\t\t\t\t\t\t<rs-slide style=\"position: absolute;\" data-key=\"rs-51\" data-title=\"Slide\" data-in=\"o:0;\" data-out=\"a:false;\">\n\t\t\t\t\t\t\t<img src=\"\/\/luxurytoursjapan.com\/wp-content\/plugins\/revslider\/public\/assets\/assets\/dummy.png\" alt=\"\" title=\"top05\" width=\"1106\" height=\"830\" class=\"rev-slidebg tp-rs-img rs-lazyload\" data-lazyload=\"\/\/luxurytoursjapan.com\/wp-content\/uploads\/2021\/07\/top05.jpg\" data-panzoom=\"d:7000ms;ss:100;se:110%;\" data-no-retina>\n<!---->\t\t\t\t\t\t<\/rs-slide>\n\t\t\t\t\t\t<rs-slide style=\"position: absolute;\" data-key=\"rs-52\" data-title=\"Slide\" data-in=\"o:0;\" data-out=\"a:false;\">\n\t\t\t\t\t\t\t<img src=\"\/\/luxurytoursjapan.com\/wp-content\/plugins\/revslider\/public\/assets\/assets\/dummy.png\" alt=\"\" title=\"top06\" width=\"1920\" height=\"1272\" class=\"rev-slidebg tp-rs-img rs-lazyload\" data-lazyload=\"\/\/luxurytoursjapan.com\/wp-content\/uploads\/2021\/07\/top06-scaled.jpg\" data-panzoom=\"d:7000ms;ss:100;se:110%;\" data-no-retina>\n<!---->\t\t\t\t\t\t<\/rs-slide>\n\t\t\t\t\t\t<rs-slide style=\"position: absolute;\" data-key=\"rs-53\" data-title=\"Slide\" data-in=\"o:0;\" data-out=\"a:false;\">\n\t\t\t\t\t\t\t<img src=\"\/\/luxurytoursjapan.com\/wp-content\/plugins\/revslider\/public\/assets\/assets\/dummy.png\" alt=\"\" title=\"top07\" width=\"950\" height=\"637\" class=\"rev-slidebg tp-rs-img rs-lazyload\" data-lazyload=\"\/\/luxurytoursjapan.com\/wp-content\/uploads\/2021\/07\/top07.jpg\" data-panzoom=\"d:7000ms;ss:100;se:110%;\" data-no-retina>\n<!---->\t\t\t\t\t\t<\/rs-slide>\n\t\t\t\t\t<\/rs-slides>\n\t\t\t\t\t<rs-static-layers><!--\n\t\t\t\t\t--><\/rs-static-layers>\n\t\t\t\t<\/rs-module>\n\t\t\t\t<script>\n\t\t\t\t\tsetREVStartSize({c: 'rev_slider_11_1',rl:[1240,1240,778,480],el:[1080,1080,960,600],gw:[1920,1920,778,480],gh:[1080,1080,450,280],type:'standard',justify:'',layout:'fullwidth',mh:\"0\"});if (window.RS_MODULES!==undefined && window.RS_MODULES.modules!==undefined && window.RS_MODULES.modules[\"revslider111\"]!==undefined) {window.RS_MODULES.modules[\"revslider111\"].once = false;window.revapi11 = undefined;if (window.RS_MODULES.checkMinimal!==undefined) window.RS_MODULES.checkMinimal()}\n\t\t\t\t<\/script>\n\t\t\t<\/rs-module-wrap>\n\t\t\t<!-- END REVOLUTION SLIDER -->\n<\/div><\/div><style type=\"text\/css\">.fusion-body .fusion-builder-column-0{width:100% !important;margin-top : 0px;margin-bottom : 20px;}.fusion-builder-column-0 > .fusion-column-wrapper {padding-top : 0px !important;padding-right : 0px !important;margin-right : 1.92%;padding-bottom : 0px !important;padding-left : 0px !important;margin-left : 1.92%;}@media only screen and (max-width:1024px) {.fusion-body .fusion-builder-column-0{width:100% !important;order : 0;}.fusion-builder-column-0 > .fusion-column-wrapper {margin-right : 1.92%;margin-left : 1.92%;}}@media only screen and (max-width:640px) {.fusion-body .fusion-builder-column-0{width:100% !important;order : 0;}.fusion-builder-column-0 > .fusion-column-wrapper {margin-right : 1.92%;margin-left : 1.92%;}}<\/style><\/div><\/div><style type=\"text\/css\">.fusion-body .fusion-flex-container.fusion-builder-row-1{ padding-top : 30px;margin-top : 0px;padding-right : 0px;padding-bottom : 0px;margin-bottom : 0px;padding-left : 0px;}@media only screen and (max-width:1024px) {.fusion-body .fusion-flex-container.fusion-builder-row-1{ padding-top : 0;padding-bottom : 0;}}@media only screen and (max-width:640px) {.fusion-body .fusion-flex-container.fusion-builder-row-1{ padding-top : 0;padding-bottom : 0;}}<\/style><\/div><div class=\"fusion-fullwidth fullwidth-box fusion-builder-row-2 fusion-flex-container top-main nonhundred-percent-fullwidth non-hundred-percent-height-scrolling\" style=\"background-color: rgba(255,255,255,0);background-position: center center;background-repeat: no-repeat;border-width: 0px 0px 0px 0px;border-color:#eae9e9;border-style:solid;\" ><div class=\"fusion-builder-row fusion-row fusion-flex-align-items-flex-start\" style=\"max-width:1144px;margin-left: calc(-4% \/ 2 );margin-right: calc(-4% \/ 2 );\"><div class=\"fusion-layout-column fusion_builder_column fusion-builder-column-1 fusion_builder_column_1_1 1_1 fusion-flex-column\"><div class=\"fusion-column-wrapper fusion-flex-justify-content-flex-start fusion-content-layout-column\" style=\"background-position:left top;background-repeat:no-repeat;-webkit-background-size:cover;-moz-background-size:cover;-o-background-size:cover;background-size:cover;padding: 0px 0px 0px 0px;\"><div class=\"page-content\">\n\t<div class=\"page-main-content\">\n\t\t<p>En Luxury Tours Japan creemos que viajar consiste b\u00e1sicamente en sumergirse en la cultura de un destino y descubrir el pa\u00eds desde dentro.<br>\n\t\t\t<br>\n\t\t\tNuestros viajes se basan en un amplio abanico de experiencias culturales que permiten al viajero curioso interactuar directamente con los profesionales del arte y la artesan\u00eda de Jap\u00f3n \u2014su comunidad de entregados creadores, artesanos y artistas\u2014 y descubrir el rico patrimonio cultural y natural del pa\u00eds a trav\u00e9s de ellos.<br>\n\t\t\t<br>\n\t\t\tNuestros viajes se centran menos en los destinos y las vistas, y m\u00e1s en las experiencias de inmersi\u00f3n cultural, que creemos que brindan una experiencia m\u00e1s aut\u00e9ntica de Jap\u00f3n y generan una comprensi\u00f3n profunda y unas conexiones reales con el pueblo nip\u00f3n.<br>\n\t\t\t<br>\n\t\t\tEso es el lujo para nosotros. Poder disfrutar del tiempo y la oportunidad de exponerse a una cultura y un arte y, de alg\u00fan modo, cambiar o desarrollarse gracias a la experiencia. No significa solo alojarse en suntuosos hoteles de 5 estrellas o comer en restaurantes con estrellas Michelin. Para nosotros, significa vivir experiencias \u00fanicas y personales con diestros profesionales del lugar para conocer su arte o su exquisito oficio, alojarse en un lugar que ofrezca algo genuino y especial de verdad o comer en restaurantes que tengan un compromiso inquebrantable con la autenticidad y la calidad, independientemente de si se trata de un peque\u00f1o local escondido en una callejuela o un ryotei refinado y centenario en Kioto.<br>\n\t\t<\/p>\n\t\t<h3 class=\"item-title\">Nos encantar\u00eda que descubrieras Jap\u00f3n con nosotros.<\/h3>\n\t\t<div class=\"item-sepa\"><\/div>\n\t\t<p>\n\t\t\tLuxury Tours Japan se estableci\u00f3 hace m\u00e1s de 15 a\u00f1os para ofrecer experiencias culturales profundas a aquellos que visitan Jap\u00f3n. Desde entonces, hemos colaborado con agentes de viajes de todo el mundo para ofrecer programas culturales exclusivos tanto a viajeros individuales y grupos peque\u00f1os como a los sectores empresarial, MICE y VIP.<br>\n\t\t\t<br>\n\t\t\tAhora que somos una agencia de viajes y empresa de gesti\u00f3n de destinos autorizadas con oficinas en Tokio y Kioto, en Luxury Tours Japan ofreceremos viajes totalmente organizados para quienes visitan Jap\u00f3n. Sirvi\u00e9ndonos de nuestras capacidades y extensas redes con los mejores artesanos, creadores y especialistas del pa\u00eds, ofrecemos experiencias japonesas \u00fanicas que muestran a los visitantes aspectos profundos de la cultura nipona que no resultan f\u00e1ciles de descubrir o alcanzar para quienes no mantienen unas relaciones personales construidas con el tiempo. Somos capaces de abrir puertas y facilitar conexiones con profesionales apasionados y deseosos de compartir su oficio en todos los sectores tradicionales de Jap\u00f3n.<br>\n\t\t\t<br>\n\t\t\tCon estas experiencias exclusivas, nuestros viajes llevan a nuestros clientes a viajar por Jap\u00f3n para explorar tanto los destinos m\u00e1s emblem\u00e1ticos como las rutas menos transitadas. Cada viaje se personaliza por completo para cubrir las necesidades y los intereses del cliente, y se dise\u00f1a para acentuar las estaciones de Jap\u00f3n y el entorno natural. Tanto si nuestros clientes aspiran a alojarse en uno de los hoteles de dise\u00f1o m\u00e1s nuevos de Jap\u00f3n o en un ryokan cl\u00e1sico en las monta\u00f1as gestionado por una pareja hospitalaria, seleccionamos lo mejor en su categor\u00eda, combinando la experiencia con excelentes selecciones de restaurantes y gu\u00edas biling\u00fces expertos.<br>\n\t\t\t<br>\n\t\t\tInspirados por el concepto nip\u00f3n tradicional del omotenashi, en Luxury Tours Japan nos comprometemos a brindar un servicio impecable a nuestros clientes, facilitado con honestidad, integridad y una amabilidad genuina. Siempre nos esforzaremos al m\u00e1ximo para servir a nuestros clientes de todo coraz\u00f3n y asegurarnos de cubrir sus necesidades durante todo el viaje, ofreciendo una experiencia de Jap\u00f3n que esperamos que les resulte inolvidable y que siga acompa\u00f1\u00e1ndoles mucho despu\u00e9s de marcharse.<br>\n\t\t\t<br>\n\t\t\tTrabajamos directamente con viajeros individuales, grupos privados y empresas.<br>\n\t\t\t<br>\n\t\t\tContact: inquiry@luxurytoursjapan.com\n\t\t<\/p>\n\t<\/div>\n<\/div><\/div><style type=\"text\/css\">.fusion-body .fusion-builder-column-1{width:100% !important;margin-top : 0px;margin-bottom : 20px;}.fusion-builder-column-1 > .fusion-column-wrapper {padding-top : 0px !important;padding-right : 0px !important;margin-right : 1.92%;padding-bottom : 0px !important;padding-left : 0px !important;margin-left : 1.92%;}@media only screen and (max-width:1024px) {.fusion-body .fusion-builder-column-1{width:100% !important;order : 0;}.fusion-builder-column-1 > .fusion-column-wrapper {margin-right : 1.92%;margin-left : 1.92%;}}@media only screen and (max-width:640px) {.fusion-body .fusion-builder-column-1{width:100% !important;order : 0;}.fusion-builder-column-1 > .fusion-column-wrapper {margin-right : 1.92%;margin-left : 1.92%;}}<\/style><\/div><\/div><style type=\"text\/css\">.fusion-body .fusion-flex-container.fusion-builder-row-2{ padding-top : 0px;margin-top : 0px;padding-right : 0px;padding-bottom : 0px;margin-bottom : 0px;padding-left : 0px;}<\/style><\/div><div class=\"fusion-fullwidth fullwidth-box fusion-builder-row-3 nonhundred-percent-fullwidth non-hundred-percent-height-scrolling\" style=\"background-color: rgba(255,255,255,0);background-image:radial-gradient(circle at center center, rgba(255,255,255,0) 15%,#e0e0e0 79%);background-position: center center;background-repeat: no-repeat;padding-top:20px;padding-right:0px;padding-bottom:20px;padding-left:0px;margin-bottom: 0px;margin-top: 0px;border-width: 0px 0px 0px 0px;border-color:#eae9e9;border-style:solid;\" ><div class=\"fusion-builder-row fusion-row\"><div class=\"fusion-layout-column fusion_builder_column fusion-builder-column-2 fusion_builder_column_1_1 1_1 fusion-one-full fusion-column-first fusion-column-last\" style=\"margin-top:0px;margin-bottom:0px;\"><div class=\"fusion-column-wrapper fusion-flex-column-wrapper-legacy\" style=\"background-position:left top;background-repeat:no-repeat;-webkit-background-size:cover;-moz-background-size:cover;-o-background-size:cover;background-size:cover;padding: 0px 0px 0px 0px;\"><style type=\"text\/css\">@media only screen and (max-width:800px) {.fusion-title.fusion-title-1{margin-top:0px!important;margin-bottom:10px!important;}}<\/style><div class=\"fusion-title title fusion-title-1 fusion-sep-none fusion-title-center fusion-title-text fusion-title-size-two\" style=\"font-size:20px;margin-top:0px;margin-right:0px;margin-bottom:10px;margin-left:0px;\"><h2 class=\"title-heading-center fusion-responsive-typography-calculated\" style=\"margin:0;font-size:1em;--fontSize:20;--minFontSize:20px;line-height:1;\">Find the beauty of Japan<\/h2><\/div><style type=\"text\/css\">@media only screen and (max-width:800px) {.fusion-title.fusion-title-2{margin-top:0px!important;margin-bottom:10px!important;}}<\/style><div class=\"fusion-title title fusion-title-2 fusion-sep-none fusion-title-center fusion-title-text fusion-title-size-two\" style=\"font-size:16px;margin-top:0px;margin-right:0px;margin-bottom:10px;margin-left:0px;\"><h2 class=\"title-heading-center fusion-responsive-typography-calculated\" style=\"margin:0;font-size:1em;--fontSize:16;--minFontSize:16px;line-height:1;\">Tailormade luxury tours<\/h2><\/div><style type=\"text\/css\">.fusion-title.fusion-title-3 .fusion-animated-texts-wrapper::before{background-color:#000000!important}@media only screen and (max-width:800px) {.fusion-title.fusion-title-3{margin-top:!important;margin-bottom:0px!important;}}<\/style><div class=\"fusion-title title fusion-title-3 fusion-sep-none fusion-title-center fusion-title-rotating fusion-loop-off fusion-title-typeIn fusion-title-size-two\" style=\"font-size:16px;margin-top:0px;margin-right:0px;margin-bottom:0px;margin-left:0px;\"><h2 class=\"title-heading-center fusion-responsive-typography-calculated\" style=\"margin:0;font-size:1em;color:#000000;--fontSize:16;--minFontSize:16px;line-height:1.5;\"><span class=\"fusion-animated-text-prefix\"><\/span> <span class=\"fusion-animated-texts-wrapper fusion-responsive-typography-calculated\" style=\"color:#000000;--fontSize:16;--minFontSize:16px;font-size:16px;text-align: center;\" data-length=\"char\" data-minDisplayTime=\"1200\"><span class=\"fusion-animated-texts\"><span data-in-effect=\"typeIn\" class=\"fusion-animated-text\" data-in-sequence=\"true\" data-out-reverse=\"true\" data-out-effect=\"typeOut\">Art &amp; culture, Artisans, Food culture<\/span><\/span><\/span> <span class=\"fusion-animated-text-postfix\"><\/span><\/h2><\/div><div class=\"fusion-clearfix\"><\/div><\/div><\/div><\/div><\/div><\/p>\n","protected":false},"excerpt":{"rendered":"","protected":false},"author":1,"featured_media":0,"parent":0,"menu_order":0,"comment_status":"closed","ping_status":"closed","template":"100-width.php","meta":[],"yoast_head":"<!-- This site is optimized with the Yoast SEO plugin v16.5 - https:\/\/yoast.com\/wordpress\/plugins\/seo\/ -->\n<title>Find the beauty of Japan | luxury tours japan<\/title>\n<meta name=\"description\" content=\"Luxury Tours Japan arrange exclusive and unique cultural tours for you. Welcome to the exotic Japan. We will take you to extraordinary world. Luxury Tours Japan.\" \/>\n<meta name=\"robots\" content=\"index, follow, max-snippet:-1, max-image-preview:large, max-video-preview:-1\" \/>\n<link rel=\"canonical\" href=\"https:\/\/luxurytoursjapan.com\/es\/\" \/>\n<meta property=\"og:locale\" content=\"es_ES\" \/>\n<meta property=\"og:type\" content=\"article\" \/>\n<meta property=\"og:title\" content=\"Find the beauty of Japan | luxury tours japan\" \/>\n<meta property=\"og:description\" content=\"Luxury Tours Japan arrange exclusive and unique cultural tours for you. Welcome to the exotic Japan. We will take you to extraordinary world. Luxury Tours Japan.\" \/>\n<meta property=\"og:url\" content=\"https:\/\/luxurytoursjapan.com\/es\/\" \/>\n<meta property=\"og:site_name\" content=\"luxury tours japan\" \/>\n<meta property=\"article:modified_time\" content=\"2022-02-17T10:18:47+00:00\" \/>\n<meta name=\"twitter:card\" content=\"summary_large_image\" \/>\n<meta name=\"twitter:label1\" content=\"Tiempo de lectura\" \/>\n\t<meta name=\"twitter:data1\" content=\"3 minutos\" \/>\n<script type=\"application\/ld+json\" class=\"yoast-schema-graph\">{\"@context\":\"https:\/\/schema.org\",\"@graph\":[{\"@type\":\"Organization\",\"@id\":\"https:\/\/luxurytoursjapan.com\/#organization\",\"name\":\"luxury tours japan\",\"url\":\"https:\/\/luxurytoursjapan.com\/\",\"sameAs\":[],\"logo\":{\"@type\":\"ImageObject\",\"@id\":\"https:\/\/luxurytoursjapan.com\/#logo\",\"inLanguage\":\"es\",\"url\":\"https:\/\/luxurytoursjapan.com\/wp-content\/uploads\/2019\/12\/logo-black.svg\",\"contentUrl\":\"https:\/\/luxurytoursjapan.com\/wp-content\/uploads\/2019\/12\/logo-black.svg\",\"width\":253,\"height\":35,\"caption\":\"luxury tours japan\"},\"image\":{\"@id\":\"https:\/\/luxurytoursjapan.com\/#logo\"}},{\"@type\":\"WebSite\",\"@id\":\"https:\/\/luxurytoursjapan.com\/#website\",\"url\":\"https:\/\/luxurytoursjapan.com\/\",\"name\":\"luxury tours japan\",\"description\":\"\",\"publisher\":{\"@id\":\"https:\/\/luxurytoursjapan.com\/#organization\"},\"potentialAction\":[{\"@type\":\"SearchAction\",\"target\":\"https:\/\/luxurytoursjapan.com\/?s={search_term_string}\",\"query-input\":\"required name=search_term_string\"}],\"inLanguage\":\"es\"},{\"@type\":\"WebPage\",\"@id\":\"https:\/\/luxurytoursjapan.com\/es\/#webpage\",\"url\":\"https:\/\/luxurytoursjapan.com\/es\/\",\"name\":\"Find the beauty of Japan | luxury tours japan\",\"isPartOf\":{\"@id\":\"https:\/\/luxurytoursjapan.com\/#website\"},\"datePublished\":\"2022-01-16T03:54:25+00:00\",\"dateModified\":\"2022-02-17T10:18:47+00:00\",\"description\":\"Luxury Tours Japan arrange exclusive and unique cultural tours for you. Welcome to the exotic Japan. We will take you to extraordinary world. Luxury Tours Japan.\",\"breadcrumb\":{\"@id\":\"https:\/\/luxurytoursjapan.com\/es\/#breadcrumb\"},\"inLanguage\":\"es\",\"potentialAction\":[{\"@type\":\"ReadAction\",\"target\":[\"https:\/\/luxurytoursjapan.com\/es\/\"]}]},{\"@type\":\"BreadcrumbList\",\"@id\":\"https:\/\/luxurytoursjapan.com\/es\/#breadcrumb\",\"itemListElement\":[{\"@type\":\"ListItem\",\"position\":1,\"name\":\"Home\",\"item\":\"https:\/\/luxurytoursjapan.com\/es\/\"},{\"@type\":\"ListItem\",\"position\":2,\"name\":\"Top\"}]}]}<\/script>\n<!-- \/ Yoast SEO plugin. -->","_links":{"self":[{"href":"https:\/\/luxurytoursjapan.com\/es\/wp-json\/wp\/v2\/pages\/4189"}],"collection":[{"href":"https:\/\/luxurytoursjapan.com\/es\/wp-json\/wp\/v2\/pages"}],"about":[{"href":"https:\/\/luxurytoursjapan.com\/es\/wp-json\/wp\/v2\/types\/page"}],"author":[{"embeddable":true,"href":"https:\/\/luxurytoursjapan.com\/es\/wp-json\/wp\/v2\/users\/1"}],"replies":[{"embeddable":true,"href":"https:\/\/luxurytoursjapan.com\/es\/wp-json\/wp\/v2\/comments?post=4189"}],"version-history":[{"count":7,"href":"https:\/\/luxurytoursjapan.com\/es\/wp-json\/wp\/v2\/pages\/4189\/revisions"}],"predecessor-version":[{"id":4986,"href":"https:\/\/luxurytoursjapan.com\/es\/wp-json\/wp\/v2\/pages\/4189\/revisions\/4986"}],"wp:attachment":[{"href":"https:\/\/luxurytoursjapan.com\/es\/wp-json\/wp\/v2\/media?parent=4189"}],"curies":[{"name":"wp","href":"https:\/\/api.w.org\/{rel}","templated":true}]}}