{"id":3680,"date":"2022-01-05T20:20:07","date_gmt":"2022-01-05T11:20:07","guid":{"rendered":"https:\/\/luxurytoursjapan.com\/top\/"},"modified":"2022-02-17T19:17:30","modified_gmt":"2022-02-17T10:17:30","slug":"top","status":"publish","type":"page","link":"https:\/\/luxurytoursjapan.com\/de\/","title":{"rendered":"Top"},"content":{"rendered":"<p><div class=\"fusion-fullwidth fullwidth-box fusion-builder-row-1 fusion-flex-container nonhundred-percent-fullwidth non-hundred-percent-height-scrolling\" style=\"background-color: rgba(255,255,255,0);background-position: center center;background-repeat: no-repeat;border-width: 0px 0px 0px 0px;border-color:#eae9e9;border-style:solid;\" ><div class=\"fusion-builder-row fusion-row fusion-flex-align-items-flex-start\" style=\"max-width:1144px;margin-left: calc(-4% \/ 2 );margin-right: calc(-4% \/ 2 );\"><div class=\"fusion-layout-column fusion_builder_column fusion-builder-column-0 fusion_builder_column_1_1 1_1 fusion-flex-column\"><div class=\"fusion-column-wrapper fusion-flex-justify-content-flex-start fusion-content-layout-column\" style=\"background-position:left top;background-repeat:no-repeat;-webkit-background-size:cover;-moz-background-size:cover;-o-background-size:cover;background-size:cover;padding: 0px 0px 0px 0px;\">\n<div class=\"fusion-slider-revolution rev_slider_wrapper\">\t\t\t<!-- START Top2 REVOLUTION SLIDER 6.5.15 --><p class=\"rs-p-wp-fix\"><\/p>\n\t\t\t<rs-module-wrap id=\"rev_slider_11_1_wrapper\" data-source=\"gallery\" style=\"visibility:hidden;background:transparent;padding:0;margin:0px auto;margin-top:0;margin-bottom:0;\">\n\t\t\t\t<rs-module id=\"rev_slider_11_1\" style=\"\" data-version=\"6.5.15\">\n\t\t\t\t\t<rs-slides>\n\t\t\t\t\t\t<rs-slide style=\"position: absolute;\" data-key=\"rs-54\" data-title=\"Slide\" data-duration=\"120000ms\" data-in=\"o:0;\" data-out=\"a:false;\">\n\t\t\t\t\t\t\t<img src=\"\/\/luxurytoursjapan.com\/wp-content\/plugins\/revslider\/public\/assets\/assets\/dummy.png\" alt=\"Slide\" title=\"Top\" class=\"rev-slidebg tp-rs-img rs-lazyload\" data-lazyload=\"\/\/luxurytoursjapan.com\/wp-content\/plugins\/revslider\/public\/assets\/assets\/transparent.png\" data-no-retina>\n<!--\n\t\t\t\t\t\t\t--><rs-layer\n\t\t\t\t\t\t\t\tid=\"slider-11-slide-54-layer-1\" \n\t\t\t\t\t\t\t\tclass=\"intrinsic-ignore\"\n\t\t\t\t\t\t\t\tdata-type=\"text\"\n\t\t\t\t\t\t\t\tdata-xy=\"x:c;y:m;\"\n\t\t\t\t\t\t\t\tdata-text=\"w:normal;\"\n\t\t\t\t\t\t\t\tdata-dim=\"w:100%;\"\n\t\t\t\t\t\t\t\tdata-basealign=\"slide\"\n\t\t\t\t\t\t\t\tdata-rsp_o=\"off\"\n\t\t\t\t\t\t\t\tdata-rsp_bd=\"off\"\n\t\t\t\t\t\t\t\tdata-frame_999=\"o:0;st:w;sR:4700;\"\n\t\t\t\t\t\t\t\tstyle=\"z-index:8;font-family:'Roboto';\"\n\t\t\t\t\t\t\t><iframe  type=\"text\/html\"  width=\"1920\" height=\"1080\" src=\"https:\/\/www.youtube.com\/embed\/jMsU6WXOF3o?&autoplay=1&mute=1&rel=0&frameborder=0&loop=1\"><\/iframe> \n\t\t\t\t\t\t\t<\/rs-layer><!--\n-->\t\t\t\t\t\t<\/rs-slide>\n\t\t\t\t\t\t<rs-slide style=\"position: absolute;\" data-key=\"rs-47\" data-title=\"Slide\" data-in=\"o:0;\" data-out=\"a:false;\">\n\t\t\t\t\t\t\t<img src=\"\/\/luxurytoursjapan.com\/wp-content\/plugins\/revslider\/public\/assets\/assets\/dummy.png\" alt=\"\" title=\"top_sakura-scaled-1.jpg\" width=\"1920\" height=\"1280\" class=\"rev-slidebg tp-rs-img rs-lazyload\" data-lazyload=\"\/\/luxurytoursjapan.com\/wp-content\/uploads\/revslider\/slider-2\/top_sakura-scaled-1.jpg\" data-no-retina>\n<!---->\t\t\t\t\t\t<\/rs-slide>\n\t\t\t\t\t\t<rs-slide style=\"position: absolute;\" data-key=\"rs-48\" data-title=\"Slide\" data-in=\"o:0;\" data-out=\"a:false;\">\n\t\t\t\t\t\t\t<img src=\"\/\/luxurytoursjapan.com\/wp-content\/plugins\/revslider\/public\/assets\/assets\/dummy.png\" alt=\"\" title=\"05\" width=\"1920\" height=\"1280\" class=\"rev-slidebg tp-rs-img rs-lazyload\" data-lazyload=\"\/\/luxurytoursjapan.com\/wp-content\/uploads\/2019\/12\/05-1.jpg\" data-panzoom=\"d:6000ms;ss:100;se:110%;\" data-no-retina>\n<!---->\t\t\t\t\t\t<\/rs-slide>\n\t\t\t\t\t\t<rs-slide style=\"position: absolute;\" data-key=\"rs-49\" data-title=\"Slide\" data-in=\"o:0;\" data-out=\"a:false;\">\n\t\t\t\t\t\t\t<img src=\"\/\/luxurytoursjapan.com\/wp-content\/plugins\/revslider\/public\/assets\/assets\/dummy.png\" alt=\"\" title=\"top03\" width=\"1920\" height=\"1280\" class=\"rev-slidebg tp-rs-img rs-lazyload\" data-lazyload=\"\/\/luxurytoursjapan.com\/wp-content\/uploads\/2021\/07\/top03.jpg\" data-panzoom=\"d:7000ms;ss:100;se:110%;\" data-no-retina>\n<!---->\t\t\t\t\t\t<\/rs-slide>\n\t\t\t\t\t\t<rs-slide style=\"position: absolute;\" data-key=\"rs-50\" data-title=\"Slide\" data-in=\"o:0;\" data-out=\"a:false;\">\n\t\t\t\t\t\t\t<img src=\"\/\/luxurytoursjapan.com\/wp-content\/plugins\/revslider\/public\/assets\/assets\/dummy.png\" alt=\"\" title=\"top04\" width=\"1920\" height=\"1280\" class=\"rev-slidebg tp-rs-img rs-lazyload\" data-lazyload=\"\/\/luxurytoursjapan.com\/wp-content\/uploads\/2021\/07\/top04-scaled.jpg\" data-panzoom=\"d:7000ms;ss:100;se:110%;\" data-no-retina>\n<!---->\t\t\t\t\t\t<\/rs-slide>\n\t\t\t\t\t\t<rs-slide style=\"position: absolute;\" data-key=\"rs-51\" data-title=\"Slide\" data-in=\"o:0;\" data-out=\"a:false;\">\n\t\t\t\t\t\t\t<img src=\"\/\/luxurytoursjapan.com\/wp-content\/plugins\/revslider\/public\/assets\/assets\/dummy.png\" alt=\"\" title=\"top05\" width=\"1106\" height=\"830\" class=\"rev-slidebg tp-rs-img rs-lazyload\" data-lazyload=\"\/\/luxurytoursjapan.com\/wp-content\/uploads\/2021\/07\/top05.jpg\" data-panzoom=\"d:7000ms;ss:100;se:110%;\" data-no-retina>\n<!---->\t\t\t\t\t\t<\/rs-slide>\n\t\t\t\t\t\t<rs-slide style=\"position: absolute;\" data-key=\"rs-52\" data-title=\"Slide\" data-in=\"o:0;\" data-out=\"a:false;\">\n\t\t\t\t\t\t\t<img src=\"\/\/luxurytoursjapan.com\/wp-content\/plugins\/revslider\/public\/assets\/assets\/dummy.png\" alt=\"\" title=\"top06\" width=\"1920\" height=\"1272\" class=\"rev-slidebg tp-rs-img rs-lazyload\" data-lazyload=\"\/\/luxurytoursjapan.com\/wp-content\/uploads\/2021\/07\/top06-scaled.jpg\" data-panzoom=\"d:7000ms;ss:100;se:110%;\" data-no-retina>\n<!---->\t\t\t\t\t\t<\/rs-slide>\n\t\t\t\t\t\t<rs-slide style=\"position: absolute;\" data-key=\"rs-53\" data-title=\"Slide\" data-in=\"o:0;\" data-out=\"a:false;\">\n\t\t\t\t\t\t\t<img src=\"\/\/luxurytoursjapan.com\/wp-content\/plugins\/revslider\/public\/assets\/assets\/dummy.png\" alt=\"\" title=\"top07\" width=\"950\" height=\"637\" class=\"rev-slidebg tp-rs-img rs-lazyload\" data-lazyload=\"\/\/luxurytoursjapan.com\/wp-content\/uploads\/2021\/07\/top07.jpg\" data-panzoom=\"d:7000ms;ss:100;se:110%;\" data-no-retina>\n<!---->\t\t\t\t\t\t<\/rs-slide>\n\t\t\t\t\t<\/rs-slides>\n\t\t\t\t\t<rs-static-layers><!--\n\t\t\t\t\t--><\/rs-static-layers>\n\t\t\t\t<\/rs-module>\n\t\t\t\t<script>\n\t\t\t\t\tsetREVStartSize({c: 'rev_slider_11_1',rl:[1240,1240,778,480],el:[1080,1080,960,600],gw:[1920,1920,778,480],gh:[1080,1080,450,280],type:'standard',justify:'',layout:'fullwidth',mh:\"0\"});if (window.RS_MODULES!==undefined && window.RS_MODULES.modules!==undefined && window.RS_MODULES.modules[\"revslider111\"]!==undefined) {window.RS_MODULES.modules[\"revslider111\"].once = false;window.revapi11 = undefined;if (window.RS_MODULES.checkMinimal!==undefined) window.RS_MODULES.checkMinimal()}\n\t\t\t\t<\/script>\n\t\t\t<\/rs-module-wrap>\n\t\t\t<!-- END REVOLUTION SLIDER -->\n<\/div><\/div><style type=\"text\/css\">.fusion-body .fusion-builder-column-0{width:100% !important;margin-top : 0px;margin-bottom : 20px;}.fusion-builder-column-0 > .fusion-column-wrapper {padding-top : 0px !important;padding-right : 0px !important;margin-right : 1.92%;padding-bottom : 0px !important;padding-left : 0px !important;margin-left : 1.92%;}@media only screen and (max-width:1024px) {.fusion-body .fusion-builder-column-0{width:100% !important;order : 0;}.fusion-builder-column-0 > .fusion-column-wrapper {margin-right : 1.92%;margin-left : 1.92%;}}@media only screen and (max-width:640px) {.fusion-body .fusion-builder-column-0{width:100% !important;order : 0;}.fusion-builder-column-0 > .fusion-column-wrapper {margin-right : 1.92%;margin-left : 1.92%;}}<\/style><\/div><\/div><style type=\"text\/css\">.fusion-body .fusion-flex-container.fusion-builder-row-1{ padding-top : 30px;margin-top : 0px;padding-right : 0px;padding-bottom : 0px;margin-bottom : 0px;padding-left : 0px;}@media only screen and (max-width:1024px) {.fusion-body .fusion-flex-container.fusion-builder-row-1{ padding-top : 0;padding-bottom : 0;}}@media only screen and (max-width:640px) {.fusion-body .fusion-flex-container.fusion-builder-row-1{ padding-top : 0;padding-bottom : 0;}}<\/style><\/div><div class=\"fusion-fullwidth fullwidth-box fusion-builder-row-2 fusion-flex-container top-main nonhundred-percent-fullwidth non-hundred-percent-height-scrolling\" style=\"background-color: rgba(255,255,255,0);background-position: center center;background-repeat: no-repeat;border-width: 0px 0px 0px 0px;border-color:#eae9e9;border-style:solid;\" ><div class=\"fusion-builder-row fusion-row fusion-flex-align-items-flex-start\" style=\"max-width:1144px;margin-left: calc(-4% \/ 2 );margin-right: calc(-4% \/ 2 );\"><div class=\"fusion-layout-column fusion_builder_column fusion-builder-column-1 fusion_builder_column_1_1 1_1 fusion-flex-column\"><div class=\"fusion-column-wrapper fusion-flex-justify-content-flex-start fusion-content-layout-column\" style=\"background-position:left top;background-repeat:no-repeat;-webkit-background-size:cover;-moz-background-size:cover;-o-background-size:cover;background-size:cover;padding: 0px 0px 0px 0px;\"><div class=\"page-content\">\n\t<div class=\"page-main-content\">\n\t\t<p>\n\t\t\tWir von Luxury Tours Japan halten es f\u00fcr enorm wichtig, beim Reisen in die Kultur des jeweiligen Reisezielseinzutauchen und das Land von innen heraus zu entdecken.<br>\n\t\t\t<br>\n\t\t\tUnsere Touren basieren auf einer breiten Palette kultureller Erlebnisse, mit denen neugierige Reisende aus erster Hand mit den allt\u00e4glichen Praktiken des japanischen Kunsthandwerks \u2013 bzw. der Gemeinschaft aus\n\t\t\tengagierten Machern, Kunsthandwerkern und K\u00fcnstlern \u2013 in Ber\u00fchrung kommen k\u00f6nnen, um auf diese Weise das reichhaltige Kultur- und Naturerbe Japans zu entdecken.<br>\n\t\t\t<br>\n\t\t\tDiese Touren konzentrieren sich weniger auf Ziele oder Sehensw\u00fcrdigkeiten, sondern auf das hautnahe Erleben der japanischen Kultur, wodurch authentische Erfahrungen, wertvolle Einblicke und echte Verbindungen zu den\n\t\t\tMenschen in Japan entstehen.<br>\n\t\t\t<br>\n\t\t\t\u201eLuxus\u201c bedeutet f\u00fcr uns, die Zeit und die Gelegenheit zu haben, sich mit Kunst und Kultur auseinanderzusetzen und durch diese Erfahrungen zu wachsen bzw. sich weiterzuentwickeln. Es bedeutet nicht\n\t\t\teinfach, in einem 5-Sterne-Hotel zu \u00fcbernachten oder Restaurants mit Michelin-Stern zu besuchen. Stattdessen sehen wir darin einzigartige Erlebnisse mit erfahrenen lokalen Fachleuten, mit denen sich Einblicke in deren\n\t\t\tKunstform bzw. exklusive Handwerkskunst erhalten lassen. Oder das \u00dcbernachten in einer Unterkunft, die etwas wirklich authentisches und einzigartiges zu bieten hat. Oder auch einen Restaurantbesuch, bei dem viel Wert\n\t\t\tauf Authentizit\u00e4t und Qualit\u00e4t gelegt wird \u2013 unabh\u00e4ngig davon, ob es sich dabei um eine kleine Hinterhofgastst\u00e4tte handelt, oder um ein teures und seit Jahrhunderten bew\u00e4hrtes Lokal in Kyoto.<br>\n\t\t<\/p>\n\t\t<h3 class=\"item-title\">Wir freuen uns darauf, mit Ihnen zusammen Japan zu entdecken.<\/h3>\n\t\t<div class=\"item-sepa\"><\/div>\n\t\t<p>\n\t\t\tLuxury Tours Japan wurde vor 15 Jahren gegr\u00fcndet, um Besuchern Japans tiefe kulturelle Erlebnisse zu erm\u00f6glichen. Seitdem haben wir mit Reiseagenturen auf der ganzen Welt zusammengearbeitet, um einzigartige\n\t\t\tkulturelle Programme anzubieten \u2013 sowohl f\u00fcr privat reisende Personen und Kleingruppen als auch f\u00fcr den Unternehmens-, MICE- sowie VIP-Bereich.<br>\n\t\t\t<br>\n\t\t\tNun bietet Luxury Tours Japan als lizenzierte Reiseagentur und DMC mit Gesch\u00e4ftsstellen in Tokyo und Kyoto vollst\u00e4ndig organisierte Touren f\u00fcr Besucher in Japan an. Wir nutzen unsere St\u00e4rken und unser umfangreiches\n\t\t\tNetzwerk aus f\u00fchrenden Kunsthandwerkern, Machern und Spezialisten aus ganz Japan, um Besuchern einzigartige Erlebnisse zu bieten, mit denen sie tiefe Einblicke in die japanische Kultur erhalten, auf die sie ohne\n\t\t\tlangfristige pers\u00f6nliche Beziehungen kaum Zugriff h\u00e4tten. Wir k\u00f6nnen T\u00fcren \u00f6ffnen und Verbindungen mit leidenschaftlichen Fachleuten herstellen, die nur darauf warten, ihre Werke aus der breiten Palette an\n\t\t\ttraditioneller japanischer Kunst mit Ihnen zu teilen.<br>\n\t\t\t<br>\n\t\t\tIm Rahmen dieser exklusiven Erlebnisse begleiten wir unsere Kunden durch ganz Japan, wo sie sowohl bekannte als auch weniger bekannte Pfade entdecken werden. Jede dieser Touren ist ganz auf die Bed\u00fcrfnisse und\n\t\t\tInteressen unserer Kunden zugeschnitten und bringt dabei die saisonale und nat\u00fcrliche Umgebung Japans zur Geltung. Unabh\u00e4ngig davon, ob unsere Kunden lieber in einem der modernsten japanischen Hotels \u00fcbernachten\n\t\t\toder von den Inhabern eines klassischen Ryokans in den Bergen begr\u00fc\u00dft werden m\u00f6chten \u2013 wir suchen f\u00fcr sie das Beste heraus und verbinden dieses Erlebnis mit einer gro\u00dfartigen Restaurantauswahl und professionellen\n\t\t\tbilingualen Reisef\u00fchrern.<br>\n\t\t\t<br>\n\t\t\tIn Anlehnung an Japans traditionelles Omotenashi-Konzept ist Luxury Tours Japan bestrebt, unseren Kunden einen einwandfreien Service voller Ehrlichkeit, Integrit\u00e4t und aufrichtiger Warmherzigkeit zu bieten. Wir\n\t\t\twerden uns stets bestm\u00f6glich und aus vollstem Herzen um unsere Kunden k\u00fcmmern und daf\u00fcr Sorge tragen, dass ihre Bed\u00fcrfnisse w\u00e4hrend der Reise erf\u00fcllt werden \u2013 so hoffen wir, dass sie eine unvergessliche Reise\n\t\t\terleben k\u00f6nnen, die ihnen auch nach der Abreise noch lange in Erinnerung bleiben wird.<br>\n\t\t\t<br>\n\t\t\tWir arbeiten sowohl mit individuellen Reisenden und Privatgruppen als auch mit H\u00e4ndlern zusammen.<br>\n\t\t\t<br>\n\t\t\tContact: inquiry@luxurytoursjapan.com\n\t\t<\/p>\n\t<\/div>\n<\/div><\/div><style type=\"text\/css\">.fusion-body .fusion-builder-column-1{width:100% !important;margin-top : 0px;margin-bottom : 20px;}.fusion-builder-column-1 > .fusion-column-wrapper {padding-top : 0px !important;padding-right : 0px !important;margin-right : 1.92%;padding-bottom : 0px !important;padding-left : 0px !important;margin-left : 1.92%;}@media only screen and (max-width:1024px) {.fusion-body .fusion-builder-column-1{width:100% !important;order : 0;}.fusion-builder-column-1 > .fusion-column-wrapper {margin-right : 1.92%;margin-left : 1.92%;}}@media only screen and (max-width:640px) {.fusion-body .fusion-builder-column-1{width:100% !important;order : 0;}.fusion-builder-column-1 > .fusion-column-wrapper {margin-right : 1.92%;margin-left : 1.92%;}}<\/style><\/div><\/div><style type=\"text\/css\">.fusion-body .fusion-flex-container.fusion-builder-row-2{ padding-top : 0px;margin-top : 0px;padding-right : 0px;padding-bottom : 0px;margin-bottom : 0px;padding-left : 0px;}<\/style><\/div><div class=\"fusion-fullwidth fullwidth-box fusion-builder-row-3 nonhundred-percent-fullwidth non-hundred-percent-height-scrolling\" style=\"background-color: rgba(255,255,255,0);background-image:radial-gradient(circle at center center, rgba(255,255,255,0) 15%,#e0e0e0 79%);background-position: center center;background-repeat: no-repeat;padding-top:20px;padding-right:0px;padding-bottom:20px;padding-left:0px;margin-bottom: 0px;margin-top: 0px;border-width: 0px 0px 0px 0px;border-color:#eae9e9;border-style:solid;\" ><div class=\"fusion-builder-row fusion-row\"><div class=\"fusion-layout-column fusion_builder_column fusion-builder-column-2 fusion_builder_column_1_1 1_1 fusion-one-full fusion-column-first fusion-column-last\" style=\"margin-top:0px;margin-bottom:0px;\"><div class=\"fusion-column-wrapper fusion-flex-column-wrapper-legacy\" style=\"background-position:left top;background-repeat:no-repeat;-webkit-background-size:cover;-moz-background-size:cover;-o-background-size:cover;background-size:cover;padding: 0px 0px 0px 0px;\"><style type=\"text\/css\">@media only screen and (max-width:800px) {.fusion-title.fusion-title-1{margin-top:0px!important;margin-bottom:10px!important;}}<\/style><div class=\"fusion-title title fusion-title-1 fusion-sep-none fusion-title-center fusion-title-text fusion-title-size-two\" style=\"font-size:20px;margin-top:0px;margin-right:0px;margin-bottom:10px;margin-left:0px;\"><h2 class=\"title-heading-center fusion-responsive-typography-calculated\" style=\"margin:0;font-size:1em;--fontSize:20;--minFontSize:20px;line-height:1;\">Find the beauty of Japan<\/h2><\/div><style type=\"text\/css\">@media only screen and (max-width:800px) {.fusion-title.fusion-title-2{margin-top:0px!important;margin-bottom:10px!important;}}<\/style><div class=\"fusion-title title fusion-title-2 fusion-sep-none fusion-title-center fusion-title-text fusion-title-size-two\" style=\"font-size:16px;margin-top:0px;margin-right:0px;margin-bottom:10px;margin-left:0px;\"><h2 class=\"title-heading-center fusion-responsive-typography-calculated\" style=\"margin:0;font-size:1em;--fontSize:16;--minFontSize:16px;line-height:1;\">Tailormade luxury tours<\/h2><\/div><style type=\"text\/css\">.fusion-title.fusion-title-3 .fusion-animated-texts-wrapper::before{background-color:#000000!important}@media only screen and (max-width:800px) {.fusion-title.fusion-title-3{margin-top:!important;margin-bottom:0px!important;}}<\/style><div class=\"fusion-title title fusion-title-3 fusion-sep-none fusion-title-center fusion-title-rotating fusion-loop-off fusion-title-typeIn fusion-title-size-two\" style=\"font-size:16px;margin-top:0px;margin-right:0px;margin-bottom:0px;margin-left:0px;\"><h2 class=\"title-heading-center fusion-responsive-typography-calculated\" style=\"margin:0;font-size:1em;color:#000000;--fontSize:16;--minFontSize:16px;line-height:1.5;\"><span class=\"fusion-animated-text-prefix\"><\/span> <span class=\"fusion-animated-texts-wrapper fusion-responsive-typography-calculated\" style=\"color:#000000;--fontSize:16;--minFontSize:16px;font-size:16px;text-align: center;\" data-length=\"char\" data-minDisplayTime=\"1200\"><span class=\"fusion-animated-texts\"><span data-in-effect=\"typeIn\" class=\"fusion-animated-text\" data-in-sequence=\"true\" data-out-reverse=\"true\" data-out-effect=\"typeOut\">Art &amp; culture, Artisans, Food culture<\/span><\/span><\/span> <span class=\"fusion-animated-text-postfix\"><\/span><\/h2><\/div><div class=\"fusion-clearfix\"><\/div><\/div><\/div><\/div><\/div><\/p>\n","protected":false},"excerpt":{"rendered":"","protected":false},"author":1,"featured_media":0,"parent":0,"menu_order":0,"comment_status":"closed","ping_status":"closed","template":"100-width.php","meta":[],"yoast_head":"<!-- This site is optimized with the Yoast SEO plugin v16.5 - https:\/\/yoast.com\/wordpress\/plugins\/seo\/ -->\n<title>Find the beauty of Japan | luxury tours japan<\/title>\n<meta name=\"description\" content=\"Luxury Tours Japan arrange exclusive and unique cultural tours for you. Welcome to the exotic Japan. We will take you to extraordinary world. Luxury Tours Japan.\" \/>\n<meta name=\"robots\" content=\"index, follow, max-snippet:-1, max-image-preview:large, max-video-preview:-1\" \/>\n<link rel=\"canonical\" href=\"https:\/\/luxurytoursjapan.com\/de\/\" \/>\n<meta property=\"og:locale\" content=\"de_DE\" \/>\n<meta property=\"og:type\" content=\"article\" \/>\n<meta property=\"og:title\" content=\"Find the beauty of Japan | luxury tours japan\" \/>\n<meta property=\"og:description\" content=\"Luxury Tours Japan arrange exclusive and unique cultural tours for you. Welcome to the exotic Japan. We will take you to extraordinary world. Luxury Tours Japan.\" \/>\n<meta property=\"og:url\" content=\"https:\/\/luxurytoursjapan.com\/de\/\" \/>\n<meta property=\"og:site_name\" content=\"luxury tours japan\" \/>\n<meta property=\"article:modified_time\" content=\"2022-02-17T10:17:30+00:00\" \/>\n<meta name=\"twitter:card\" content=\"summary_large_image\" \/>\n<meta name=\"twitter:label1\" content=\"Gesch\u00e4tzte Lesezeit\" \/>\n\t<meta name=\"twitter:data1\" content=\"3\u00a0Minuten\" \/>\n<script type=\"application\/ld+json\" class=\"yoast-schema-graph\">{\"@context\":\"https:\/\/schema.org\",\"@graph\":[{\"@type\":\"Organization\",\"@id\":\"https:\/\/luxurytoursjapan.com\/#organization\",\"name\":\"luxury tours japan\",\"url\":\"https:\/\/luxurytoursjapan.com\/\",\"sameAs\":[],\"logo\":{\"@type\":\"ImageObject\",\"@id\":\"https:\/\/luxurytoursjapan.com\/#logo\",\"inLanguage\":\"de\",\"url\":\"https:\/\/luxurytoursjapan.com\/wp-content\/uploads\/2019\/12\/logo-black.svg\",\"contentUrl\":\"https:\/\/luxurytoursjapan.com\/wp-content\/uploads\/2019\/12\/logo-black.svg\",\"width\":253,\"height\":35,\"caption\":\"luxury tours japan\"},\"image\":{\"@id\":\"https:\/\/luxurytoursjapan.com\/#logo\"}},{\"@type\":\"WebSite\",\"@id\":\"https:\/\/luxurytoursjapan.com\/#website\",\"url\":\"https:\/\/luxurytoursjapan.com\/\",\"name\":\"luxury tours japan\",\"description\":\"\",\"publisher\":{\"@id\":\"https:\/\/luxurytoursjapan.com\/#organization\"},\"potentialAction\":[{\"@type\":\"SearchAction\",\"target\":\"https:\/\/luxurytoursjapan.com\/?s={search_term_string}\",\"query-input\":\"required name=search_term_string\"}],\"inLanguage\":\"de\"},{\"@type\":\"WebPage\",\"@id\":\"https:\/\/luxurytoursjapan.com\/de\/#webpage\",\"url\":\"https:\/\/luxurytoursjapan.com\/de\/\",\"name\":\"Find the beauty of Japan | luxury tours japan\",\"isPartOf\":{\"@id\":\"https:\/\/luxurytoursjapan.com\/#website\"},\"datePublished\":\"2022-01-05T11:20:07+00:00\",\"dateModified\":\"2022-02-17T10:17:30+00:00\",\"description\":\"Luxury Tours Japan arrange exclusive and unique cultural tours for you. Welcome to the exotic Japan. We will take you to extraordinary world. Luxury Tours Japan.\",\"breadcrumb\":{\"@id\":\"https:\/\/luxurytoursjapan.com\/de\/#breadcrumb\"},\"inLanguage\":\"de\",\"potentialAction\":[{\"@type\":\"ReadAction\",\"target\":[\"https:\/\/luxurytoursjapan.com\/de\/\"]}]},{\"@type\":\"BreadcrumbList\",\"@id\":\"https:\/\/luxurytoursjapan.com\/de\/#breadcrumb\",\"itemListElement\":[{\"@type\":\"ListItem\",\"position\":1,\"name\":\"Home\",\"item\":\"https:\/\/luxurytoursjapan.com\/de\/\"},{\"@type\":\"ListItem\",\"position\":2,\"name\":\"Top\"}]}]}<\/script>\n<!-- \/ Yoast SEO plugin. -->","_links":{"self":[{"href":"https:\/\/luxurytoursjapan.com\/de\/wp-json\/wp\/v2\/pages\/3680"}],"collection":[{"href":"https:\/\/luxurytoursjapan.com\/de\/wp-json\/wp\/v2\/pages"}],"about":[{"href":"https:\/\/luxurytoursjapan.com\/de\/wp-json\/wp\/v2\/types\/page"}],"author":[{"embeddable":true,"href":"https:\/\/luxurytoursjapan.com\/de\/wp-json\/wp\/v2\/users\/1"}],"replies":[{"embeddable":true,"href":"https:\/\/luxurytoursjapan.com\/de\/wp-json\/wp\/v2\/comments?post=3680"}],"version-history":[{"count":5,"href":"https:\/\/luxurytoursjapan.com\/de\/wp-json\/wp\/v2\/pages\/3680\/revisions"}],"predecessor-version":[{"id":4982,"href":"https:\/\/luxurytoursjapan.com\/de\/wp-json\/wp\/v2\/pages\/3680\/revisions\/4982"}],"wp:attachment":[{"href":"https:\/\/luxurytoursjapan.com\/de\/wp-json\/wp\/v2\/media?parent=3680"}],"curies":[{"name":"wp","href":"https:\/\/api.w.org\/{rel}","templated":true}]}}